{"id":4341,"date":"2024-03-06T14:01:50","date_gmt":"2024-03-06T13:01:50","guid":{"rendered":"https:\/\/thomas-hoogwerkers.be\/disclaimer-2\/"},"modified":"2025-03-17T09:15:55","modified_gmt":"2025-03-17T08:15:55","slug":"disclaimer-2","status":"publish","type":"page","link":"https:\/\/thomas-ufkes.com\/de\/disclaimer-2\/","title":{"rendered":"Disclaimer"},"content":{"rendered":"\t\t<div data-elementor-type=\"wp-page\" data-elementor-id=\"4341\" class=\"elementor elementor-4341 elementor-653\" data-elementor-post-type=\"page\">\n\t\t\t\t<div class=\"elementor-element elementor-element-9dadded e-flex e-con-boxed e-con e-parent\" data-id=\"9dadded\" data-element_type=\"container\">\n\t\t\t\t\t<div class=\"e-con-inner\">\n\t\t\t\t<div class=\"elementor-element elementor-element-e70dc2d elementor-widget elementor-widget-text-editor\" data-id=\"e70dc2d\" data-element_type=\"widget\" data-widget_type=\"text-editor.default\">\n\t\t\t\t<div class=\"elementor-widget-container\">\n\t\t\t\t\t\t\t\t\t<p>Diese Website ist Eigentum von Thomas Hoogwerkers BV (\u201eThomas Hoogwerkers\u201c)<br>Brusselsesteenweg 136<br>1785 Merchtem<br>Tel: 052 37 10 05<br>E-mail: info@thomas-hoogwerkers.be<\/p>\n<h2>Rechte an geistigem Eigentum<\/h2>\n<p>Alle Texte, Dokumente und Fotos auf dieser Website sind durch geistige Rechte gesch\u00fctzt und geh\u00f6ren Thomas Hoogwerkers oder berechtigten Dritten. Die vollst\u00e4ndige oder teilweise Vervielf\u00e4ltigung der Informationen auf der Website ist kostenlos, sofern die Quelle angegeben wird. <\/p>\n<h2>Begrenzung der Haftung<\/h2>\n<p>Die Informationen auf dieser Website sind allgemeiner Natur. Die Informationen sind nicht auf pers\u00f6nliche oder spezifische Umst\u00e4nde zugeschnitten und k\u00f6nnen daher nicht als pers\u00f6nliche, berufliche oder rechtliche Beratung des Nutzers angesehen werden. <\/p>\n<p>Thomas Hoogwerkers unternimmt gro\u00dfe Anstrengungen, damit die zur Verf\u00fcgung gestellten Informationen vollst\u00e4ndig, richtig, genau und aktuell sind. Trotz dieser Bem\u00fchungen kann es zu Ungenauigkeiten in den bereitgestellten Informationen kommen. Sollten die bereitgestellten Informationen Ungenauigkeiten enthalten oder sollten bestimmte Informationen auf oder \u00fcber die Website nicht verf\u00fcgbar sein, wird Thomas Hoogwerkers sich bem\u00fchen, dies so schnell wie m\u00f6glich zu korrigieren.  <\/p>\n<p>Thomas Hoogwerkers kann jedoch nicht f\u00fcr direkte oder indirekte Sch\u00e4den haftbar gemacht werden, die sich aus der Nutzung der Informationen auf dieser Website ergeben. Sollten Sie Ungenauigkeiten in den \u00fcber die Website bereitgestellten Informationen feststellen, wenden Sie sich bitte an den Administrator der Website. <\/p>\n<p>Der Inhalt der Website (einschlie\u00dflich der Links) kann jederzeit und ohne Vorank\u00fcndigung oder Benachrichtigung angepasst, ge\u00e4ndert oder erg\u00e4nzt werden. Thomas Hoogwerkers&nbsp;garantiert nicht f\u00fcr das ordnungsgem\u00e4\u00dfe Funktionieren der Website und kann in keiner Weise f\u00fcr Funktionsst\u00f6rungen oder die vor\u00fcbergehende (Nicht-)Verf\u00fcgbarkeit der Website oder f\u00fcr irgendeine Form von direktem oder indirektem Schaden haftbar gemacht werden, der sich aus dem Zugang zu oder der Nutzung der Website ergeben w\u00fcrde. <\/p>\n<p>Thomas Hoogwerkers&nbsp;kann in keinem Fall gegen\u00fcber irgendjemandem, direkt oder indirekt, speziell oder anderweitig, f\u00fcr Sch\u00e4den haftbar gemacht werden, die auf die Nutzung dieser oder einer anderen Website infolge von Links oder Hyperlinks zur\u00fcckzuf\u00fchren sind, einschlie\u00dflich, ohne Einschr\u00e4nkung, jeglicher Verluste, Arbeitsunterbrechungen, Sch\u00e4den an Programmen oder anderen Daten auf dem Computersystem, der Ausr\u00fcstung oder anderen des Nutzers.<\/p>\n<p>Die Website kann Hyperlinks zu Websites oder Seiten Dritter enthalten oder indirekt auf sie verweisen. Die Aufnahme von Links zu diesen Websites oder Seiten bedeutet in keiner Weise eine implizite Zustimmung zu deren Inhalt. <\/p>\n<p>Thomas Hoogwerkers&nbsp;erkl\u00e4rt ausdr\u00fccklich, dass es keine Kontrolle \u00fcber den Inhalt oder andere Eigenschaften dieser Websites hat und in keinem Fall f\u00fcr deren Inhalt oder Eigenschaften oder f\u00fcr irgendeine andere Form von Sch\u00e4den, die sich aus deren Nutzung ergeben, haftbar gemacht werden kann.<\/p>\n<h2>Anwendbares Recht und zust\u00e4ndige Gerichte<\/h2>\n<p>Diese Website unterliegt dem belgischen Recht. Im Falle eines Rechtsstreits sind ausschlie\u00dflich die Gerichte in Br\u00fcssel zust\u00e4ndig. <\/p>\n<h2>Google Analytics und Cookies<\/h2>\n<p>Diese Website benutzt Google Analytics, einen Webanalysedienst der Google Inc (\u201eGoogle\u201c). Google Analytics verwendet sog. \u201eCookies\u201c (Textdateien, die auf Ihrem Computer gespeichert werden), die eine Analyse der Benutzung der Website durch Sie erm\u00f6glichen. Die durch den Cookie erzeugten Informationen \u00fcber Ihre Benutzung dieser Website (einschlie\u00dflich Ihrer IP-Adresse) werden an einen Server von Google in den Vereinigten Staaten \u00fcbertragen und dort gespeichert. Google verwendet diese Informationen, um zu verfolgen, wie Sie die Website nutzen, um Berichte \u00fcber die Website-Aktivit\u00e4ten f\u00fcr die Website-Betreiber zu erstellen und um weitere Dienstleistungen in Bezug auf die Website-Aktivit\u00e4ten und die Internetnutzung zu erbringen. Auch wird Google diese Informationen gegebenenfalls an Dritte \u00fcbertragen, sofern dies gesetzlich vorgeschrieben ist oder soweit Dritte diese Daten im Auftrag von Google verarbeiten. Google wird Ihre IP-Adresse nicht mit anderen von Google gespeicherten Daten kombinieren. Sie k\u00f6nnen die Verwendung von Cookies ablehnen, indem Sie die entsprechenden Einstellungen in Ihrem Browser vornehmen. Dies kann jedoch die vollst\u00e4ndige Nutzung der Website verhindern. Durch die Nutzung dieser Website erkl\u00e4ren Sie sich mit der Bearbeitung der \u00fcber Sie erhobenen Daten durch Google in der zuvor beschriebenen Art und Weise und zu dem zuvor benannten Zweck einverstanden.         <\/p>\n<h2>Remarketing<\/h2>\n<p>Thomas Hoogwerkers&nbsp;verwendet Remarketing oder \u00e4hnliches Targeting, um online zu werben und Ihnen die relevantesten Anzeigen durch Drittanbieter, einschlie\u00dflich Google, zu zeigen. Diese Anzeigen werden auf Websites im gesamten Internet geschaltet. <\/p>\n<p>Diese Drittanbieter, einschlie\u00dflich Google, verwenden Cookies, um Anzeigen zu schalten, die auf fr\u00fcheren Besuchen der Nutzer auf unserer Website basieren.<\/p>\n<p>Wenn Sie die Verwendung von Google-Cookies ablehnen m\u00f6chten, k\u00f6nnen Sie dies \u00fcber \u201eWerbeeinstellungen verwalten\u201c tun. Sie k\u00f6nnen au\u00dferdem Cookies von Drittanbietern ablehnen, indem Sie die Deaktivierungsseite der \u201eNetwork Advertising Initiative\u201c besuchen. <\/p>\t\t\t\t\t\t\t\t<\/div>\n\t\t\t\t<\/div>\n\t\t\t\t\t<\/div>\n\t\t\t\t<\/div>\n\t\t\t\t<\/div>\n\t\t","protected":false},"excerpt":{"rendered":"<p>Diese Website ist Eigentum von Thomas Hoogwerkers BV (\u201eThomas Hoogwerkers\u201c)Brusselsesteenweg 1361785 MerchtemTel: 052 37 10 05E-mail: info@thomas-hoogwerkers.be Rechte an geistigem Eigentum Alle Texte, Dokumente und Fotos auf dieser Website sind durch geistige Rechte gesch\u00fctzt und geh\u00f6ren Thomas Hoogwerkers oder berechtigten Dritten. Die vollst\u00e4ndige oder teilweise Vervielf\u00e4ltigung der Informationen auf der Website ist kostenlos, sofern die [&hellip;]<\/p>\n","protected":false},"author":4,"featured_media":0,"parent":0,"menu_order":0,"comment_status":"closed","ping_status":"closed","template":"","meta":{"footnotes":""},"class_list":["post-4341","page","type-page","status-publish","hentry"],"yoast_head":"<!-- This site is optimized with the Yoast SEO plugin v26.8 - https:\/\/yoast.com\/product\/yoast-seo-wordpress\/ -->\n<title>Disclaimer - Thomas &amp; Ufkes<\/title>\n<meta name=\"robots\" content=\"index, follow, max-snippet:-1, max-image-preview:large, max-video-preview:-1\" \/>\n<link rel=\"canonical\" href=\"https:\/\/thomas-ufkes.com\/de\/disclaimer-2\/\" \/>\n<meta property=\"og:locale\" content=\"de_DE\" \/>\n<meta property=\"og:type\" content=\"article\" \/>\n<meta property=\"og:title\" content=\"Disclaimer - Thomas &amp; Ufkes\" \/>\n<meta property=\"og:description\" content=\"Diese Website ist Eigentum von Thomas Hoogwerkers BV (\u201eThomas Hoogwerkers\u201c)Brusselsesteenweg 1361785 MerchtemTel: 052 37 10 05E-mail: info@thomas-hoogwerkers.be Rechte an geistigem Eigentum Alle Texte, Dokumente und Fotos auf dieser Website sind durch geistige Rechte gesch\u00fctzt und geh\u00f6ren Thomas Hoogwerkers oder berechtigten Dritten. Die vollst\u00e4ndige oder teilweise Vervielf\u00e4ltigung der Informationen auf der Website ist kostenlos, sofern die [&hellip;]\" \/>\n<meta property=\"og:url\" content=\"https:\/\/thomas-ufkes.com\/de\/disclaimer-2\/\" \/>\n<meta property=\"og:site_name\" content=\"Thomas &amp; Ufkes\" \/>\n<meta property=\"article:modified_time\" content=\"2025-03-17T08:15:55+00:00\" \/>\n<meta name=\"twitter:card\" content=\"summary_large_image\" \/>\n<meta name=\"twitter:label1\" content=\"Gesch\u00e4tzte Lesezeit\" \/>\n\t<meta name=\"twitter:data1\" content=\"4\u00a0Minuten\" \/>\n<script type=\"application\/ld+json\" class=\"yoast-schema-graph\">{\"@context\":\"https:\/\/schema.org\",\"@graph\":[{\"@type\":\"WebPage\",\"@id\":\"https:\/\/thomas-ufkes.com\/de\/disclaimer-2\/\",\"url\":\"https:\/\/thomas-ufkes.com\/de\/disclaimer-2\/\",\"name\":\"Disclaimer - Thomas &amp; Ufkes\",\"isPartOf\":{\"@id\":\"https:\/\/thomas-ufkes.com\/de\/#website\"},\"datePublished\":\"2024-03-06T13:01:50+00:00\",\"dateModified\":\"2025-03-17T08:15:55+00:00\",\"breadcrumb\":{\"@id\":\"https:\/\/thomas-ufkes.com\/de\/disclaimer-2\/#breadcrumb\"},\"inLanguage\":\"de\",\"potentialAction\":[{\"@type\":\"ReadAction\",\"target\":[\"https:\/\/thomas-ufkes.com\/de\/disclaimer-2\/\"]}]},{\"@type\":\"BreadcrumbList\",\"@id\":\"https:\/\/thomas-ufkes.com\/de\/disclaimer-2\/#breadcrumb\",\"itemListElement\":[{\"@type\":\"ListItem\",\"position\":1,\"name\":\"Home\",\"item\":\"https:\/\/thomas-ufkes.com\/de\/home-2\/\"},{\"@type\":\"ListItem\",\"position\":2,\"name\":\"Disclaimer\"}]},{\"@type\":\"WebSite\",\"@id\":\"https:\/\/thomas-ufkes.com\/de\/#website\",\"url\":\"https:\/\/thomas-ufkes.com\/de\/\",\"name\":\"Thomas &amp; Ufkes\",\"description\":\"\",\"publisher\":{\"@id\":\"https:\/\/thomas-ufkes.com\/de\/#organization\"},\"potentialAction\":[{\"@type\":\"SearchAction\",\"target\":{\"@type\":\"EntryPoint\",\"urlTemplate\":\"https:\/\/thomas-ufkes.com\/de\/?s={search_term_string}\"},\"query-input\":{\"@type\":\"PropertyValueSpecification\",\"valueRequired\":true,\"valueName\":\"search_term_string\"}}],\"inLanguage\":\"de\"},{\"@type\":\"Organization\",\"@id\":\"https:\/\/thomas-ufkes.com\/de\/#organization\",\"name\":\"Thomas &amp; Ufkes\",\"url\":\"https:\/\/thomas-ufkes.com\/de\/\",\"logo\":{\"@type\":\"ImageObject\",\"inLanguage\":\"de\",\"@id\":\"https:\/\/thomas-ufkes.com\/de\/#\/schema\/logo\/image\/\",\"url\":\"https:\/\/thomas-ufkes.com\/wp-content\/uploads\/2022\/07\/Website-hoofding-1-e1767694075143.png\",\"contentUrl\":\"https:\/\/thomas-ufkes.com\/wp-content\/uploads\/2022\/07\/Website-hoofding-1-e1767694075143.png\",\"width\":233,\"height\":100,\"caption\":\"Thomas &amp; Ufkes\"},\"image\":{\"@id\":\"https:\/\/thomas-ufkes.com\/de\/#\/schema\/logo\/image\/\"}}]}<\/script>\n<!-- \/ Yoast SEO plugin. -->","yoast_head_json":{"title":"Disclaimer - Thomas &amp; Ufkes","robots":{"index":"index","follow":"follow","max-snippet":"max-snippet:-1","max-image-preview":"max-image-preview:large","max-video-preview":"max-video-preview:-1"},"canonical":"https:\/\/thomas-ufkes.com\/de\/disclaimer-2\/","og_locale":"de_DE","og_type":"article","og_title":"Disclaimer - Thomas &amp; Ufkes","og_description":"Diese Website ist Eigentum von Thomas Hoogwerkers BV (\u201eThomas Hoogwerkers\u201c)Brusselsesteenweg 1361785 MerchtemTel: 052 37 10 05E-mail: info@thomas-hoogwerkers.be Rechte an geistigem Eigentum Alle Texte, Dokumente und Fotos auf dieser Website sind durch geistige Rechte gesch\u00fctzt und geh\u00f6ren Thomas Hoogwerkers oder berechtigten Dritten. Die vollst\u00e4ndige oder teilweise Vervielf\u00e4ltigung der Informationen auf der Website ist kostenlos, sofern die [&hellip;]","og_url":"https:\/\/thomas-ufkes.com\/de\/disclaimer-2\/","og_site_name":"Thomas &amp; Ufkes","article_modified_time":"2025-03-17T08:15:55+00:00","twitter_card":"summary_large_image","twitter_misc":{"Gesch\u00e4tzte Lesezeit":"4\u00a0Minuten"},"schema":{"@context":"https:\/\/schema.org","@graph":[{"@type":"WebPage","@id":"https:\/\/thomas-ufkes.com\/de\/disclaimer-2\/","url":"https:\/\/thomas-ufkes.com\/de\/disclaimer-2\/","name":"Disclaimer - Thomas &amp; Ufkes","isPartOf":{"@id":"https:\/\/thomas-ufkes.com\/de\/#website"},"datePublished":"2024-03-06T13:01:50+00:00","dateModified":"2025-03-17T08:15:55+00:00","breadcrumb":{"@id":"https:\/\/thomas-ufkes.com\/de\/disclaimer-2\/#breadcrumb"},"inLanguage":"de","potentialAction":[{"@type":"ReadAction","target":["https:\/\/thomas-ufkes.com\/de\/disclaimer-2\/"]}]},{"@type":"BreadcrumbList","@id":"https:\/\/thomas-ufkes.com\/de\/disclaimer-2\/#breadcrumb","itemListElement":[{"@type":"ListItem","position":1,"name":"Home","item":"https:\/\/thomas-ufkes.com\/de\/home-2\/"},{"@type":"ListItem","position":2,"name":"Disclaimer"}]},{"@type":"WebSite","@id":"https:\/\/thomas-ufkes.com\/de\/#website","url":"https:\/\/thomas-ufkes.com\/de\/","name":"Thomas &amp; Ufkes","description":"","publisher":{"@id":"https:\/\/thomas-ufkes.com\/de\/#organization"},"potentialAction":[{"@type":"SearchAction","target":{"@type":"EntryPoint","urlTemplate":"https:\/\/thomas-ufkes.com\/de\/?s={search_term_string}"},"query-input":{"@type":"PropertyValueSpecification","valueRequired":true,"valueName":"search_term_string"}}],"inLanguage":"de"},{"@type":"Organization","@id":"https:\/\/thomas-ufkes.com\/de\/#organization","name":"Thomas &amp; Ufkes","url":"https:\/\/thomas-ufkes.com\/de\/","logo":{"@type":"ImageObject","inLanguage":"de","@id":"https:\/\/thomas-ufkes.com\/de\/#\/schema\/logo\/image\/","url":"https:\/\/thomas-ufkes.com\/wp-content\/uploads\/2022\/07\/Website-hoofding-1-e1767694075143.png","contentUrl":"https:\/\/thomas-ufkes.com\/wp-content\/uploads\/2022\/07\/Website-hoofding-1-e1767694075143.png","width":233,"height":100,"caption":"Thomas &amp; Ufkes"},"image":{"@id":"https:\/\/thomas-ufkes.com\/de\/#\/schema\/logo\/image\/"}}]}},"_links":{"self":[{"href":"https:\/\/thomas-ufkes.com\/de\/wp-json\/wp\/v2\/pages\/4341","targetHints":{"allow":["GET"]}}],"collection":[{"href":"https:\/\/thomas-ufkes.com\/de\/wp-json\/wp\/v2\/pages"}],"about":[{"href":"https:\/\/thomas-ufkes.com\/de\/wp-json\/wp\/v2\/types\/page"}],"author":[{"embeddable":true,"href":"https:\/\/thomas-ufkes.com\/de\/wp-json\/wp\/v2\/users\/4"}],"replies":[{"embeddable":true,"href":"https:\/\/thomas-ufkes.com\/de\/wp-json\/wp\/v2\/comments?post=4341"}],"version-history":[{"count":1,"href":"https:\/\/thomas-ufkes.com\/de\/wp-json\/wp\/v2\/pages\/4341\/revisions"}],"predecessor-version":[{"id":4342,"href":"https:\/\/thomas-ufkes.com\/de\/wp-json\/wp\/v2\/pages\/4341\/revisions\/4342"}],"wp:attachment":[{"href":"https:\/\/thomas-ufkes.com\/de\/wp-json\/wp\/v2\/media?parent=4341"}],"curies":[{"name":"wp","href":"https:\/\/api.w.org\/{rel}","templated":true}]}}