{"id":4349,"date":"2025-01-24T09:34:17","date_gmt":"2025-01-24T08:34:17","guid":{"rendered":"https:\/\/thomas-hoogwerkers.be\/newsletter\/"},"modified":"2025-10-23T15:13:25","modified_gmt":"2025-10-23T14:13:25","slug":"newsletter","status":"publish","type":"page","link":"https:\/\/thomas-ufkes.com\/de\/newsletter\/","title":{"rendered":"Newsletter"},"content":{"rendered":"\t\t<div data-elementor-type=\"wp-page\" data-elementor-id=\"4349\" class=\"elementor elementor-4349 elementor-3907\" data-elementor-post-type=\"page\">\n\t\t\t\t<div class=\"elementor-element elementor-element-92a3460 e-con-full e-flex e-con e-parent\" data-id=\"92a3460\" data-element_type=\"container\" data-settings=\"{&quot;background_background&quot;:&quot;classic&quot;}\">\n\t\t\t\t<div class=\"elementor-element elementor-element-a536e2e elementor-widget elementor-widget-heading\" data-id=\"a536e2e\" data-element_type=\"widget\" data-widget_type=\"heading.default\">\n\t\t\t\t<div class=\"elementor-widget-container\">\n\t\t\t\t\t<h1 class=\"elementor-heading-title elementor-size-default\">Newsletter<\/h1>\t\t\t\t<\/div>\n\t\t\t\t<\/div>\n\t\t\t\t<\/div>\n\t\t<div class=\"elementor-element elementor-element-3268d3d e-flex e-con-boxed e-con e-parent\" data-id=\"3268d3d\" data-element_type=\"container\">\n\t\t\t\t\t<div class=\"e-con-inner\">\n\t\t\t\t<div class=\"elementor-element elementor-element-36a6903 elementor-widget elementor-widget-text-editor\" data-id=\"36a6903\" data-element_type=\"widget\" data-widget_type=\"text-editor.default\">\n\t\t\t\t<div class=\"elementor-widget-container\">\n\t\t\t\t\t\t\t\t\t<p>M\u00f6chten Sie \u00fcber die neuesten Nachrichten, Updates zu unseren Produkten, Sonderangebote und zuk\u00fcnftige Messen informiert werden? Verpassen Sie nichts und erfahren Sie immer als Erster von unseren neuen Projekten und Innovationen. Abonnieren Sie jetzt!  <\/p>\n\t\t\t\t\t\t\t\t<\/div>\n\t\t\t\t<\/div>\n\t\t\t\t\t<\/div>\n\t\t\t\t<\/div>\n\t\t<div class=\"elementor-element elementor-element-269dfa8 e-flex e-con-boxed e-con e-parent\" data-id=\"269dfa8\" data-element_type=\"container\">\n\t\t\t\t\t<div class=\"e-con-inner\">\n\t\t\t\t<div class=\"elementor-element elementor-element-77ce752 nieuwsbrief-form elementor-widget elementor-widget-shortcode\" data-id=\"77ce752\" data-element_type=\"widget\" data-widget_type=\"shortcode.default\">\n\t\t\t\t<div class=\"elementor-widget-container\">\n\t\t\t\t\t\t\t<div class=\"elementor-shortcode\"><div class=\"forminator-ui forminator-custom-form forminator-custom-form-4625 forminator-design--flat  forminator_ajax\" data-forminator-render=\"0\" data-form=\"forminator-module-4625\" data-uid=\"69e468f2a96b2\"><br\/><\/div><form\n\t\t\t\tid=\"forminator-module-4625\"\n\t\t\t\tclass=\"forminator-ui forminator-custom-form forminator-custom-form-4625 forminator-design--flat  forminator_ajax\"\n\t\t\t\tmethod=\"post\"\n\t\t\t\tdata-forminator-render=\"0\"\n\t\t\t\tdata-form-id=\"4625\"\n\t\t\t\t data-color-option=\"default\" data-design=\"flat\" data-grid=\"open\" style=\"display: none;\"\n\t\t\t\tdata-uid=\"69e468f2a96b2\"\n\t\t\t><div role=\"alert\" aria-live=\"polite\" class=\"forminator-response-message forminator-error\" aria-hidden=\"true\"><\/div><div class=\"forminator-row\"><div id=\"name-1\" class=\"forminator-field-name forminator-col forminator-col-12 \"><div class=\"forminator-field\"><label for=\"forminator-field-name-1_69e468f2a96b2\" id=\"forminator-field-name-1_69e468f2a96b2-label\" class=\"forminator-label\">Vorname <span class=\"forminator-required\">*<\/span><\/label><input type=\"text\" name=\"name-1\" value=\"\" placeholder=\"\" id=\"forminator-field-name-1_69e468f2a96b2\" class=\"forminator-input forminator-name--field\" aria-required=\"true\" autocomplete=\"name\" \/><\/div><\/div><\/div><div class=\"forminator-row\"><div id=\"name-2\" class=\"forminator-field-name forminator-col forminator-col-12 \"><div class=\"forminator-field\"><label for=\"forminator-field-name-2_69e468f2a96b2\" id=\"forminator-field-name-2_69e468f2a96b2-label\" class=\"forminator-label\">Nachname <span class=\"forminator-required\">*<\/span><\/label><input type=\"text\" name=\"name-2\" value=\"\" placeholder=\"\" id=\"forminator-field-name-2_69e468f2a96b2\" class=\"forminator-input forminator-name--field\" aria-required=\"true\" autocomplete=\"name\" \/><\/div><\/div><\/div><div class=\"forminator-row\"><div id=\"email-1\" class=\"forminator-field-email forminator-col forminator-col-12 \"><div class=\"forminator-field\"><label for=\"forminator-field-email-1_69e468f2a96b2\" id=\"forminator-field-email-1_69e468f2a96b2-label\" class=\"forminator-label\">E-Mail-Adresse <span class=\"forminator-required\">*<\/span><\/label><input type=\"email\" name=\"email-1\" value=\"\" placeholder=\"\" id=\"forminator-field-email-1_69e468f2a96b2\" class=\"forminator-input forminator-email--field\" data-required=\"true\" aria-required=\"true\" autocomplete=\"email\" \/><\/div><\/div><\/div><div class=\"forminator-row\"><div id=\"checkbox-1\" class=\"forminator-field-checkbox forminator-col forminator-col-12 \"><div role=\"group\" class=\"forminator-field\" aria-labelledby=\"forminator-checkbox-group-forminator-field-checkbox-1-69e468f2a96b2-label\"><label id=\"forminator-field-checkbox-1-1-69e468f2a96b2-label\" for=\"forminator-field-checkbox-1-1-69e468f2a96b2\" class=\"forminator-checkbox\" title=\"D\u00fcrfen wir Ihre E-Mail-Adresse verwenden, um Sie in Zukunft zu erreichen?\"><input type=\"checkbox\" name=\"checkbox-1[]\" value=\"one\" id=\"forminator-field-checkbox-1-1-69e468f2a96b2\" aria-labelledby=\"forminator-field-checkbox-1-1-69e468f2a96b2-label\" data-calculation=\"0\"   data-hidden-behavior=\"zero\"\/><span class=\"forminator-checkbox-box\" aria-hidden=\"true\"><\/span><span class=\"forminator-checkbox-label\">D\u00fcrfen wir Ihre E-Mail-Adresse verwenden, um Sie in Zukunft zu erreichen?<\/span><\/label><\/div><\/div><\/div><div class=\"forminator-row\"><div id=\"captcha-1\" class=\"forminator-field-captcha forminator-col forminator-col-12 \"><div class=\"forminator-captcha-left forminator-g-recaptcha recaptcha-invisible\" data-theme=\"light\" data-badge=\"bottomright\" data-sitekey=\"6Leyi4AsAAAAABVYt4vgQ_PqOlWdbZZPCH0nym3C\" data-size=\"invisible\"><\/div> <\/div><\/div><input type=\"hidden\" name=\"referer_url\" value=\"\" \/><div class=\"forminator-row forminator-row-last\"><div class=\"forminator-col\"><div class=\"forminator-field\"><button class=\"forminator-button forminator-button-submit\">Registrieren<\/button><\/div><\/div><\/div><input type=\"hidden\" id=\"forminator_nonce\" name=\"forminator_nonce\" value=\"71db412368\" \/><input type=\"hidden\" name=\"_wp_http_referer\" value=\"\/de\/wp-json\/wp\/v2\/pages\/4349\" \/><input type=\"hidden\" name=\"form_id\" value=\"4625\"><input type=\"hidden\" name=\"page_id\" value=\"4349\"><input type=\"hidden\" name=\"form_type\" value=\"default\"><input type=\"hidden\" name=\"current_url\" value=\"https:\/\/thomas-ufkes.com\/de\/newsletter\/\"><input type=\"hidden\" name=\"render_id\" value=\"0\"><input type=\"hidden\" name=\"action\" value=\"forminator_submit_form_custom-forms\"><\/form><\/div>\n\t\t\t\t\t\t<\/div>\n\t\t\t\t<\/div>\n\t\t\t\t\t<\/div>\n\t\t\t\t<\/div>\n\t\t\t\t<\/div>\n\t\t","protected":false},"excerpt":{"rendered":"<p>Newsletter M\u00f6chten Sie \u00fcber die neuesten Nachrichten, Updates zu unseren Produkten, Sonderangebote und zuk\u00fcnftige Messen informiert werden? Verpassen Sie nichts und erfahren Sie immer als Erster von unseren neuen Projekten und Innovationen. Abonnieren Sie jetzt!<\/p>\n","protected":false},"author":5,"featured_media":0,"parent":0,"menu_order":0,"comment_status":"closed","ping_status":"closed","template":"","meta":{"footnotes":""},"class_list":["post-4349","page","type-page","status-publish","hentry"],"yoast_head":"<!-- This site is optimized with the Yoast SEO plugin v26.8 - https:\/\/yoast.com\/product\/yoast-seo-wordpress\/ -->\n<title>Newsletter - Thomas &amp; Ufkes<\/title>\n<meta name=\"robots\" content=\"index, follow, max-snippet:-1, max-image-preview:large, max-video-preview:-1\" \/>\n<link rel=\"canonical\" href=\"https:\/\/thomas-ufkes.com\/de\/newsletter\/\" \/>\n<meta property=\"og:locale\" content=\"de_DE\" \/>\n<meta property=\"og:type\" content=\"article\" \/>\n<meta property=\"og:title\" content=\"Newsletter - Thomas &amp; Ufkes\" \/>\n<meta property=\"og:description\" content=\"Newsletter M\u00f6chten Sie \u00fcber die neuesten Nachrichten, Updates zu unseren Produkten, Sonderangebote und zuk\u00fcnftige Messen informiert werden? Verpassen Sie nichts und erfahren Sie immer als Erster von unseren neuen Projekten und Innovationen. Abonnieren Sie jetzt!\" \/>\n<meta property=\"og:url\" content=\"https:\/\/thomas-ufkes.com\/de\/newsletter\/\" \/>\n<meta property=\"og:site_name\" content=\"Thomas &amp; Ufkes\" \/>\n<meta property=\"article:modified_time\" content=\"2025-10-23T14:13:25+00:00\" \/>\n<meta name=\"twitter:card\" content=\"summary_large_image\" \/>\n<meta name=\"twitter:label1\" content=\"Gesch\u00e4tzte Lesezeit\" \/>\n\t<meta name=\"twitter:data1\" content=\"1\u00a0Minute\" \/>\n<script type=\"application\/ld+json\" class=\"yoast-schema-graph\">{\"@context\":\"https:\/\/schema.org\",\"@graph\":[{\"@type\":\"WebPage\",\"@id\":\"https:\/\/thomas-ufkes.com\/de\/newsletter\/\",\"url\":\"https:\/\/thomas-ufkes.com\/de\/newsletter\/\",\"name\":\"Newsletter - Thomas &amp; Ufkes\",\"isPartOf\":{\"@id\":\"https:\/\/thomas-ufkes.com\/de\/#website\"},\"datePublished\":\"2025-01-24T08:34:17+00:00\",\"dateModified\":\"2025-10-23T14:13:25+00:00\",\"breadcrumb\":{\"@id\":\"https:\/\/thomas-ufkes.com\/de\/newsletter\/#breadcrumb\"},\"inLanguage\":\"de\",\"potentialAction\":[{\"@type\":\"ReadAction\",\"target\":[\"https:\/\/thomas-ufkes.com\/de\/newsletter\/\"]}]},{\"@type\":\"BreadcrumbList\",\"@id\":\"https:\/\/thomas-ufkes.com\/de\/newsletter\/#breadcrumb\",\"itemListElement\":[{\"@type\":\"ListItem\",\"position\":1,\"name\":\"Home\",\"item\":\"https:\/\/thomas-ufkes.com\/de\/home-2\/\"},{\"@type\":\"ListItem\",\"position\":2,\"name\":\"Newsletter\"}]},{\"@type\":\"WebSite\",\"@id\":\"https:\/\/thomas-ufkes.com\/de\/#website\",\"url\":\"https:\/\/thomas-ufkes.com\/de\/\",\"name\":\"Thomas &amp; Ufkes\",\"description\":\"\",\"publisher\":{\"@id\":\"https:\/\/thomas-ufkes.com\/de\/#organization\"},\"potentialAction\":[{\"@type\":\"SearchAction\",\"target\":{\"@type\":\"EntryPoint\",\"urlTemplate\":\"https:\/\/thomas-ufkes.com\/de\/?s={search_term_string}\"},\"query-input\":{\"@type\":\"PropertyValueSpecification\",\"valueRequired\":true,\"valueName\":\"search_term_string\"}}],\"inLanguage\":\"de\"},{\"@type\":\"Organization\",\"@id\":\"https:\/\/thomas-ufkes.com\/de\/#organization\",\"name\":\"Thomas &amp; Ufkes\",\"url\":\"https:\/\/thomas-ufkes.com\/de\/\",\"logo\":{\"@type\":\"ImageObject\",\"inLanguage\":\"de\",\"@id\":\"https:\/\/thomas-ufkes.com\/de\/#\/schema\/logo\/image\/\",\"url\":\"https:\/\/thomas-ufkes.com\/wp-content\/uploads\/2022\/07\/Website-hoofding-1-e1767694075143.png\",\"contentUrl\":\"https:\/\/thomas-ufkes.com\/wp-content\/uploads\/2022\/07\/Website-hoofding-1-e1767694075143.png\",\"width\":233,\"height\":100,\"caption\":\"Thomas &amp; Ufkes\"},\"image\":{\"@id\":\"https:\/\/thomas-ufkes.com\/de\/#\/schema\/logo\/image\/\"}}]}<\/script>\n<!-- \/ Yoast SEO plugin. -->","yoast_head_json":{"title":"Newsletter - Thomas &amp; Ufkes","robots":{"index":"index","follow":"follow","max-snippet":"max-snippet:-1","max-image-preview":"max-image-preview:large","max-video-preview":"max-video-preview:-1"},"canonical":"https:\/\/thomas-ufkes.com\/de\/newsletter\/","og_locale":"de_DE","og_type":"article","og_title":"Newsletter - Thomas &amp; Ufkes","og_description":"Newsletter M\u00f6chten Sie \u00fcber die neuesten Nachrichten, Updates zu unseren Produkten, Sonderangebote und zuk\u00fcnftige Messen informiert werden? Verpassen Sie nichts und erfahren Sie immer als Erster von unseren neuen Projekten und Innovationen. Abonnieren Sie jetzt!","og_url":"https:\/\/thomas-ufkes.com\/de\/newsletter\/","og_site_name":"Thomas &amp; Ufkes","article_modified_time":"2025-10-23T14:13:25+00:00","twitter_card":"summary_large_image","twitter_misc":{"Gesch\u00e4tzte Lesezeit":"1\u00a0Minute"},"schema":{"@context":"https:\/\/schema.org","@graph":[{"@type":"WebPage","@id":"https:\/\/thomas-ufkes.com\/de\/newsletter\/","url":"https:\/\/thomas-ufkes.com\/de\/newsletter\/","name":"Newsletter - Thomas &amp; Ufkes","isPartOf":{"@id":"https:\/\/thomas-ufkes.com\/de\/#website"},"datePublished":"2025-01-24T08:34:17+00:00","dateModified":"2025-10-23T14:13:25+00:00","breadcrumb":{"@id":"https:\/\/thomas-ufkes.com\/de\/newsletter\/#breadcrumb"},"inLanguage":"de","potentialAction":[{"@type":"ReadAction","target":["https:\/\/thomas-ufkes.com\/de\/newsletter\/"]}]},{"@type":"BreadcrumbList","@id":"https:\/\/thomas-ufkes.com\/de\/newsletter\/#breadcrumb","itemListElement":[{"@type":"ListItem","position":1,"name":"Home","item":"https:\/\/thomas-ufkes.com\/de\/home-2\/"},{"@type":"ListItem","position":2,"name":"Newsletter"}]},{"@type":"WebSite","@id":"https:\/\/thomas-ufkes.com\/de\/#website","url":"https:\/\/thomas-ufkes.com\/de\/","name":"Thomas &amp; Ufkes","description":"","publisher":{"@id":"https:\/\/thomas-ufkes.com\/de\/#organization"},"potentialAction":[{"@type":"SearchAction","target":{"@type":"EntryPoint","urlTemplate":"https:\/\/thomas-ufkes.com\/de\/?s={search_term_string}"},"query-input":{"@type":"PropertyValueSpecification","valueRequired":true,"valueName":"search_term_string"}}],"inLanguage":"de"},{"@type":"Organization","@id":"https:\/\/thomas-ufkes.com\/de\/#organization","name":"Thomas &amp; Ufkes","url":"https:\/\/thomas-ufkes.com\/de\/","logo":{"@type":"ImageObject","inLanguage":"de","@id":"https:\/\/thomas-ufkes.com\/de\/#\/schema\/logo\/image\/","url":"https:\/\/thomas-ufkes.com\/wp-content\/uploads\/2022\/07\/Website-hoofding-1-e1767694075143.png","contentUrl":"https:\/\/thomas-ufkes.com\/wp-content\/uploads\/2022\/07\/Website-hoofding-1-e1767694075143.png","width":233,"height":100,"caption":"Thomas &amp; Ufkes"},"image":{"@id":"https:\/\/thomas-ufkes.com\/de\/#\/schema\/logo\/image\/"}}]}},"_links":{"self":[{"href":"https:\/\/thomas-ufkes.com\/de\/wp-json\/wp\/v2\/pages\/4349","targetHints":{"allow":["GET"]}}],"collection":[{"href":"https:\/\/thomas-ufkes.com\/de\/wp-json\/wp\/v2\/pages"}],"about":[{"href":"https:\/\/thomas-ufkes.com\/de\/wp-json\/wp\/v2\/types\/page"}],"author":[{"embeddable":true,"href":"https:\/\/thomas-ufkes.com\/de\/wp-json\/wp\/v2\/users\/5"}],"replies":[{"embeddable":true,"href":"https:\/\/thomas-ufkes.com\/de\/wp-json\/wp\/v2\/comments?post=4349"}],"version-history":[{"count":7,"href":"https:\/\/thomas-ufkes.com\/de\/wp-json\/wp\/v2\/pages\/4349\/revisions"}],"predecessor-version":[{"id":5430,"href":"https:\/\/thomas-ufkes.com\/de\/wp-json\/wp\/v2\/pages\/4349\/revisions\/5430"}],"wp:attachment":[{"href":"https:\/\/thomas-ufkes.com\/de\/wp-json\/wp\/v2\/media?parent=4349"}],"curies":[{"name":"wp","href":"https:\/\/api.w.org\/{rel}","templated":true}]}}