{"id":4449,"date":"2020-01-06T15:50:32","date_gmt":"2020-01-06T14:50:32","guid":{"rendered":"https:\/\/thomas-hoogwerkers.be\/datenschutz\/"},"modified":"2025-10-23T15:08:00","modified_gmt":"2025-10-23T14:08:00","slug":"datenschutz","status":"publish","type":"page","link":"https:\/\/thomas-ufkes.com\/de\/datenschutz\/","title":{"rendered":"Datenschutz"},"content":{"rendered":"\t\t<div data-elementor-type=\"wp-page\" data-elementor-id=\"4449\" class=\"elementor elementor-4449 elementor-62\" data-elementor-post-type=\"page\">\n\t\t\t\t<div class=\"elementor-element elementor-element-2f3f68b e-con-full e-flex e-con e-parent\" data-id=\"2f3f68b\" data-element_type=\"container\" data-settings=\"{&quot;background_background&quot;:&quot;classic&quot;}\">\n\t\t\t\t<div class=\"elementor-element elementor-element-3daa0f7 elementor-widget elementor-widget-heading\" data-id=\"3daa0f7\" data-element_type=\"widget\" data-widget_type=\"heading.default\">\n\t\t\t\t<div class=\"elementor-widget-container\">\n\t\t\t\t\t<h1 class=\"elementor-heading-title elementor-size-default\">Datenschutzpolitik<\/h1>\t\t\t\t<\/div>\n\t\t\t\t<\/div>\n\t\t\t\t<\/div>\n\t\t<div class=\"elementor-element elementor-element-5eafa4c e-flex e-con-boxed e-con e-parent\" data-id=\"5eafa4c\" data-element_type=\"container\">\n\t\t\t\t\t<div class=\"e-con-inner\">\n\t\t\t\t<div class=\"elementor-element elementor-element-6bfa4c8 elementor-widget elementor-widget-text-editor\" data-id=\"6bfa4c8\" data-element_type=\"widget\" data-widget_type=\"text-editor.default\">\n\t\t\t\t<div class=\"elementor-widget-container\">\n\t\t\t\t\t\t\t\t\t<p><span style=\"color: #1f1f1f; font-family: var( --e-global-typography-text-font-family ), Sans-serif; font-weight: var( --e-global-typography-text-font-weight ); text-align: var(--text-align); font-size: 14px;\">Thomas Hoogwerkers BV verarbeitet personenbezogene Daten in \u00dcbereinstimmung mit dieser Datenschutzerkl\u00e4rung. F\u00fcr weitere Informationen, Fragen oder Kommentare zu unserer Datenschutzpolitik wenden Sie sich bitte an den Datenschutzbeauftragten unter  <\/span><a style=\"font-family: var( --e-global-typography-text-font-family ), Sans-serif; font-weight: var( --e-global-typography-text-font-weight ); text-align: var(--text-align); font-size: 14px;\" href=\"mailto:info@thomas-hoogwerkers.be\">info@thomas-hoogwerkers.be<\/a><span style=\"color: #1f1f1f; font-family: var( --e-global-typography-text-font-family ), Sans-serif; font-weight: var( --e-global-typography-text-font-weight ); text-align: var(--text-align); font-size: 14px;\">.<\/span><\/p>\n<h2><span style=\"color: #f4be2e;\">Zwecke der Verarbeitung<\/span><\/h2>\n<p>Thomas Hoogwerkers sammelt und verarbeitet die folgenden personenbezogenen Daten:<\/p>\n<ul>\n<li>Newsletter-Abonnenten: Identifikationsdaten f\u00fcr den Versand von Newslettern<\/li>\n<li>Nutzer der Website: elektronische Identifikationsdaten zur Optimierung der Nutzererfahrung, zur Erstellung von Statistiken und zur Anzeige gezielter Werbung<\/li>\n<\/ul>\n<h2><span style=\"color: #f4be2e;\">Rechtsgrundlage(n) der Verarbeitung<\/span><\/h2>\n<p>Die Verarbeitung personenbezogener Daten erfolgt auf der Grundlage von Artikel 6 Absatz 1 (a) Einwilligung, (b) erforderlich f\u00fcr die Erf\u00fcllung eines Vertrags, (f) erforderlich zur Erf\u00fcllung unseres berechtigten Interesses, den Parteibetrieb zu erm\u00f6glichen, der Datenschutzgrundverordnung.  <\/p>\n<p>Soweit die Verarbeitung personenbezogener Daten auf der Grundlage von Artikel 6.1. a) (Einwilligung) erfolgt, hat der Nutzer stets das Recht, die erteilte Einwilligung zu widerrufen. <\/p>\n<h2><span style=\"color: #f4be2e;\">\u00dcbertragung an Dritte<\/span><\/h2>\n<p>Wenn es f\u00fcr die Erf\u00fcllung der genannten Zwecke erforderlich ist, werden personenbezogene Daten der Mitglieder an interne Parteiorgane, einschlie\u00dflich lokaler Ortsverb\u00e4nde, von Thomas Hoogwerkers innerhalb des Europ\u00e4ischen Wirtschaftsraums weitergegeben, die direkt oder indirekt mit Thomas Hoogwerkers verbunden sind. F\u00fcr den Parteibetrieb greifen wir auf Dritte zur\u00fcck, die unsere Daten erhalten, z. B. f\u00fcr den Druck von Mitgliederkarten oder den Versand von Newslettern oder Einladungen. <\/p>\n<p>Thomas Hoogwerkers verpflichtet sich nach bestem Wissen und Gewissen, dass diese Empf\u00e4nger die notwendigen technischen und alle angemessenen organisatorischen Ma\u00dfnahmen ergreifen, um personenbezogene Daten durch eine Vielzahl von Vorschriften zu sch\u00fctzen.<\/p>\n<p>Thomas Hoogwerkers verkauft keine personenbezogenen Daten zu kommerziellen Zwecken.<\/p>\n<h2><span style=\"color: #f4be2e;\">Sicherheit der Daten<\/span><\/h2>\n<p>Wir haben geeignete technische und organisatorische Ma\u00dfnahmen zum Schutz personenbezogener Daten getroffen.<\/p>\n<h2><span style=\"color: #f4be2e;\">Aufbewahrungsfrist<\/span><\/h2>\n<p>Die personenbezogenen Daten werden f\u00fcr die folgenden Zeitr\u00e4ume aufbewahrt:<\/p>\n<ul>\n<li>Newsletter-Abonnenten: f\u00fcr die Dauer des Abonnements.<\/li>\n<li>Website-Nutzer: je nach Zielsetzung (siehe oben unsere <a href=\"https:\/\/thomas-ufkes.com\/cookiebeleid-eu\/\">Cookiepolitik<\/a>).<\/li>\n<\/ul>\n<h2><span style=\"color: #f4be2e;\">Recht auf Auskunft, Berichtigung, L\u00f6schung, Einschr\u00e4nkung, Widerspruch und \u00dcbertragbarkeit von personenbezogenen Daten<\/span><\/h2>\n<p>Der Nutzer hat das Recht, jederzeit auf seine personenbezogenen Daten zuzugreifen und sie zu berichtigen (oder berichtigen zu lassen), wenn sie unrichtig oder unvollst\u00e4ndig sind, sie l\u00f6schen zu lassen, ihre Verarbeitung einzuschr\u00e4nken und der Verarbeitung der ihn betreffenden personenbezogenen Daten auf der Grundlage von Artikel 6 Absatz 1 Buchstabe f zu widersprechen, einschlie\u00dflich der von Thomas Hoogwerker auf der Grundlage dieser Bestimmungen eingereichten Unterlagen.<\/p>\n<p>Dar\u00fcber hinaus hat der Nutzer das Recht, eine Kopie seiner personenbezogenen Daten (in strukturierter, allgemeiner und maschinenlesbarer Form) zu erhalten und die personenbezogenen Daten an eine andere Stelle zu \u00fcbermitteln.<\/p>\n<p>Um die oben genannten Rechte wahrnehmen zu k\u00f6nnen, wird das Mitglied gebeten:<\/p>\n<ul>\n<li>Vorlage eines Identit\u00e4tsnachweises (Kopie des Personalausweises); senden Sie eine E-Mail an die folgende E-Mail-Adresse: <a href=\"info@thomas-hoogwerkers.be\"><span class=\"sub-title\">info@thomas-hoogwerkers.be<\/span><\/a><\/li>\n<li>einen Brief an Thomas Hoogwerkers, Brusselsesteenweg 136, 1785 Merchtem, senden und einen Identit\u00e4tsnachweis (Kopie des Personalausweises) vorlegen.<\/li>\n<\/ul>\n<h2><span style=\"color: #f4be2e;\">Beschwerde<\/span><\/h2>\n<p>F\u00fcr Fragen und Beschwerden bez\u00fcglich der Verarbeitung Ihrer pers\u00f6nlichen Daten durch Thomas Hoogwerkers wenden Sie sich bitte an:<\/p>\n<p>Beh\u00f6rde f\u00fcr den Datenschutz<br \/>Drukpersstraat 35<br \/>1000 Brussel<br \/>e-mail: <a href=\"mailto:commission@privacycommission.be\">commission@privacycommission.be<\/a><\/p>\n<p><em>Version der Datenschutzrichtlinie 14\/02\/2019<\/em><\/p>\n\t\t\t\t\t\t\t\t<\/div>\n\t\t\t\t<\/div>\n\t\t\t\t\t<\/div>\n\t\t\t\t<\/div>\n\t\t\t\t<\/div>\n\t\t","protected":false},"excerpt":{"rendered":"<p>Datenschutzpolitik Thomas Hoogwerkers BV verarbeitet personenbezogene Daten in \u00dcbereinstimmung mit dieser Datenschutzerkl\u00e4rung. F\u00fcr weitere Informationen, Fragen oder Kommentare zu unserer Datenschutzpolitik wenden Sie sich bitte an den Datenschutzbeauftragten unter info@thomas-hoogwerkers.be. Zwecke der Verarbeitung Thomas Hoogwerkers sammelt und verarbeitet die folgenden personenbezogenen Daten: Newsletter-Abonnenten: Identifikationsdaten f\u00fcr den Versand von Newslettern Nutzer der Website: elektronische Identifikationsdaten zur [&hellip;]<\/p>\n","protected":false},"author":4,"featured_media":0,"parent":0,"menu_order":0,"comment_status":"closed","ping_status":"closed","template":"","meta":{"footnotes":""},"class_list":["post-4449","page","type-page","status-publish","hentry"],"yoast_head":"<!-- This site is optimized with the Yoast SEO plugin v26.8 - https:\/\/yoast.com\/product\/yoast-seo-wordpress\/ -->\n<title>Datenschutz - Thomas &amp; Ufkes<\/title>\n<meta name=\"robots\" content=\"index, follow, max-snippet:-1, max-image-preview:large, max-video-preview:-1\" \/>\n<link rel=\"canonical\" href=\"https:\/\/thomas-ufkes.com\/de\/datenschutz\/\" \/>\n<meta property=\"og:locale\" content=\"de_DE\" \/>\n<meta property=\"og:type\" content=\"article\" \/>\n<meta property=\"og:title\" content=\"Datenschutz - Thomas &amp; Ufkes\" \/>\n<meta property=\"og:description\" content=\"Datenschutzpolitik Thomas Hoogwerkers BV verarbeitet personenbezogene Daten in \u00dcbereinstimmung mit dieser Datenschutzerkl\u00e4rung. F\u00fcr weitere Informationen, Fragen oder Kommentare zu unserer Datenschutzpolitik wenden Sie sich bitte an den Datenschutzbeauftragten unter info@thomas-hoogwerkers.be. Zwecke der Verarbeitung Thomas Hoogwerkers sammelt und verarbeitet die folgenden personenbezogenen Daten: Newsletter-Abonnenten: Identifikationsdaten f\u00fcr den Versand von Newslettern Nutzer der Website: elektronische Identifikationsdaten zur [&hellip;]\" \/>\n<meta property=\"og:url\" content=\"https:\/\/thomas-ufkes.com\/de\/datenschutz\/\" \/>\n<meta property=\"og:site_name\" content=\"Thomas &amp; Ufkes\" \/>\n<meta property=\"article:modified_time\" content=\"2025-10-23T14:08:00+00:00\" \/>\n<meta name=\"twitter:card\" content=\"summary_large_image\" \/>\n<meta name=\"twitter:label1\" content=\"Gesch\u00e4tzte Lesezeit\" \/>\n\t<meta name=\"twitter:data1\" content=\"3\u00a0Minuten\" \/>\n<script type=\"application\/ld+json\" class=\"yoast-schema-graph\">{\"@context\":\"https:\/\/schema.org\",\"@graph\":[{\"@type\":\"WebPage\",\"@id\":\"https:\/\/thomas-ufkes.com\/de\/datenschutz\/\",\"url\":\"https:\/\/thomas-ufkes.com\/de\/datenschutz\/\",\"name\":\"Datenschutz - Thomas &amp; Ufkes\",\"isPartOf\":{\"@id\":\"https:\/\/thomas-ufkes.com\/de\/#website\"},\"datePublished\":\"2020-01-06T14:50:32+00:00\",\"dateModified\":\"2025-10-23T14:08:00+00:00\",\"breadcrumb\":{\"@id\":\"https:\/\/thomas-ufkes.com\/de\/datenschutz\/#breadcrumb\"},\"inLanguage\":\"de\",\"potentialAction\":[{\"@type\":\"ReadAction\",\"target\":[\"https:\/\/thomas-ufkes.com\/de\/datenschutz\/\"]}]},{\"@type\":\"BreadcrumbList\",\"@id\":\"https:\/\/thomas-ufkes.com\/de\/datenschutz\/#breadcrumb\",\"itemListElement\":[{\"@type\":\"ListItem\",\"position\":1,\"name\":\"Home\",\"item\":\"https:\/\/thomas-ufkes.com\/de\/home-2\/\"},{\"@type\":\"ListItem\",\"position\":2,\"name\":\"Datenschutz\"}]},{\"@type\":\"WebSite\",\"@id\":\"https:\/\/thomas-ufkes.com\/de\/#website\",\"url\":\"https:\/\/thomas-ufkes.com\/de\/\",\"name\":\"Thomas &amp; Ufkes\",\"description\":\"\",\"publisher\":{\"@id\":\"https:\/\/thomas-ufkes.com\/de\/#organization\"},\"potentialAction\":[{\"@type\":\"SearchAction\",\"target\":{\"@type\":\"EntryPoint\",\"urlTemplate\":\"https:\/\/thomas-ufkes.com\/de\/?s={search_term_string}\"},\"query-input\":{\"@type\":\"PropertyValueSpecification\",\"valueRequired\":true,\"valueName\":\"search_term_string\"}}],\"inLanguage\":\"de\"},{\"@type\":\"Organization\",\"@id\":\"https:\/\/thomas-ufkes.com\/de\/#organization\",\"name\":\"Thomas &amp; Ufkes\",\"url\":\"https:\/\/thomas-ufkes.com\/de\/\",\"logo\":{\"@type\":\"ImageObject\",\"inLanguage\":\"de\",\"@id\":\"https:\/\/thomas-ufkes.com\/de\/#\/schema\/logo\/image\/\",\"url\":\"https:\/\/thomas-ufkes.com\/wp-content\/uploads\/2022\/07\/Website-hoofding-1-e1767694075143.png\",\"contentUrl\":\"https:\/\/thomas-ufkes.com\/wp-content\/uploads\/2022\/07\/Website-hoofding-1-e1767694075143.png\",\"width\":233,\"height\":100,\"caption\":\"Thomas &amp; Ufkes\"},\"image\":{\"@id\":\"https:\/\/thomas-ufkes.com\/de\/#\/schema\/logo\/image\/\"}}]}<\/script>\n<!-- \/ Yoast SEO plugin. -->","yoast_head_json":{"title":"Datenschutz - Thomas &amp; Ufkes","robots":{"index":"index","follow":"follow","max-snippet":"max-snippet:-1","max-image-preview":"max-image-preview:large","max-video-preview":"max-video-preview:-1"},"canonical":"https:\/\/thomas-ufkes.com\/de\/datenschutz\/","og_locale":"de_DE","og_type":"article","og_title":"Datenschutz - Thomas &amp; Ufkes","og_description":"Datenschutzpolitik Thomas Hoogwerkers BV verarbeitet personenbezogene Daten in \u00dcbereinstimmung mit dieser Datenschutzerkl\u00e4rung. F\u00fcr weitere Informationen, Fragen oder Kommentare zu unserer Datenschutzpolitik wenden Sie sich bitte an den Datenschutzbeauftragten unter info@thomas-hoogwerkers.be. Zwecke der Verarbeitung Thomas Hoogwerkers sammelt und verarbeitet die folgenden personenbezogenen Daten: Newsletter-Abonnenten: Identifikationsdaten f\u00fcr den Versand von Newslettern Nutzer der Website: elektronische Identifikationsdaten zur [&hellip;]","og_url":"https:\/\/thomas-ufkes.com\/de\/datenschutz\/","og_site_name":"Thomas &amp; Ufkes","article_modified_time":"2025-10-23T14:08:00+00:00","twitter_card":"summary_large_image","twitter_misc":{"Gesch\u00e4tzte Lesezeit":"3\u00a0Minuten"},"schema":{"@context":"https:\/\/schema.org","@graph":[{"@type":"WebPage","@id":"https:\/\/thomas-ufkes.com\/de\/datenschutz\/","url":"https:\/\/thomas-ufkes.com\/de\/datenschutz\/","name":"Datenschutz - Thomas &amp; Ufkes","isPartOf":{"@id":"https:\/\/thomas-ufkes.com\/de\/#website"},"datePublished":"2020-01-06T14:50:32+00:00","dateModified":"2025-10-23T14:08:00+00:00","breadcrumb":{"@id":"https:\/\/thomas-ufkes.com\/de\/datenschutz\/#breadcrumb"},"inLanguage":"de","potentialAction":[{"@type":"ReadAction","target":["https:\/\/thomas-ufkes.com\/de\/datenschutz\/"]}]},{"@type":"BreadcrumbList","@id":"https:\/\/thomas-ufkes.com\/de\/datenschutz\/#breadcrumb","itemListElement":[{"@type":"ListItem","position":1,"name":"Home","item":"https:\/\/thomas-ufkes.com\/de\/home-2\/"},{"@type":"ListItem","position":2,"name":"Datenschutz"}]},{"@type":"WebSite","@id":"https:\/\/thomas-ufkes.com\/de\/#website","url":"https:\/\/thomas-ufkes.com\/de\/","name":"Thomas &amp; Ufkes","description":"","publisher":{"@id":"https:\/\/thomas-ufkes.com\/de\/#organization"},"potentialAction":[{"@type":"SearchAction","target":{"@type":"EntryPoint","urlTemplate":"https:\/\/thomas-ufkes.com\/de\/?s={search_term_string}"},"query-input":{"@type":"PropertyValueSpecification","valueRequired":true,"valueName":"search_term_string"}}],"inLanguage":"de"},{"@type":"Organization","@id":"https:\/\/thomas-ufkes.com\/de\/#organization","name":"Thomas &amp; Ufkes","url":"https:\/\/thomas-ufkes.com\/de\/","logo":{"@type":"ImageObject","inLanguage":"de","@id":"https:\/\/thomas-ufkes.com\/de\/#\/schema\/logo\/image\/","url":"https:\/\/thomas-ufkes.com\/wp-content\/uploads\/2022\/07\/Website-hoofding-1-e1767694075143.png","contentUrl":"https:\/\/thomas-ufkes.com\/wp-content\/uploads\/2022\/07\/Website-hoofding-1-e1767694075143.png","width":233,"height":100,"caption":"Thomas &amp; Ufkes"},"image":{"@id":"https:\/\/thomas-ufkes.com\/de\/#\/schema\/logo\/image\/"}}]}},"_links":{"self":[{"href":"https:\/\/thomas-ufkes.com\/de\/wp-json\/wp\/v2\/pages\/4449","targetHints":{"allow":["GET"]}}],"collection":[{"href":"https:\/\/thomas-ufkes.com\/de\/wp-json\/wp\/v2\/pages"}],"about":[{"href":"https:\/\/thomas-ufkes.com\/de\/wp-json\/wp\/v2\/types\/page"}],"author":[{"embeddable":true,"href":"https:\/\/thomas-ufkes.com\/de\/wp-json\/wp\/v2\/users\/4"}],"replies":[{"embeddable":true,"href":"https:\/\/thomas-ufkes.com\/de\/wp-json\/wp\/v2\/comments?post=4449"}],"version-history":[{"count":4,"href":"https:\/\/thomas-ufkes.com\/de\/wp-json\/wp\/v2\/pages\/4449\/revisions"}],"predecessor-version":[{"id":5415,"href":"https:\/\/thomas-ufkes.com\/de\/wp-json\/wp\/v2\/pages\/4449\/revisions\/5415"}],"wp:attachment":[{"href":"https:\/\/thomas-ufkes.com\/de\/wp-json\/wp\/v2\/media?parent=4449"}],"curies":[{"name":"wp","href":"https:\/\/api.w.org\/{rel}","templated":true}]}}