{"id":4455,"date":"2024-02-29T16:53:26","date_gmt":"2024-02-29T15:53:26","guid":{"rendered":"https:\/\/thomas-hoogwerkers.be\/allgemeine-bedingungen-und-konditionen\/"},"modified":"2025-10-23T15:05:56","modified_gmt":"2025-10-23T14:05:56","slug":"allgemeine-bedingungen-und-konditionen","status":"publish","type":"page","link":"https:\/\/thomas-ufkes.com\/de\/allgemeine-bedingungen-und-konditionen\/","title":{"rendered":"Allgemeine Bedingungen und Konditionen"},"content":{"rendered":"\t\t<div data-elementor-type=\"wp-page\" data-elementor-id=\"4455\" class=\"elementor elementor-4455 elementor-235\" data-elementor-post-type=\"page\">\n\t\t\t\t<div class=\"elementor-element elementor-element-8c6c1bc e-flex e-con-boxed e-con e-parent\" data-id=\"8c6c1bc\" data-element_type=\"container\" data-settings=\"{&quot;background_background&quot;:&quot;classic&quot;}\">\n\t\t\t\t\t<div class=\"e-con-inner\">\n\t\t\t\t<div class=\"elementor-element elementor-element-004c8eb elementor-widget elementor-widget-heading\" data-id=\"004c8eb\" data-element_type=\"widget\" data-widget_type=\"heading.default\">\n\t\t\t\t<div class=\"elementor-widget-container\">\n\t\t\t\t\t<h1 class=\"elementor-heading-title elementor-size-default\">Allgemeine Verkaufs- und Garantiebedingungen<\/h1>\t\t\t\t<\/div>\n\t\t\t\t<\/div>\n\t\t\t\t\t<\/div>\n\t\t\t\t<\/div>\n\t\t<div class=\"elementor-element elementor-element-b9482da e-flex e-con-boxed e-con e-parent\" data-id=\"b9482da\" data-element_type=\"container\">\n\t\t\t\t\t<div class=\"e-con-inner\">\n\t\t\t\t<div class=\"elementor-element elementor-element-2eac423 elementor-widget elementor-widget-text-editor\" data-id=\"2eac423\" data-element_type=\"widget\" data-widget_type=\"text-editor.default\">\n\t\t\t\t<div class=\"elementor-widget-container\">\n\t\t\t\t\t\t\t\t\t<h2><span style=\"color: #f4be2e;\">Anwendbarkeit<\/span><\/h2><p>Diese allgemeinen Gesch\u00e4ftsbedingungen gelten f\u00fcr alle Rechtsbeziehungen zwischen der Thomas Hoogwerkers BV mit Sitz in 1785 Merchtem, Brusselsesteenweg 136, RPR Br\u00fcssel, niederl\u00e4ndischsprachige Sektion, Firmennummer VAT BE(0)400.752.035 (im Folgenden \u201eThomas Hoogwerkers\u201c) einerseits und ihren Kunden andererseits (im Folgenden gemeinsam die \u201eParteien\u201c). Abweichungen von diesen allgemeinen Gesch\u00e4ftsbedingungen k\u00f6nnen nur schriftlich erfolgen, wobei sich der Kunde nicht auf Artikel 5.74 des Neuen B\u00fcrgerlichen Gesetzbuches \u00fcber die Impreseance-Doktrin berufen kann.<\/p><h2><span style=\"color: #f4be2e;\">Tarife, Angebote und Kostenvoranschl\u00e4ge<\/span><\/h2><p>Unsere Tarife, Angebote und Kostenvoranschl\u00e4ge sind unverbindlich und freibleibend. Sie werden erst dann verbindlich, wenn die Parteien eine schriftliche Vereinbarung unterzeichnet haben. Bis zur Unterzeichnung der Vereinbarung beh\u00e4lt sich Thomas Hoogwerkers das Recht vor, eine Bestellung abzulehnen, und die Preise, Angebote und Kostenvoranschl\u00e4ge sind freibleibend.<\/p><h2><span style=\"color: #f4be2e;\">Gesamtschuldnerische Haftung<\/span><\/h2><p>Wenn der Vertrag von mehreren (juristischen) Personen unterzeichnet wird, haftet jeder Unterzeichner gesamtschuldnerisch f\u00fcr die Erf\u00fcllung der eingegangenen Verpflichtungen. Thomas Hoogwerkers kann daher jederzeit die vollst\u00e4ndige Erf\u00fcllung der Vereinbarung von jedem der Unterzeichner einzeln einfordern.<\/p><h2><span style=\"color: #f4be2e;\">Preise<\/span><\/h2><p>Sofern nicht anders vereinbart, verstehen sich die vereinbarten Preise ohne Mehrwertsteuer. Thomas Hoogwerkers ist berechtigt, \u00c4nderungen und\/oder zus\u00e4tzliche Abgaben auf die Preise, die von der Regierung, dem Hersteller oder dem Lieferanten auferlegt werden, auch nach Vertragsabschluss weiterzugeben. Thomas Hoogwerkers beh\u00e4lt sich au\u00dferdem das Recht vor, den vereinbarten Preis aufgrund von unvorhergesehenen Erh\u00f6hungen der Brand- und Rohstoffpreise, der Materialien und der L\u00f6hne zu \u00e4ndern. Der Kunde kann seine Bestellung erforderlichenfalls stornieren. Der Kunde kann sich in keinem Fall auf Artikel 5.97 des neuen B\u00fcrgerlichen Gesetzbuches \u00fcber Preisnachl\u00e4sse berufen.<\/p><h2><span style=\"color: #f4be2e;\">Lieferung<\/span><\/h2><p>Die angegebenen Lieferfristen sind Richtwerte. Eine \u00dcberschreitung der Lieferfrist berechtigt den Kunden nicht zu einer Entsch\u00e4digung oder Aufl\u00f6sung des Vertrags. Ab dem Zeitpunkt, an dem die Waren das Lager von Thomas Hoogwerkers oder seinen Lieferanten verlassen, geht die Gefahr f\u00fcr die Waren auf den Kunden \u00fcber.<\/p><h2><span style=\"color: #f4be2e;\">Abnahme<\/span><\/h2><p>Der Kunde verpflichtet sich, die bestellten Waren zu dem im Vertrag vorgesehenen Liefertermin zu erhalten. Wird der Liefertermin nicht eingehalten, wird der Kunde rechtzeitig benachrichtigt. Wird die Ware nicht zum vorgesehenen Liefertermin abgenommen, wird dem Kunden innerhalb von acht Tagen per Einschreiben ein neuer, endg\u00fcltiger Liefertermin mitgeteilt. Wird die Ware zu diesem Termin nicht abgenommen, schuldet der Kunde einen Schadenersatz in H\u00f6he von 125,00 \u20ac pro Tag. In jedem Fall geht das Risiko ab dem vorgesehenen Liefertermin auf den Kunden \u00fcber.<\/p><h2><span style=\"color: #f4be2e;\">Beschwerden und Schutzma\u00dfnahmen<\/span><\/h2><p>Bei der \u00dcbernahme der Ware muss der Kunde eine erste Pr\u00fcfung vornehmen, unter anderem hinsichtlich der Konformit\u00e4t der Lieferung und etwaiger sichtbarer M\u00e4ngel. Bei Strafe des Verfalls muss der Kunde Thomas Hoogwerkers innerhalb von 48 Stunden nach der Lieferung und in jedem Fall vor der Inbetriebnahme schriftlich begr\u00fcndete Reklamationen vorlegen. Alle Beanstandungen, die auf versteckten M\u00e4ngeln beruhen, m\u00fcssen bei Strafe des Verfalls innerhalb eines Monats nach der Lieferung und innerhalb von 8 Tagen nach ihrer Entdeckung per Einschreiben und unter Angabe von Gr\u00fcnden mitgeteilt werden. F\u00fcr Verbraucher gilt die gesetzliche Gew\u00e4hrleistungsfrist f\u00fcr versteckte M\u00e4ngel. Werden innerhalb dieser Fristen keine Beanstandungen mitgeteilt, so gilt die Lieferung als vom Kunden genehmigt und akzeptiert. Die Gew\u00e4hrleistung bzw. Entsch\u00e4digung f\u00fcr versteckte M\u00e4ngel entf\u00e4llt in jedem Fall, wenn der Schaden durch unsachgem\u00e4\u00dfen Gebrauch oder mangelhafte Wartung entstanden ist. Von jeglicher Garantie seitens Thomas Hoogwerkers sind immer ausgeschlossen: die elektrische Ausr\u00fcstung, die Reifen, die Federn, der Kilometerz\u00e4hler, die Karosserie, die Akku-Batterie und andere, die den Garantiebedingungen des Lieferanten unterliegen. Beanstandungen berechtigen nicht zur Aussetzung der Zahlungsverpflichtung. Wenn die Reklamation berechtigt ist, wird Thomas Hoogwerkers nach eigenem Ermessen entweder die Ware reparieren oder ersetzen oder eine Entsch\u00e4digung bis zur H\u00f6he des Rechnungsbetrags zahlen. Der Kunde hat keinen Anspruch auf eine zus\u00e4tzliche Entsch\u00e4digung. Bei Gebrauchtwaren wird die Ware in dem Zustand angenommen, in dem sie sich befindet, und es wird keinerlei Garantie \u00fcbernommen, sofern nichts anderes vereinbart ist. F\u00fcr Verbraucher gilt die gesetzliche Gew\u00e4hrleistungsregelung f\u00fcr Gebrauchtwaren.<\/p><h2><span style=\"color: #f4be2e;\">H\u00f6here Gewalt<\/span><\/h2><p>Unter h\u00f6herer Gewalt wird verstanden: jeder unvorhersehbare, von Thomas Hoogwerkers nicht zu vertretende Umstand, aufgrund dessen die Erf\u00fcllung des Vertrages vom Kunden vern\u00fcnftigerweise nicht mehr verlangt werden kann. Unter h\u00f6herer Gewalt wird in jedem Fall verstanden: Verzug oder Nichterf\u00fcllung durch Zulieferer; Mangel oder Krankheit von Arbeitskr\u00e4ften, Material und Waren; Unm\u00f6glichkeit der Lieferung aufgrund beh\u00f6rdlicher Anordnungen oder gesetzlicher Vorschriften; Unm\u00f6glichkeit der Lieferung aufgrund des Verschuldens oder des Vorsatzes von Untergebenen oder von Thomas Hoogwerkers eingeschalteten Dritten; Krieg, Wetterverz\u00f6gerungen, Pandemien oder deren Verschlimmerung; Transportschwierigkeiten; Ausfall von Maschinen und\/oder Werkzeugen; sonstige St\u00f6rungen im Betrieb von Thomas Hoogwerkers oder seiner Zulieferer. H\u00f6here Gewalt schlie\u00dft jede M\u00f6glichkeit aus, eine Entsch\u00e4digung zu erhalten, ungeachtet des Ausma\u00dfes, in dem die Erf\u00fcllung des Vertrages beeintr\u00e4chtigt wird. Solange die Situation h\u00f6herer Gewalt andauert, ist Thomas Hoogwerkers zumindest berechtigt, seine Leistungen auszusetzen, ohne dass dem Kunden eine Entsch\u00e4digung zusteht. Wenn der Umstand h\u00f6herer Gewalt dazu f\u00fchrt, dass die Erf\u00fcllung aller oder eines Teils der Verpflichtungen von Thomas Hoogwerkers dauerhaft unm\u00f6glich wird, hat sie das Recht, die Vertr\u00e4ge mit dem Kunden zu k\u00fcndigen, ohne dass dem Kunden eine Entsch\u00e4digung zusteht. Das Auftreten von Situationen h\u00f6herer Gewalt berechtigt den Kunden nicht, den Vertrag aufzul\u00f6sen oder die Zahlung f\u00e4lliger Rechnungen auszusetzen.<\/p><h2><span style=\"color: #f4be2e;\">Zahlung<\/span><\/h2><p>Die Rechnungen sind sp\u00e4testens 14 Kalendertage nach Rechnungsdatum zahlbar. Die Zahlung erfolgt stets bedingungslos, ohne einseitig festgelegten Skonto, Abzug, Aufrechnung, Einbehalt oder Aussetzung, aus welchem Grund auch immer. Die Zahlung hat auf das in der Rechnung angegebene Bankkonto zu erfolgen.<\/p><h2><span style=\"color: #f4be2e;\">Nichtzahlung oder Zahlungsverzug<\/span><\/h2><p>Bei nicht vollst\u00e4ndiger Zahlung innerhalb der festgesetzten Zahlungsfrist schuldet der Kunde automatisch und ohne vorherige Mahnung Verzugszinsen in H\u00f6he von einem Prozent pro Monat, wobei jeder angefangene Kalendermonat als voller Monat gez\u00e4hlt wird. Bei Nichtzahlung innerhalb eines Monats nach Ablauf der Zahlungsfrist wird dem Kunden zus\u00e4tzlich zu den Verzugszinsen eine pauschale Verg\u00fctung f\u00fcr die Verwaltungs- und Inkassokosten zur Einziehung der f\u00e4lligen Betr\u00e4ge in Rechnung gestellt, die sich aus einer pauschalen Entsch\u00e4digung in H\u00f6he von 20 Prozent des ausstehenden Gesamtbetrags, mindestens jedoch 75,00 Euro; zzgl. 40,00 Euro pro Mahnung, zzgl. sonstiger Kosten, z. B. f\u00fcr die Einschaltung Dritter zur g\u00fctlichen und\/oder gerichtlichen Beitreibung der geforderten Betr\u00e4ge. Bei Zahlungsverzug verf\u00e4llt auch jede dem Kunden einger\u00e4umte Zahlungsfrist, so dass alle Rechnungen sofort und vollst\u00e4ndig f\u00e4llig werden.<\/p><h2><span style=\"color: #f4be2e;\">Eigentum<\/span><\/h2><p>Die von Thomas Hoogwerkers verkauften Waren bleiben bis zur vollst\u00e4ndigen Bezahlung aller offenen Rechnungen Eigentum von Thomas Hoogwerkers. Der Kunde ist w\u00e4hrend dieser Zeit nur Besitzer der Ware und darf diese nicht ver\u00e4u\u00dfern oder belasten. Die Waren, die von Thomas Hoogwerkers vermietet werden, bleiben zu jeder Zeit Eigentum von Thomas Hoogwerkers.<\/p><h2><span style=\"color: #f4be2e;\">Haftung<\/span><\/h2><p>Die Haftung von Thomas Hoogwerkers geht niemals \u00fcber den Rechnungsbetrag hinaus und \u00fcbersteigt auch nicht den Betrag der Leistungen der von Thomas Hoogwerkers abgeschlossenen Versicherungen. Die Haftung von Thomas Hoogwerkers ist in jedem Fall auf die zwingend gesetzlich vorgeschriebene Haftung beschr\u00e4nkt. Die Verbringung der Ware durch den Kunden oder einen von ihm benannten Dritten erfolgt unter der vollen Verantwortung und auf Risiko des Kunden. Der Kunde kann von Thomas Hoogwerkers keine Entsch\u00e4digung verlangen f\u00fcr: indirekte oder mittelbare Sch\u00e4den (wie z.B. Einkommensverluste, Umweltsch\u00e4den, Gesch\u00e4ftssch\u00e4den und Sch\u00e4den an Dritten oder jegliche Folgesch\u00e4den, die durch die Ware verursacht werden).<\/p><h2><span style=\"color: #f4be2e;\">Installation, Wartung und Reparatur<\/span><\/h2><p>Die Kosten f\u00fcr den Einbau, die Wartung oder die Reparatur der Waren gehen, sofern nicht anders vereinbart, stets zu Lasten des Kunden, auch w\u00e4hrend der Garantiezeit.<\/p><h2><span style=\"color: #f4be2e;\">R\u00fccknahme<\/span><\/h2><p>Mit Ausnahme des Widerrufsrechts bei im Fernabsatz erworbenen Waren, das im Buch VI Marktpraktiken &amp; Verbraucherschutz des Wirtschaftsgesetzbuches geregelt ist, besteht kein Widerrufsrecht des Kunden. Sollte Thomas Hoogwerkers dennoch eine R\u00fccksendung zulassen, so erfolgt diese zu den von Thomas Hoogwerkers auferlegten Bedingungen und auf Kosten des Kunden.<\/p><h2><span style=\"color: #f4be2e;\">Aufl\u00f6sung<\/span><\/h2><p>Die Parteien k\u00f6nnen beschlie\u00dfen, den zwischen ihnen geschlossenen Vertrag unter folgenden Umst\u00e4nden zu beenden, soweit dies gesetzlich zul\u00e4ssig ist: a) im gegenseitigen Einvernehmen, b) wegen Vertragsverletzung: Jede Partei kann den Vertrag schriftlich und mit sofortiger Wirkung k\u00fcndigen, wenn die andere Partei eine wesentliche Verletzung einer Vertragsbestimmung begeht, die nicht wiedergutzumachen ist oder die, falls sie behebbar ist, nicht innerhalb von 30 Tagen nach einer entsprechenden schriftlichen Aufforderung behoben wurde (oder, falls es nicht m\u00f6glich ist, die Verletzung innerhalb dieser Frist zu beheben, wenn innerhalb der 30 Tage keine angemessenen Schritte zur Behebung der Vertragsverletzung unternommen wurden), c) wegen Insolvenz: Jede Partei kann mit schriftlicher Mitteilung und mit sofortiger Wirkung vom Vertrag zur\u00fccktreten, wenn die andere Partei nicht in der Lage ist, ihre Schulden zu begleichen, oder einen vorl\u00e4ufigen oder gerichtlichen Verwalter oder Liquidator (oder in jedem der vorgenannten F\u00e4lle das \u00c4quivalent in einer anderen Rechtsordnung) bestellt hat oder eine Gl\u00e4ubigerversammlung einberuft oder, aus welchem Grund auch immer, ihre T\u00e4tigkeit einstellt. <br \/>Erfolgt die Aufl\u00f6sung des Vertrags auf Initiative des Kunden aus Gr\u00fcnden, die wir zu vertreten haben, so haben wir weiterhin Anspruch auf den Teil des Entgelts, der dem Teil der bis zum Zeitpunkt der Aufl\u00f6sung gelieferten Waren entspricht, ohne dass sich der Kunde auf Artikel 5.90 Absatz 2 des neuen B\u00fcrgerlichen Gesetzbuchs \u00fcber die vorzeitige Aufl\u00f6sung oder auf Artikel 5.239 des neuen B\u00fcrgerlichen Gesetzbuchs \u00fcber die (vorzeitige) Einrede der Nichterf\u00fcllung berufen kann.<\/p><h2><span style=\"color: #f4be2e;\">GDPR<\/span><\/h2><p>Die personenbezogenen Daten (Name, Adresse, E-Mail-Telefonnummer, &#8230;) der Kunden werden von Thomas Hoogwerkers am Firmensitz im Rahmen des Vertrages zum Zwecke der Vertragserf\u00fcllung, der Kundenverwaltung und des Kundendienstes, des Direktmarketings, sowohl auf dem Postweg als auch auf elektronischem Wege, verarbeitet, wenn und soweit die betroffenen Personen ihre ausdr\u00fcckliche und vorherige Zustimmung erteilt haben. Diese Zustimmung kann vom betroffenen Kunden jederzeit kostenlos durch schriftliche Mitteilung an Thomas Hoogwerkers widerrufen werden. Der Kunde kann seine Daten jederzeit einsehen und gegebenenfalls berichtigen oder l\u00f6schen lassen, indem er eine einfache Anfrage mit Identit\u00e4tsnachweis an Thomas Hoogwerkers richtet. Bei Fragen oder Beschwerden bez\u00fcglich der Datenverarbeitung k\u00f6nnen sich die Kunden jederzeit an die Datenschutzbeh\u00f6rde, Printing Press Street 35, 1000 Br\u00fcssel, wenden. Der Kunde kann jedoch der Verarbeitung seiner personenbezogenen Daten nicht widersprechen, wenn diese f\u00fcr die Erf\u00fcllung der vertraglichen Verpflichtungen von Thomas Hoogwerkers erforderlich ist.<\/p><h2><span style=\"color: #f4be2e;\">G\u00fcltigkeit<\/span><\/h2><p>Die Ung\u00fcltigkeit oder Nichtigkeit einer Bestimmung oder eines Teils einer Bestimmung der Allgemeinen Gesch\u00e4ftsbedingungen ber\u00fchrt die G\u00fcltigkeit der \u00fcbrigen Bestimmungen oder Teile von Bestimmungen nicht. Dies gilt auch, wenn eine Bestimmung als ungeschrieben gilt. Die von der Nichtigkeit oder Unwirksamkeit betroffenen Bestimmungen bleiben f\u00fcr den rechtlich zul\u00e4ssigen Teil verbindlich.<\/p><h2><span style=\"color: #f4be2e;\">Zust\u00e4ndigkeit und anwendbares Recht<\/span><\/h2><p>Alle Streitigkeiten jeglicher Art, die sich direkt oder indirekt aus unseren Vertr\u00e4gen ergeben, unterliegen der ausschlie\u00dflichen Zust\u00e4ndigkeit der Gerichte des Arrondissements Br\u00fcssel. Alle unsere Vertr\u00e4ge unterliegen dem belgischen Recht.<\/p>\t\t\t\t\t\t\t\t<\/div>\n\t\t\t\t<\/div>\n\t\t\t\t\t<\/div>\n\t\t\t\t<\/div>\n\t\t\t\t<\/div>\n\t\t","protected":false},"excerpt":{"rendered":"<p>Allgemeine Verkaufs- und Garantiebedingungen Anwendbarkeit Diese allgemeinen Gesch\u00e4ftsbedingungen gelten f\u00fcr alle Rechtsbeziehungen zwischen der Thomas Hoogwerkers BV mit Sitz in 1785 Merchtem, Brusselsesteenweg 136, RPR Br\u00fcssel, niederl\u00e4ndischsprachige Sektion, Firmennummer VAT BE(0)400.752.035 (im Folgenden \u201eThomas Hoogwerkers\u201c) einerseits und ihren Kunden andererseits (im Folgenden gemeinsam die \u201eParteien\u201c). Abweichungen von diesen allgemeinen Gesch\u00e4ftsbedingungen k\u00f6nnen nur schriftlich erfolgen, wobei [&hellip;]<\/p>\n","protected":false},"author":4,"featured_media":0,"parent":0,"menu_order":0,"comment_status":"closed","ping_status":"closed","template":"","meta":{"footnotes":""},"class_list":["post-4455","page","type-page","status-publish","hentry"],"yoast_head":"<!-- This site is optimized with the Yoast SEO plugin v26.8 - https:\/\/yoast.com\/product\/yoast-seo-wordpress\/ -->\n<title>Allgemeine Bedingungen und Konditionen - Thomas &amp; Ufkes<\/title>\n<meta name=\"robots\" content=\"index, follow, max-snippet:-1, max-image-preview:large, max-video-preview:-1\" \/>\n<link rel=\"canonical\" href=\"https:\/\/thomas-ufkes.com\/de\/allgemeine-bedingungen-und-konditionen\/\" \/>\n<meta property=\"og:locale\" content=\"de_DE\" \/>\n<meta property=\"og:type\" content=\"article\" \/>\n<meta property=\"og:title\" content=\"Allgemeine Bedingungen und Konditionen - Thomas &amp; Ufkes\" \/>\n<meta property=\"og:description\" content=\"Allgemeine Verkaufs- und Garantiebedingungen Anwendbarkeit Diese allgemeinen Gesch\u00e4ftsbedingungen gelten f\u00fcr alle Rechtsbeziehungen zwischen der Thomas Hoogwerkers BV mit Sitz in 1785 Merchtem, Brusselsesteenweg 136, RPR Br\u00fcssel, niederl\u00e4ndischsprachige Sektion, Firmennummer VAT BE(0)400.752.035 (im Folgenden \u201eThomas Hoogwerkers\u201c) einerseits und ihren Kunden andererseits (im Folgenden gemeinsam die \u201eParteien\u201c). Abweichungen von diesen allgemeinen Gesch\u00e4ftsbedingungen k\u00f6nnen nur schriftlich erfolgen, wobei [&hellip;]\" \/>\n<meta property=\"og:url\" content=\"https:\/\/thomas-ufkes.com\/de\/allgemeine-bedingungen-und-konditionen\/\" \/>\n<meta property=\"og:site_name\" content=\"Thomas &amp; Ufkes\" \/>\n<meta property=\"article:modified_time\" content=\"2025-10-23T14:05:56+00:00\" \/>\n<meta name=\"twitter:card\" content=\"summary_large_image\" \/>\n<meta name=\"twitter:label1\" content=\"Gesch\u00e4tzte Lesezeit\" \/>\n\t<meta name=\"twitter:data1\" content=\"10\u00a0Minuten\" \/>\n<script type=\"application\/ld+json\" class=\"yoast-schema-graph\">{\"@context\":\"https:\/\/schema.org\",\"@graph\":[{\"@type\":\"WebPage\",\"@id\":\"https:\/\/thomas-ufkes.com\/de\/allgemeine-bedingungen-und-konditionen\/\",\"url\":\"https:\/\/thomas-ufkes.com\/de\/allgemeine-bedingungen-und-konditionen\/\",\"name\":\"Allgemeine Bedingungen und Konditionen - Thomas &amp; Ufkes\",\"isPartOf\":{\"@id\":\"https:\/\/thomas-ufkes.com\/de\/#website\"},\"datePublished\":\"2024-02-29T15:53:26+00:00\",\"dateModified\":\"2025-10-23T14:05:56+00:00\",\"breadcrumb\":{\"@id\":\"https:\/\/thomas-ufkes.com\/de\/allgemeine-bedingungen-und-konditionen\/#breadcrumb\"},\"inLanguage\":\"de\",\"potentialAction\":[{\"@type\":\"ReadAction\",\"target\":[\"https:\/\/thomas-ufkes.com\/de\/allgemeine-bedingungen-und-konditionen\/\"]}]},{\"@type\":\"BreadcrumbList\",\"@id\":\"https:\/\/thomas-ufkes.com\/de\/allgemeine-bedingungen-und-konditionen\/#breadcrumb\",\"itemListElement\":[{\"@type\":\"ListItem\",\"position\":1,\"name\":\"Home\",\"item\":\"https:\/\/thomas-ufkes.com\/de\/home-2\/\"},{\"@type\":\"ListItem\",\"position\":2,\"name\":\"Allgemeine Bedingungen und Konditionen\"}]},{\"@type\":\"WebSite\",\"@id\":\"https:\/\/thomas-ufkes.com\/de\/#website\",\"url\":\"https:\/\/thomas-ufkes.com\/de\/\",\"name\":\"Thomas &amp; Ufkes\",\"description\":\"\",\"publisher\":{\"@id\":\"https:\/\/thomas-ufkes.com\/de\/#organization\"},\"potentialAction\":[{\"@type\":\"SearchAction\",\"target\":{\"@type\":\"EntryPoint\",\"urlTemplate\":\"https:\/\/thomas-ufkes.com\/de\/?s={search_term_string}\"},\"query-input\":{\"@type\":\"PropertyValueSpecification\",\"valueRequired\":true,\"valueName\":\"search_term_string\"}}],\"inLanguage\":\"de\"},{\"@type\":\"Organization\",\"@id\":\"https:\/\/thomas-ufkes.com\/de\/#organization\",\"name\":\"Thomas &amp; Ufkes\",\"url\":\"https:\/\/thomas-ufkes.com\/de\/\",\"logo\":{\"@type\":\"ImageObject\",\"inLanguage\":\"de\",\"@id\":\"https:\/\/thomas-ufkes.com\/de\/#\/schema\/logo\/image\/\",\"url\":\"https:\/\/thomas-ufkes.com\/wp-content\/uploads\/2022\/07\/Website-hoofding-1-e1767694075143.png\",\"contentUrl\":\"https:\/\/thomas-ufkes.com\/wp-content\/uploads\/2022\/07\/Website-hoofding-1-e1767694075143.png\",\"width\":233,\"height\":100,\"caption\":\"Thomas &amp; Ufkes\"},\"image\":{\"@id\":\"https:\/\/thomas-ufkes.com\/de\/#\/schema\/logo\/image\/\"}}]}<\/script>\n<!-- \/ Yoast SEO plugin. -->","yoast_head_json":{"title":"Allgemeine Bedingungen und Konditionen - Thomas &amp; Ufkes","robots":{"index":"index","follow":"follow","max-snippet":"max-snippet:-1","max-image-preview":"max-image-preview:large","max-video-preview":"max-video-preview:-1"},"canonical":"https:\/\/thomas-ufkes.com\/de\/allgemeine-bedingungen-und-konditionen\/","og_locale":"de_DE","og_type":"article","og_title":"Allgemeine Bedingungen und Konditionen - Thomas &amp; Ufkes","og_description":"Allgemeine Verkaufs- und Garantiebedingungen Anwendbarkeit Diese allgemeinen Gesch\u00e4ftsbedingungen gelten f\u00fcr alle Rechtsbeziehungen zwischen der Thomas Hoogwerkers BV mit Sitz in 1785 Merchtem, Brusselsesteenweg 136, RPR Br\u00fcssel, niederl\u00e4ndischsprachige Sektion, Firmennummer VAT BE(0)400.752.035 (im Folgenden \u201eThomas Hoogwerkers\u201c) einerseits und ihren Kunden andererseits (im Folgenden gemeinsam die \u201eParteien\u201c). Abweichungen von diesen allgemeinen Gesch\u00e4ftsbedingungen k\u00f6nnen nur schriftlich erfolgen, wobei [&hellip;]","og_url":"https:\/\/thomas-ufkes.com\/de\/allgemeine-bedingungen-und-konditionen\/","og_site_name":"Thomas &amp; Ufkes","article_modified_time":"2025-10-23T14:05:56+00:00","twitter_card":"summary_large_image","twitter_misc":{"Gesch\u00e4tzte Lesezeit":"10\u00a0Minuten"},"schema":{"@context":"https:\/\/schema.org","@graph":[{"@type":"WebPage","@id":"https:\/\/thomas-ufkes.com\/de\/allgemeine-bedingungen-und-konditionen\/","url":"https:\/\/thomas-ufkes.com\/de\/allgemeine-bedingungen-und-konditionen\/","name":"Allgemeine Bedingungen und Konditionen - Thomas &amp; Ufkes","isPartOf":{"@id":"https:\/\/thomas-ufkes.com\/de\/#website"},"datePublished":"2024-02-29T15:53:26+00:00","dateModified":"2025-10-23T14:05:56+00:00","breadcrumb":{"@id":"https:\/\/thomas-ufkes.com\/de\/allgemeine-bedingungen-und-konditionen\/#breadcrumb"},"inLanguage":"de","potentialAction":[{"@type":"ReadAction","target":["https:\/\/thomas-ufkes.com\/de\/allgemeine-bedingungen-und-konditionen\/"]}]},{"@type":"BreadcrumbList","@id":"https:\/\/thomas-ufkes.com\/de\/allgemeine-bedingungen-und-konditionen\/#breadcrumb","itemListElement":[{"@type":"ListItem","position":1,"name":"Home","item":"https:\/\/thomas-ufkes.com\/de\/home-2\/"},{"@type":"ListItem","position":2,"name":"Allgemeine Bedingungen und Konditionen"}]},{"@type":"WebSite","@id":"https:\/\/thomas-ufkes.com\/de\/#website","url":"https:\/\/thomas-ufkes.com\/de\/","name":"Thomas &amp; Ufkes","description":"","publisher":{"@id":"https:\/\/thomas-ufkes.com\/de\/#organization"},"potentialAction":[{"@type":"SearchAction","target":{"@type":"EntryPoint","urlTemplate":"https:\/\/thomas-ufkes.com\/de\/?s={search_term_string}"},"query-input":{"@type":"PropertyValueSpecification","valueRequired":true,"valueName":"search_term_string"}}],"inLanguage":"de"},{"@type":"Organization","@id":"https:\/\/thomas-ufkes.com\/de\/#organization","name":"Thomas &amp; Ufkes","url":"https:\/\/thomas-ufkes.com\/de\/","logo":{"@type":"ImageObject","inLanguage":"de","@id":"https:\/\/thomas-ufkes.com\/de\/#\/schema\/logo\/image\/","url":"https:\/\/thomas-ufkes.com\/wp-content\/uploads\/2022\/07\/Website-hoofding-1-e1767694075143.png","contentUrl":"https:\/\/thomas-ufkes.com\/wp-content\/uploads\/2022\/07\/Website-hoofding-1-e1767694075143.png","width":233,"height":100,"caption":"Thomas &amp; Ufkes"},"image":{"@id":"https:\/\/thomas-ufkes.com\/de\/#\/schema\/logo\/image\/"}}]}},"_links":{"self":[{"href":"https:\/\/thomas-ufkes.com\/de\/wp-json\/wp\/v2\/pages\/4455","targetHints":{"allow":["GET"]}}],"collection":[{"href":"https:\/\/thomas-ufkes.com\/de\/wp-json\/wp\/v2\/pages"}],"about":[{"href":"https:\/\/thomas-ufkes.com\/de\/wp-json\/wp\/v2\/types\/page"}],"author":[{"embeddable":true,"href":"https:\/\/thomas-ufkes.com\/de\/wp-json\/wp\/v2\/users\/4"}],"replies":[{"embeddable":true,"href":"https:\/\/thomas-ufkes.com\/de\/wp-json\/wp\/v2\/comments?post=4455"}],"version-history":[{"count":7,"href":"https:\/\/thomas-ufkes.com\/de\/wp-json\/wp\/v2\/pages\/4455\/revisions"}],"predecessor-version":[{"id":5409,"href":"https:\/\/thomas-ufkes.com\/de\/wp-json\/wp\/v2\/pages\/4455\/revisions\/5409"}],"wp:attachment":[{"href":"https:\/\/thomas-ufkes.com\/de\/wp-json\/wp\/v2\/media?parent=4455"}],"curies":[{"name":"wp","href":"https:\/\/api.w.org\/{rel}","templated":true}]}}