{"id":6410,"date":"2026-03-02T08:11:48","date_gmt":"2026-03-02T07:11:48","guid":{"rendered":"https:\/\/thomas-ufkes.be\/messen\/"},"modified":"2026-04-14T12:58:04","modified_gmt":"2026-04-14T11:58:04","slug":"messen","status":"publish","type":"page","link":"https:\/\/thomas-ufkes.com\/de\/messen\/","title":{"rendered":"Messen"},"content":{"rendered":"\t\t<div data-elementor-type=\"wp-page\" data-elementor-id=\"6410\" class=\"elementor elementor-6410 elementor-5244\" data-elementor-post-type=\"page\">\n\t\t\t\t<div class=\"elementor-element elementor-element-1200bf8 e-con-full e-flex e-con e-parent\" data-id=\"1200bf8\" data-element_type=\"container\" data-settings=\"{&quot;background_background&quot;:&quot;classic&quot;}\">\n\t\t\t\t<div class=\"elementor-element elementor-element-51ae665 elementor-widget elementor-widget-heading\" data-id=\"51ae665\" data-element_type=\"widget\" data-widget_type=\"heading.default\">\n\t\t\t\t<div class=\"elementor-widget-container\">\n\t\t\t\t\t<h2 class=\"elementor-heading-title elementor-size-default\">Messen<\/h2>\t\t\t\t<\/div>\n\t\t\t\t<\/div>\n\t\t\t\t<\/div>\n\t\t<div class=\"elementor-element elementor-element-6d1a872 e-flex e-con-boxed e-con e-parent\" data-id=\"6d1a872\" data-element_type=\"container\">\n\t\t\t\t\t<div class=\"e-con-inner\">\n\t\t\t\t<div class=\"elementor-element elementor-element-3ca5886 elementor-widget elementor-widget-heading\" data-id=\"3ca5886\" data-element_type=\"widget\" data-widget_type=\"heading.default\">\n\t\t\t\t<div class=\"elementor-widget-container\">\n\t\t\t\t\t<h2 class=\"elementor-heading-title elementor-size-default\">Messen<\/h2>\t\t\t\t<\/div>\n\t\t\t\t<\/div>\n\t\t\t\t<div class=\"elementor-element elementor-element-623853e elementor-widget elementor-widget-text-editor\" data-id=\"623853e\" data-element_type=\"widget\" data-widget_type=\"text-editor.default\">\n\t\t\t\t<div class=\"elementor-widget-container\">\n\t\t\t\t\t\t\t\t\t<p>Vielleicht kommen wir bald in Ihre N\u00e4he! Entdecken Sie hier, welche Messen wir geplant haben. <\/p>\t\t\t\t\t\t\t\t<\/div>\n\t\t\t\t<\/div>\n\t\t\t\t\t<\/div>\n\t\t\t\t<\/div>\n\t\t<div class=\"elementor-element elementor-element-a1c4d0d e-flex e-con-boxed e-con e-parent\" data-id=\"a1c4d0d\" data-element_type=\"container\" data-settings=\"{&quot;background_background&quot;:&quot;classic&quot;}\">\n\t\t\t\t\t<div class=\"e-con-inner\">\n\t\t<div class=\"elementor-element elementor-element-04793ee e-con-full e-flex e-con e-child\" data-id=\"04793ee\" data-element_type=\"container\">\n\t\t\t\t<div class=\"elementor-element elementor-element-b937243 elementor-widget elementor-widget-text-editor\" data-id=\"b937243\" data-element_type=\"widget\" data-widget_type=\"text-editor.default\">\n\t\t\t\t<div class=\"elementor-widget-container\">\n\t\t\t\t\t\t\t\t\t<p><strong><a href=\"https:\/\/www.forst-live.de\/en\" target=\"_blank\" rel=\"noopener\"><span style=\"color: #c10a27;\">Forst Live<\/span><\/a><\/strong><\/p>\t\t\t\t\t\t\t\t<\/div>\n\t\t\t\t<\/div>\n\t\t\t\t<\/div>\n\t\t<div class=\"elementor-element elementor-element-3fe93f0 e-con-full e-flex e-con e-child\" data-id=\"3fe93f0\" data-element_type=\"container\">\n\t\t\t\t<div class=\"elementor-element elementor-element-0aeecb1 elementor-widget elementor-widget-text-editor\" data-id=\"0aeecb1\" data-element_type=\"widget\" data-widget_type=\"text-editor.default\">\n\t\t\t\t<div class=\"elementor-widget-container\">\n\t\t\t\t\t\t\t\t\t<p><strong>27 &#8211; 29 M\u00e4rz 2026<\/strong><\/p>\t\t\t\t\t\t\t\t<\/div>\n\t\t\t\t<\/div>\n\t\t\t\t<\/div>\n\t\t<div class=\"elementor-element elementor-element-4df2f8f e-con-full e-flex e-con e-child\" data-id=\"4df2f8f\" data-element_type=\"container\">\n\t\t\t\t<div class=\"elementor-element elementor-element-f93e577 elementor-widget elementor-widget-text-editor\" data-id=\"f93e577\" data-element_type=\"widget\" data-widget_type=\"text-editor.default\">\n\t\t\t\t<div class=\"elementor-widget-container\">\n\t\t\t\t\t\t\t\t\t<p>Deutschland, Offenburg<\/p>\t\t\t\t\t\t\t\t<\/div>\n\t\t\t\t<\/div>\n\t\t\t\t<\/div>\n\t\t<div class=\"elementor-element elementor-element-2827db3 e-con-full e-flex e-con e-child\" data-id=\"2827db3\" data-element_type=\"container\">\n\t\t\t\t<div class=\"elementor-element elementor-element-9c63c69 elementor-widget elementor-widget-text-editor\" data-id=\"9c63c69\" data-element_type=\"widget\" data-widget_type=\"text-editor.default\">\n\t\t\t\t<div class=\"elementor-widget-container\">\n\t\t\t\t\t\t\t\t\t<p>N216<\/p>\t\t\t\t\t\t\t\t<\/div>\n\t\t\t\t<\/div>\n\t\t\t\t<\/div>\n\t\t\t\t\t<\/div>\n\t\t\t\t<\/div>\n\t\t<div class=\"elementor-element elementor-element-b2ebcaf e-flex e-con-boxed e-con e-parent\" data-id=\"b2ebcaf\" data-element_type=\"container\" data-settings=\"{&quot;background_background&quot;:&quot;classic&quot;}\">\n\t\t\t\t\t<div class=\"e-con-inner\">\n\t\t<div class=\"elementor-element elementor-element-411684b e-con-full e-flex e-con e-child\" data-id=\"411684b\" data-element_type=\"container\">\n\t\t\t\t<div class=\"elementor-element elementor-element-db0bc85 elementor-widget elementor-widget-text-editor\" data-id=\"db0bc85\" data-element_type=\"widget\" data-widget_type=\"text-editor.default\">\n\t\t\t\t<div class=\"elementor-widget-container\">\n\t\t\t\t\t\t\t\t\t<p><strong><span style=\"color: #c10a27;\"><a href=\"https:\/\/demoforest.be\">Demo Forest<\/a><\/span><\/strong><\/p>\t\t\t\t\t\t\t\t<\/div>\n\t\t\t\t<\/div>\n\t\t\t\t<\/div>\n\t\t<div class=\"elementor-element elementor-element-73e997d e-con-full e-flex e-con e-child\" data-id=\"73e997d\" data-element_type=\"container\">\n\t\t\t\t<div class=\"elementor-element elementor-element-26a96b1 elementor-widget elementor-widget-text-editor\" data-id=\"26a96b1\" data-element_type=\"widget\" data-widget_type=\"text-editor.default\">\n\t\t\t\t<div class=\"elementor-widget-container\">\n\t\t\t\t\t\t\t\t\t<p><strong>28 &#8211; 29 Juli 2026<\/strong><\/p>\t\t\t\t\t\t\t\t<\/div>\n\t\t\t\t<\/div>\n\t\t\t\t<\/div>\n\t\t<div class=\"elementor-element elementor-element-a1dfbc5 e-con-full e-flex e-con e-child\" data-id=\"a1dfbc5\" data-element_type=\"container\">\n\t\t\t\t<div class=\"elementor-element elementor-element-f1eb293 elementor-widget elementor-widget-text-editor\" data-id=\"f1eb293\" data-element_type=\"widget\" data-widget_type=\"text-editor.default\">\n\t\t\t\t<div class=\"elementor-widget-container\">\n\t\t\t\t\t\t\t\t\t<p>Belgien, Libramont<\/p>\t\t\t\t\t\t\t\t<\/div>\n\t\t\t\t<\/div>\n\t\t\t\t<\/div>\n\t\t<div class=\"elementor-element elementor-element-f2a3cf4 e-con-full e-flex e-con e-child\" data-id=\"f2a3cf4\" data-element_type=\"container\">\n\t\t\t\t<\/div>\n\t\t\t\t\t<\/div>\n\t\t\t\t<\/div>\n\t\t<div class=\"elementor-element elementor-element-9a54b1c e-flex e-con-boxed e-con e-parent\" data-id=\"9a54b1c\" data-element_type=\"container\">\n\t\t\t\t\t<div class=\"e-con-inner\">\n\t\t\t\t<div class=\"elementor-element elementor-element-d52e4b8 elementor-widget elementor-widget-spacer\" data-id=\"d52e4b8\" data-element_type=\"widget\" data-widget_type=\"spacer.default\">\n\t\t\t\t<div class=\"elementor-widget-container\">\n\t\t\t\t\t\t\t<div class=\"elementor-spacer\">\n\t\t\t<div class=\"elementor-spacer-inner\"><\/div>\n\t\t<\/div>\n\t\t\t\t\t\t<\/div>\n\t\t\t\t<\/div>\n\t\t\t\t<div class=\"elementor-element elementor-element-9a45fc7 elementor-widget elementor-widget-heading\" data-id=\"9a45fc7\" data-element_type=\"widget\" data-widget_type=\"heading.default\">\n\t\t\t\t<div class=\"elementor-widget-container\">\n\t\t\t\t\t<h2 class=\"elementor-heading-title elementor-size-default\">M\u00f6chten Sie lieber einen Besuch vereinbaren?<br><\/h2>\t\t\t\t<\/div>\n\t\t\t\t<\/div>\n\t\t\t\t<div class=\"elementor-element elementor-element-73185ba elementor-widget elementor-widget-text-editor\" data-id=\"73185ba\" data-element_type=\"widget\" data-widget_type=\"text-editor.default\">\n\t\t\t\t<div class=\"elementor-widget-container\">\n\t\t\t\t\t\t\t\t\t<p>M\u00f6chten Sie unsere Maschinen aus n\u00e4chster N\u00e4he betrachten? Sie sind jederzeit in unserer Werkstatt in Merchtem willkommen! Kontaktieren Sie uns und erfahren Sie, was wir f\u00fcr Sie tun k\u00f6nnen.  <\/p>\t\t\t\t\t\t\t\t<\/div>\n\t\t\t\t<\/div>\n\t\t\t\t<div class=\"elementor-element elementor-element-1aeb748 elementor-widget elementor-widget-button\" data-id=\"1aeb748\" data-element_type=\"widget\" data-settings=\"{&quot;_animation&quot;:&quot;none&quot;}\" data-widget_type=\"button.default\">\n\t\t\t\t<div class=\"elementor-widget-container\">\n\t\t\t\t\t\t\t\t\t<div class=\"elementor-button-wrapper\">\n\t\t\t\t\t<a class=\"elementor-button elementor-button-link elementor-size-sm\" href=\"https:\/\/thomas-ufkes.com\/de\/kontakt\/\">\n\t\t\t\t\t\t<span class=\"elementor-button-content-wrapper\">\n\t\t\t\t\t\t\t\t\t<span class=\"elementor-button-text\">Kontaktieren Sie uns<\/span>\n\t\t\t\t\t<\/span>\n\t\t\t\t\t<\/a>\n\t\t\t\t<\/div>\n\t\t\t\t\t\t\t\t<\/div>\n\t\t\t\t<\/div>\n\t\t\t\t<div class=\"elementor-element elementor-element-ba741ab elementor-widget elementor-widget-spacer\" data-id=\"ba741ab\" data-element_type=\"widget\" data-widget_type=\"spacer.default\">\n\t\t\t\t<div class=\"elementor-widget-container\">\n\t\t\t\t\t\t\t<div class=\"elementor-spacer\">\n\t\t\t<div class=\"elementor-spacer-inner\"><\/div>\n\t\t<\/div>\n\t\t\t\t\t\t<\/div>\n\t\t\t\t<\/div>\n\t\t\t\t\t<\/div>\n\t\t\t\t<\/div>\n\t\t\t\t<\/div>\n\t\t","protected":false},"excerpt":{"rendered":"<p>Messen Messen Vielleicht kommen wir bald in Ihre N\u00e4he! Entdecken Sie hier, welche Messen wir geplant haben. Forst Live 27 &#8211; 29 M\u00e4rz 2026 Deutschland, Offenburg N216 Demo Forest 28 &#8211; 29 Juli 2026 Belgien, Libramont M\u00f6chten Sie lieber einen Besuch vereinbaren? M\u00f6chten Sie unsere Maschinen aus n\u00e4chster N\u00e4he betrachten? Sie sind jederzeit in unserer [&hellip;]<\/p>\n","protected":false},"author":5,"featured_media":2793,"parent":0,"menu_order":0,"comment_status":"closed","ping_status":"closed","template":"","meta":{"footnotes":""},"class_list":["post-6410","page","type-page","status-publish","has-post-thumbnail","hentry"],"yoast_head":"<!-- This site is optimized with the Yoast SEO plugin v26.8 - https:\/\/yoast.com\/product\/yoast-seo-wordpress\/ -->\n<title>Messen | Thomas &amp; Ufkes<\/title>\n<meta name=\"description\" content=\"Sind Sie neugierig, auf welchen Messen Sie uns bald besuchen k\u00f6nnen? Entdecken Sie es hier und erfahren Sie, wo Sie uns finden k\u00f6nnen.\" \/>\n<meta name=\"robots\" content=\"index, follow, max-snippet:-1, max-image-preview:large, max-video-preview:-1\" \/>\n<link rel=\"canonical\" href=\"https:\/\/thomas-ufkes.com\/de\/messen\/\" \/>\n<meta property=\"og:locale\" content=\"de_DE\" \/>\n<meta property=\"og:type\" content=\"article\" \/>\n<meta property=\"og:title\" content=\"Messen | Thomas &amp; Ufkes\" \/>\n<meta property=\"og:description\" content=\"Sind Sie neugierig, auf welchen Messen Sie uns bald besuchen k\u00f6nnen? Entdecken Sie es hier und erfahren Sie, wo Sie uns finden k\u00f6nnen.\" \/>\n<meta property=\"og:url\" content=\"https:\/\/thomas-ufkes.com\/de\/messen\/\" \/>\n<meta property=\"og:site_name\" content=\"Thomas &amp; Ufkes\" \/>\n<meta property=\"article:modified_time\" content=\"2026-04-14T11:58:04+00:00\" \/>\n<meta property=\"og:image\" content=\"https:\/\/thomas-ufkes.com\/wp-content\/uploads\/2024\/07\/453509815_937423741731526_9061552001953544503_n.jpg\" \/>\n\t<meta property=\"og:image:width\" content=\"2048\" \/>\n\t<meta property=\"og:image:height\" content=\"1365\" \/>\n\t<meta property=\"og:image:type\" content=\"image\/jpeg\" \/>\n<meta name=\"twitter:card\" content=\"summary_large_image\" \/>\n<script type=\"application\/ld+json\" class=\"yoast-schema-graph\">{\"@context\":\"https:\/\/schema.org\",\"@graph\":[{\"@type\":\"WebPage\",\"@id\":\"https:\/\/thomas-ufkes.com\/de\/messen\/\",\"url\":\"https:\/\/thomas-ufkes.com\/de\/messen\/\",\"name\":\"Messen | Thomas & Ufkes\",\"isPartOf\":{\"@id\":\"https:\/\/thomas-ufkes.com\/de\/#website\"},\"primaryImageOfPage\":{\"@id\":\"https:\/\/thomas-ufkes.com\/de\/messen\/#primaryimage\"},\"image\":{\"@id\":\"https:\/\/thomas-ufkes.com\/de\/messen\/#primaryimage\"},\"thumbnailUrl\":\"https:\/\/thomas-ufkes.com\/wp-content\/uploads\/2024\/07\/453509815_937423741731526_9061552001953544503_n.jpg\",\"datePublished\":\"2026-03-02T07:11:48+00:00\",\"dateModified\":\"2026-04-14T11:58:04+00:00\",\"description\":\"Sind Sie neugierig, auf welchen Messen Sie uns bald besuchen k\u00f6nnen? Entdecken Sie es hier und erfahren Sie, wo Sie uns finden k\u00f6nnen.\",\"breadcrumb\":{\"@id\":\"https:\/\/thomas-ufkes.com\/de\/messen\/#breadcrumb\"},\"inLanguage\":\"de\",\"potentialAction\":[{\"@type\":\"ReadAction\",\"target\":[\"https:\/\/thomas-ufkes.com\/de\/messen\/\"]}]},{\"@type\":\"ImageObject\",\"inLanguage\":\"de\",\"@id\":\"https:\/\/thomas-ufkes.com\/de\/messen\/#primaryimage\",\"url\":\"https:\/\/thomas-ufkes.com\/wp-content\/uploads\/2024\/07\/453509815_937423741731526_9061552001953544503_n.jpg\",\"contentUrl\":\"https:\/\/thomas-ufkes.com\/wp-content\/uploads\/2024\/07\/453509815_937423741731526_9061552001953544503_n.jpg\",\"width\":2048,\"height\":1365},{\"@type\":\"BreadcrumbList\",\"@id\":\"https:\/\/thomas-ufkes.com\/de\/messen\/#breadcrumb\",\"itemListElement\":[{\"@type\":\"ListItem\",\"position\":1,\"name\":\"Home\",\"item\":\"https:\/\/thomas-ufkes.com\/de\/home-2\/\"},{\"@type\":\"ListItem\",\"position\":2,\"name\":\"Messen\"}]},{\"@type\":\"WebSite\",\"@id\":\"https:\/\/thomas-ufkes.com\/de\/#website\",\"url\":\"https:\/\/thomas-ufkes.com\/de\/\",\"name\":\"Thomas &amp; Ufkes\",\"description\":\"\",\"publisher\":{\"@id\":\"https:\/\/thomas-ufkes.com\/de\/#organization\"},\"potentialAction\":[{\"@type\":\"SearchAction\",\"target\":{\"@type\":\"EntryPoint\",\"urlTemplate\":\"https:\/\/thomas-ufkes.com\/de\/?s={search_term_string}\"},\"query-input\":{\"@type\":\"PropertyValueSpecification\",\"valueRequired\":true,\"valueName\":\"search_term_string\"}}],\"inLanguage\":\"de\"},{\"@type\":\"Organization\",\"@id\":\"https:\/\/thomas-ufkes.com\/de\/#organization\",\"name\":\"Thomas &amp; Ufkes\",\"url\":\"https:\/\/thomas-ufkes.com\/de\/\",\"logo\":{\"@type\":\"ImageObject\",\"inLanguage\":\"de\",\"@id\":\"https:\/\/thomas-ufkes.com\/de\/#\/schema\/logo\/image\/\",\"url\":\"https:\/\/thomas-ufkes.com\/wp-content\/uploads\/2022\/07\/Website-hoofding-1-e1767694075143.png\",\"contentUrl\":\"https:\/\/thomas-ufkes.com\/wp-content\/uploads\/2022\/07\/Website-hoofding-1-e1767694075143.png\",\"width\":233,\"height\":100,\"caption\":\"Thomas &amp; Ufkes\"},\"image\":{\"@id\":\"https:\/\/thomas-ufkes.com\/de\/#\/schema\/logo\/image\/\"}}]}<\/script>\n<!-- \/ Yoast SEO plugin. -->","yoast_head_json":{"title":"Messen | Thomas & Ufkes","description":"Sind Sie neugierig, auf welchen Messen Sie uns bald besuchen k\u00f6nnen? Entdecken Sie es hier und erfahren Sie, wo Sie uns finden k\u00f6nnen.","robots":{"index":"index","follow":"follow","max-snippet":"max-snippet:-1","max-image-preview":"max-image-preview:large","max-video-preview":"max-video-preview:-1"},"canonical":"https:\/\/thomas-ufkes.com\/de\/messen\/","og_locale":"de_DE","og_type":"article","og_title":"Messen | Thomas & Ufkes","og_description":"Sind Sie neugierig, auf welchen Messen Sie uns bald besuchen k\u00f6nnen? Entdecken Sie es hier und erfahren Sie, wo Sie uns finden k\u00f6nnen.","og_url":"https:\/\/thomas-ufkes.com\/de\/messen\/","og_site_name":"Thomas &amp; Ufkes","article_modified_time":"2026-04-14T11:58:04+00:00","og_image":[{"width":2048,"height":1365,"url":"https:\/\/thomas-ufkes.com\/wp-content\/uploads\/2024\/07\/453509815_937423741731526_9061552001953544503_n.jpg","type":"image\/jpeg"}],"twitter_card":"summary_large_image","schema":{"@context":"https:\/\/schema.org","@graph":[{"@type":"WebPage","@id":"https:\/\/thomas-ufkes.com\/de\/messen\/","url":"https:\/\/thomas-ufkes.com\/de\/messen\/","name":"Messen | Thomas & Ufkes","isPartOf":{"@id":"https:\/\/thomas-ufkes.com\/de\/#website"},"primaryImageOfPage":{"@id":"https:\/\/thomas-ufkes.com\/de\/messen\/#primaryimage"},"image":{"@id":"https:\/\/thomas-ufkes.com\/de\/messen\/#primaryimage"},"thumbnailUrl":"https:\/\/thomas-ufkes.com\/wp-content\/uploads\/2024\/07\/453509815_937423741731526_9061552001953544503_n.jpg","datePublished":"2026-03-02T07:11:48+00:00","dateModified":"2026-04-14T11:58:04+00:00","description":"Sind Sie neugierig, auf welchen Messen Sie uns bald besuchen k\u00f6nnen? Entdecken Sie es hier und erfahren Sie, wo Sie uns finden k\u00f6nnen.","breadcrumb":{"@id":"https:\/\/thomas-ufkes.com\/de\/messen\/#breadcrumb"},"inLanguage":"de","potentialAction":[{"@type":"ReadAction","target":["https:\/\/thomas-ufkes.com\/de\/messen\/"]}]},{"@type":"ImageObject","inLanguage":"de","@id":"https:\/\/thomas-ufkes.com\/de\/messen\/#primaryimage","url":"https:\/\/thomas-ufkes.com\/wp-content\/uploads\/2024\/07\/453509815_937423741731526_9061552001953544503_n.jpg","contentUrl":"https:\/\/thomas-ufkes.com\/wp-content\/uploads\/2024\/07\/453509815_937423741731526_9061552001953544503_n.jpg","width":2048,"height":1365},{"@type":"BreadcrumbList","@id":"https:\/\/thomas-ufkes.com\/de\/messen\/#breadcrumb","itemListElement":[{"@type":"ListItem","position":1,"name":"Home","item":"https:\/\/thomas-ufkes.com\/de\/home-2\/"},{"@type":"ListItem","position":2,"name":"Messen"}]},{"@type":"WebSite","@id":"https:\/\/thomas-ufkes.com\/de\/#website","url":"https:\/\/thomas-ufkes.com\/de\/","name":"Thomas &amp; Ufkes","description":"","publisher":{"@id":"https:\/\/thomas-ufkes.com\/de\/#organization"},"potentialAction":[{"@type":"SearchAction","target":{"@type":"EntryPoint","urlTemplate":"https:\/\/thomas-ufkes.com\/de\/?s={search_term_string}"},"query-input":{"@type":"PropertyValueSpecification","valueRequired":true,"valueName":"search_term_string"}}],"inLanguage":"de"},{"@type":"Organization","@id":"https:\/\/thomas-ufkes.com\/de\/#organization","name":"Thomas &amp; Ufkes","url":"https:\/\/thomas-ufkes.com\/de\/","logo":{"@type":"ImageObject","inLanguage":"de","@id":"https:\/\/thomas-ufkes.com\/de\/#\/schema\/logo\/image\/","url":"https:\/\/thomas-ufkes.com\/wp-content\/uploads\/2022\/07\/Website-hoofding-1-e1767694075143.png","contentUrl":"https:\/\/thomas-ufkes.com\/wp-content\/uploads\/2022\/07\/Website-hoofding-1-e1767694075143.png","width":233,"height":100,"caption":"Thomas &amp; Ufkes"},"image":{"@id":"https:\/\/thomas-ufkes.com\/de\/#\/schema\/logo\/image\/"}}]}},"_links":{"self":[{"href":"https:\/\/thomas-ufkes.com\/de\/wp-json\/wp\/v2\/pages\/6410","targetHints":{"allow":["GET"]}}],"collection":[{"href":"https:\/\/thomas-ufkes.com\/de\/wp-json\/wp\/v2\/pages"}],"about":[{"href":"https:\/\/thomas-ufkes.com\/de\/wp-json\/wp\/v2\/types\/page"}],"author":[{"embeddable":true,"href":"https:\/\/thomas-ufkes.com\/de\/wp-json\/wp\/v2\/users\/5"}],"replies":[{"embeddable":true,"href":"https:\/\/thomas-ufkes.com\/de\/wp-json\/wp\/v2\/comments?post=6410"}],"version-history":[{"count":3,"href":"https:\/\/thomas-ufkes.com\/de\/wp-json\/wp\/v2\/pages\/6410\/revisions"}],"predecessor-version":[{"id":6667,"href":"https:\/\/thomas-ufkes.com\/de\/wp-json\/wp\/v2\/pages\/6410\/revisions\/6667"}],"wp:featuredmedia":[{"embeddable":true,"href":"https:\/\/thomas-ufkes.com\/de\/wp-json\/wp\/v2\/media\/2793"}],"wp:attachment":[{"href":"https:\/\/thomas-ufkes.com\/de\/wp-json\/wp\/v2\/media?parent=6410"}],"curies":[{"name":"wp","href":"https:\/\/api.w.org\/{rel}","templated":true}]}}