{"id":3680,"date":"2024-03-06T14:01:50","date_gmt":"2024-03-06T13:01:50","guid":{"rendered":"https:\/\/thomas-hoogwerkers.be\/disclaimer\/"},"modified":"2025-01-20T09:40:20","modified_gmt":"2025-01-20T08:40:20","slug":"disclaimer","status":"publish","type":"page","link":"https:\/\/thomas-ufkes.com\/fr\/disclaimer\/","title":{"rendered":"Disclaimer"},"content":{"rendered":"\t\t<div data-elementor-type=\"wp-page\" data-elementor-id=\"3680\" class=\"elementor elementor-3680 elementor-653\" data-elementor-post-type=\"page\">\n\t\t\t\t<div class=\"elementor-element elementor-element-9dadded e-flex e-con-boxed e-con e-parent\" data-id=\"9dadded\" data-element_type=\"container\">\n\t\t\t\t\t<div class=\"e-con-inner\">\n\t\t\t\t<div class=\"elementor-element elementor-element-e70dc2d elementor-widget elementor-widget-text-editor\" data-id=\"e70dc2d\" data-element_type=\"widget\" data-widget_type=\"text-editor.default\">\n\t\t\t\t<div class=\"elementor-widget-container\">\n\t\t\t\t\t\t\t\t\t<p>Ce site web est la propri\u00e9t\u00e9 de Thomas Hoogwerkers BV (\u00ab Thomas Hoogwerkers \u00bb)<br>Brusselsesteenweg 136<br>1785 Merchtem<br>T\u00e9l : 052 37 10 05<br>E-mail : info@thomas-hoogwerkers.be<\/p>\n<h2>Droits de propri\u00e9t\u00e9 intellectuelle<\/h2>\n<p>Tous les textes, documents et photos pr\u00e9sents sur ce site sont prot\u00e9g\u00e9s par des droits de propri\u00e9t\u00e9 intellectuelle et appartiennent \u00e0 Thomas Hoogwerkers ou \u00e0 des tiers titulaires des droits. La reproduction totale ou partielle des informations sur le site est autoris\u00e9e \u00e0 condition de mentionner la source.<\/p>\n<h2>Limitation de responsabilit\u00e9<\/h2>\n<p>Les informations sur le site sont d&rsquo;ordre g\u00e9n\u00e9ral. Les informations ne sont pas adapt\u00e9es aux circonstances personnelles ou sp\u00e9cifiques et ne peuvent donc pas \u00eatre consid\u00e9r\u00e9es comme un conseil personnel, professionnel ou juridique \u00e0 l&rsquo;intention de l&rsquo;utilisateur.<\/p>\n<p>Thomas Hoogwerkers d\u00e9ploie de grands efforts pour que les informations mises \u00e0 disposition soient compl\u00e8tes, correctes, pr\u00e9cises et \u00e0 jour. Malgr\u00e9 ces efforts, des inexactitudes peuvent survenir dans les informations mises \u00e0 disposition. Si les informations fournies contiennent des inexactitudes ou si certaines informations sur ou via le site ne sont pas disponibles, Thomas Hoogwerkers s&rsquo;efforcera de rectifier cela dans les plus brefs d\u00e9lais.<\/p>\n<p>Thomas Hoogwerkers ne peut cependant \u00eatre tenu responsable des dommages directs ou indirects r\u00e9sultant de l&rsquo;utilisation des informations sur ce site. Si vous constatez des inexactitudes dans les informations mises \u00e0 disposition via le site, vous pouvez contacter l&rsquo;administrateur du site.<\/p>\n<p>Le contenu du site (y compris les liens) peut \u00eatre modifi\u00e9, ajust\u00e9 ou compl\u00e9t\u00e9 \u00e0 tout moment sans pr\u00e9avis ni notification. Thomas Hoogwerkers&nbsp;ne fournit aucune garantie quant au bon fonctionnement du site et ne peut en aucun cas \u00eatre tenu responsable d&rsquo;un mauvais fonctionnement ou d&rsquo;une disponibilit\u00e9 temporaire (ou non) du site, ni de tout type de dommage, direct ou indirect, r\u00e9sultant de l&rsquo;acc\u00e8s ou de l&rsquo;utilisation du site.<\/p>\n<p>Thomas Hoogwerkers&nbsp;ne peut en aucun cas \u00eatre tenu responsable, directement ou indirectement, de mani\u00e8re particuli\u00e8re ou autre, des dommages r\u00e9sultant de l&rsquo;utilisation de ce site ou d&rsquo;un autre, en raison de liens ou de hyperliens, y compris, sans limitation, toute perte, interruption de travail, dommage aux programmes ou autres donn\u00e9es sur le syst\u00e8me informatique, les \u00e9quipements ou autres du utilisateur.<\/p>\n<p>Le site web peut contenir des hyperliens vers des sites web ou des pages de tiers, ou y faire r\u00e9f\u00e9rence indirectement. L&rsquo;ajout de liens vers ces sites web ou pages n&rsquo;implique en aucun cas une approbation implicite de leur contenu.<\/p>\n<p>Thomas Hoogwerkers&nbsp;d\u00e9clare express\u00e9ment qu&rsquo;elle n&rsquo;a aucune autorit\u00e9 sur le contenu ou d&rsquo;autres caract\u00e9ristiques de ces sites web et ne peut en aucun cas \u00eatre tenue responsable du contenu ou des caract\u00e9ristiques de ceux-ci, ni de toute autre forme de dommage r\u00e9sultant de leur utilisation.<\/p>\n<h2>Droit applicable et tribunaux comp\u00e9tents<\/h2>\n<p>Le droit belge est applicable \u00e0 ce site. En cas de litige, seuls les tribunaux de Bruxelles sont comp\u00e9tents.<\/p>\n<h2>Google Analytics et cookies<\/h2>\n<p>Ce site utilise Google Analytics, un service d&rsquo;analyse web fourni par Google Inc. (\u201cGoogle\u201d). Google Analytics utilise des \u00ab cookies \u00bb (fichiers texte qui sont plac\u00e9s sur votre ordinateur) pour aider le site \u00e0 analyser comment les utilisateurs utilisent le site. L&rsquo;information g\u00e9n\u00e9r\u00e9e par le cookie concernant votre utilisation du site (y compris votre adresse IP) est transf\u00e9r\u00e9e \u00e0 Google et stock\u00e9e sur des serveurs aux \u00c9tats-Unis. Google utilise ces informations pour suivre l&rsquo;utilisation que vous faites du site, \u00e9tablir des rapports sur l&rsquo;activit\u00e9 du site pour les exploitants de sites web et fournir d&rsquo;autres services li\u00e9s \u00e0 l&rsquo;activit\u00e9 du site et \u00e0 l&rsquo;utilisation d&rsquo;internet. Google peut communiquer ces informations \u00e0 des tiers si Google y est oblig\u00e9 par la loi, ou dans la mesure o\u00f9 ces tiers traitent les informations au nom de Google. Google ne combinera pas votre adresse IP avec d&rsquo;autres donn\u00e9es dont Google dispose. Vous pouvez refuser l&rsquo;utilisation des cookies en s\u00e9lectionnant les param\u00e8tres appropri\u00e9s dans votre navigateur. Cependant, cela peut entra\u00eener l&rsquo;impossibilit\u00e9 d&rsquo;utiliser pleinement le site. En utilisant ce site, vous consentez au traitement des informations par Google de la mani\u00e8re et aux fins d\u00e9crites ci-dessus.<\/p>\n<h2>Remarketing<\/h2>\n<p>Thomas Hoogwerkers&nbsp;utilise le remarketing ou des groupes cibles similaires pour faire de la publicit\u00e9 en ligne et vous afficher les annonces les plus pertinentes via des fournisseurs externes, y compris Google. Ces publicit\u00e9s sont affich\u00e9es sur des sites internet.<\/p>\n<p>Ces fournisseurs externes, y compris Google, utilisent des cookies pour afficher des publicit\u00e9s en fonction des visites pr\u00e9c\u00e9dentes des utilisateurs sur notre site.<\/p>\n<p>Si vous souhaitez vous d\u00e9sinscrire de l&rsquo;utilisation des cookies Google, vous pouvez le faire via &lsquo;Gestion des pr\u00e9f\u00e9rences publicitaires&rsquo;. Vous pouvez \u00e9galement vous d\u00e9sinscrire des cookies des fournisseurs externes en visitant la page de d\u00e9sinscription de &lsquo;Network Advertising Initiative&rsquo;<\/p>\t\t\t\t\t\t\t\t<\/div>\n\t\t\t\t<\/div>\n\t\t\t\t\t<\/div>\n\t\t\t\t<\/div>\n\t\t\t\t<\/div>\n\t\t","protected":false},"excerpt":{"rendered":"<p>Ce site web est la propri\u00e9t\u00e9 de Thomas Hoogwerkers BV (\u00ab Thomas Hoogwerkers \u00bb)Brusselsesteenweg 1361785 MerchtemT\u00e9l : 052 37 10 05E-mail : info@thomas-hoogwerkers.be Droits de propri\u00e9t\u00e9 intellectuelle Tous les textes, documents et photos pr\u00e9sents sur ce site sont prot\u00e9g\u00e9s par des droits de propri\u00e9t\u00e9 intellectuelle et appartiennent \u00e0 Thomas Hoogwerkers ou \u00e0 des tiers titulaires [&hellip;]<\/p>\n","protected":false},"author":4,"featured_media":0,"parent":0,"menu_order":0,"comment_status":"closed","ping_status":"closed","template":"","meta":{"footnotes":""},"class_list":["post-3680","page","type-page","status-publish","hentry"],"yoast_head":"<!-- This site is optimized with the Yoast SEO plugin v26.8 - https:\/\/yoast.com\/product\/yoast-seo-wordpress\/ -->\n<title>Disclaimer - Thomas &amp; Ufkes<\/title>\n<meta name=\"robots\" content=\"index, follow, max-snippet:-1, max-image-preview:large, max-video-preview:-1\" \/>\n<link rel=\"canonical\" href=\"https:\/\/thomas-ufkes.com\/fr\/disclaimer\/\" \/>\n<meta property=\"og:locale\" content=\"fr_FR\" \/>\n<meta property=\"og:type\" content=\"article\" \/>\n<meta property=\"og:title\" content=\"Disclaimer - Thomas &amp; Ufkes\" \/>\n<meta property=\"og:description\" content=\"Ce site web est la propri\u00e9t\u00e9 de Thomas Hoogwerkers BV (\u00ab Thomas Hoogwerkers \u00bb)Brusselsesteenweg 1361785 MerchtemT\u00e9l : 052 37 10 05E-mail : info@thomas-hoogwerkers.be Droits de propri\u00e9t\u00e9 intellectuelle Tous les textes, documents et photos pr\u00e9sents sur ce site sont prot\u00e9g\u00e9s par des droits de propri\u00e9t\u00e9 intellectuelle et appartiennent \u00e0 Thomas Hoogwerkers ou \u00e0 des tiers titulaires [&hellip;]\" \/>\n<meta property=\"og:url\" content=\"https:\/\/thomas-ufkes.com\/fr\/disclaimer\/\" \/>\n<meta property=\"og:site_name\" content=\"Thomas &amp; Ufkes\" \/>\n<meta property=\"article:modified_time\" content=\"2025-01-20T08:40:20+00:00\" \/>\n<meta name=\"twitter:card\" content=\"summary_large_image\" \/>\n<meta name=\"twitter:label1\" content=\"Dur\u00e9e de lecture estim\u00e9e\" \/>\n\t<meta name=\"twitter:data1\" content=\"4 minutes\" \/>\n<script type=\"application\/ld+json\" class=\"yoast-schema-graph\">{\"@context\":\"https:\/\/schema.org\",\"@graph\":[{\"@type\":\"WebPage\",\"@id\":\"https:\/\/thomas-ufkes.com\/fr\/disclaimer\/\",\"url\":\"https:\/\/thomas-ufkes.com\/fr\/disclaimer\/\",\"name\":\"Disclaimer - Thomas &amp; Ufkes\",\"isPartOf\":{\"@id\":\"https:\/\/thomas-ufkes.com\/fr\/#website\"},\"datePublished\":\"2024-03-06T13:01:50+00:00\",\"dateModified\":\"2025-01-20T08:40:20+00:00\",\"breadcrumb\":{\"@id\":\"https:\/\/thomas-ufkes.com\/fr\/disclaimer\/#breadcrumb\"},\"inLanguage\":\"fr-FR\",\"potentialAction\":[{\"@type\":\"ReadAction\",\"target\":[\"https:\/\/thomas-ufkes.com\/fr\/disclaimer\/\"]}]},{\"@type\":\"BreadcrumbList\",\"@id\":\"https:\/\/thomas-ufkes.com\/fr\/disclaimer\/#breadcrumb\",\"itemListElement\":[{\"@type\":\"ListItem\",\"position\":1,\"name\":\"Home\",\"item\":\"https:\/\/thomas-ufkes.com\/fr\/home\/\"},{\"@type\":\"ListItem\",\"position\":2,\"name\":\"Disclaimer\"}]},{\"@type\":\"WebSite\",\"@id\":\"https:\/\/thomas-ufkes.com\/fr\/#website\",\"url\":\"https:\/\/thomas-ufkes.com\/fr\/\",\"name\":\"Thomas &amp; Ufkes\",\"description\":\"\",\"publisher\":{\"@id\":\"https:\/\/thomas-ufkes.com\/fr\/#organization\"},\"potentialAction\":[{\"@type\":\"SearchAction\",\"target\":{\"@type\":\"EntryPoint\",\"urlTemplate\":\"https:\/\/thomas-ufkes.com\/fr\/?s={search_term_string}\"},\"query-input\":{\"@type\":\"PropertyValueSpecification\",\"valueRequired\":true,\"valueName\":\"search_term_string\"}}],\"inLanguage\":\"fr-FR\"},{\"@type\":\"Organization\",\"@id\":\"https:\/\/thomas-ufkes.com\/fr\/#organization\",\"name\":\"Thomas &amp; Ufkes\",\"url\":\"https:\/\/thomas-ufkes.com\/fr\/\",\"logo\":{\"@type\":\"ImageObject\",\"inLanguage\":\"fr-FR\",\"@id\":\"https:\/\/thomas-ufkes.com\/fr\/#\/schema\/logo\/image\/\",\"url\":\"https:\/\/thomas-ufkes.com\/wp-content\/uploads\/2022\/07\/Website-hoofding-1-e1767694075143.png\",\"contentUrl\":\"https:\/\/thomas-ufkes.com\/wp-content\/uploads\/2022\/07\/Website-hoofding-1-e1767694075143.png\",\"width\":233,\"height\":100,\"caption\":\"Thomas &amp; Ufkes\"},\"image\":{\"@id\":\"https:\/\/thomas-ufkes.com\/fr\/#\/schema\/logo\/image\/\"}}]}<\/script>\n<!-- \/ Yoast SEO plugin. -->","yoast_head_json":{"title":"Disclaimer - Thomas &amp; Ufkes","robots":{"index":"index","follow":"follow","max-snippet":"max-snippet:-1","max-image-preview":"max-image-preview:large","max-video-preview":"max-video-preview:-1"},"canonical":"https:\/\/thomas-ufkes.com\/fr\/disclaimer\/","og_locale":"fr_FR","og_type":"article","og_title":"Disclaimer - Thomas &amp; Ufkes","og_description":"Ce site web est la propri\u00e9t\u00e9 de Thomas Hoogwerkers BV (\u00ab Thomas Hoogwerkers \u00bb)Brusselsesteenweg 1361785 MerchtemT\u00e9l : 052 37 10 05E-mail : info@thomas-hoogwerkers.be Droits de propri\u00e9t\u00e9 intellectuelle Tous les textes, documents et photos pr\u00e9sents sur ce site sont prot\u00e9g\u00e9s par des droits de propri\u00e9t\u00e9 intellectuelle et appartiennent \u00e0 Thomas Hoogwerkers ou \u00e0 des tiers titulaires [&hellip;]","og_url":"https:\/\/thomas-ufkes.com\/fr\/disclaimer\/","og_site_name":"Thomas &amp; Ufkes","article_modified_time":"2025-01-20T08:40:20+00:00","twitter_card":"summary_large_image","twitter_misc":{"Dur\u00e9e de lecture estim\u00e9e":"4 minutes"},"schema":{"@context":"https:\/\/schema.org","@graph":[{"@type":"WebPage","@id":"https:\/\/thomas-ufkes.com\/fr\/disclaimer\/","url":"https:\/\/thomas-ufkes.com\/fr\/disclaimer\/","name":"Disclaimer - Thomas &amp; Ufkes","isPartOf":{"@id":"https:\/\/thomas-ufkes.com\/fr\/#website"},"datePublished":"2024-03-06T13:01:50+00:00","dateModified":"2025-01-20T08:40:20+00:00","breadcrumb":{"@id":"https:\/\/thomas-ufkes.com\/fr\/disclaimer\/#breadcrumb"},"inLanguage":"fr-FR","potentialAction":[{"@type":"ReadAction","target":["https:\/\/thomas-ufkes.com\/fr\/disclaimer\/"]}]},{"@type":"BreadcrumbList","@id":"https:\/\/thomas-ufkes.com\/fr\/disclaimer\/#breadcrumb","itemListElement":[{"@type":"ListItem","position":1,"name":"Home","item":"https:\/\/thomas-ufkes.com\/fr\/home\/"},{"@type":"ListItem","position":2,"name":"Disclaimer"}]},{"@type":"WebSite","@id":"https:\/\/thomas-ufkes.com\/fr\/#website","url":"https:\/\/thomas-ufkes.com\/fr\/","name":"Thomas &amp; Ufkes","description":"","publisher":{"@id":"https:\/\/thomas-ufkes.com\/fr\/#organization"},"potentialAction":[{"@type":"SearchAction","target":{"@type":"EntryPoint","urlTemplate":"https:\/\/thomas-ufkes.com\/fr\/?s={search_term_string}"},"query-input":{"@type":"PropertyValueSpecification","valueRequired":true,"valueName":"search_term_string"}}],"inLanguage":"fr-FR"},{"@type":"Organization","@id":"https:\/\/thomas-ufkes.com\/fr\/#organization","name":"Thomas &amp; Ufkes","url":"https:\/\/thomas-ufkes.com\/fr\/","logo":{"@type":"ImageObject","inLanguage":"fr-FR","@id":"https:\/\/thomas-ufkes.com\/fr\/#\/schema\/logo\/image\/","url":"https:\/\/thomas-ufkes.com\/wp-content\/uploads\/2022\/07\/Website-hoofding-1-e1767694075143.png","contentUrl":"https:\/\/thomas-ufkes.com\/wp-content\/uploads\/2022\/07\/Website-hoofding-1-e1767694075143.png","width":233,"height":100,"caption":"Thomas &amp; Ufkes"},"image":{"@id":"https:\/\/thomas-ufkes.com\/fr\/#\/schema\/logo\/image\/"}}]}},"_links":{"self":[{"href":"https:\/\/thomas-ufkes.com\/fr\/wp-json\/wp\/v2\/pages\/3680","targetHints":{"allow":["GET"]}}],"collection":[{"href":"https:\/\/thomas-ufkes.com\/fr\/wp-json\/wp\/v2\/pages"}],"about":[{"href":"https:\/\/thomas-ufkes.com\/fr\/wp-json\/wp\/v2\/types\/page"}],"author":[{"embeddable":true,"href":"https:\/\/thomas-ufkes.com\/fr\/wp-json\/wp\/v2\/users\/4"}],"replies":[{"embeddable":true,"href":"https:\/\/thomas-ufkes.com\/fr\/wp-json\/wp\/v2\/comments?post=3680"}],"version-history":[{"count":1,"href":"https:\/\/thomas-ufkes.com\/fr\/wp-json\/wp\/v2\/pages\/3680\/revisions"}],"predecessor-version":[{"id":3681,"href":"https:\/\/thomas-ufkes.com\/fr\/wp-json\/wp\/v2\/pages\/3680\/revisions\/3681"}],"wp:attachment":[{"href":"https:\/\/thomas-ufkes.com\/fr\/wp-json\/wp\/v2\/media?parent=3680"}],"curies":[{"name":"wp","href":"https:\/\/api.w.org\/{rel}","templated":true}]}}