{"id":3686,"date":"2024-02-29T15:56:55","date_gmt":"2024-02-29T14:56:55","guid":{"rendered":"https:\/\/thomas-hoogwerkers.be\/realisations\/"},"modified":"2026-03-11T09:40:05","modified_gmt":"2026-03-11T08:40:05","slug":"realisations","status":"publish","type":"page","link":"https:\/\/thomas-ufkes.com\/fr\/realisations\/","title":{"rendered":"Documentation"},"content":{"rendered":"\t\t<div data-elementor-type=\"wp-page\" data-elementor-id=\"3686\" class=\"elementor elementor-3686 elementor-156\" data-elementor-post-type=\"page\">\n\t\t\t\t<div class=\"elementor-element elementor-element-2b45a43 e-flex e-con-boxed e-con e-parent\" data-id=\"2b45a43\" data-element_type=\"container\" data-settings=\"{&quot;background_background&quot;:&quot;classic&quot;}\">\n\t\t\t\t\t<div class=\"e-con-inner\">\n\t\t\t\t<div class=\"elementor-element elementor-element-7f5b5b7 elementor-widget elementor-widget-heading\" data-id=\"7f5b5b7\" data-element_type=\"widget\" data-widget_type=\"heading.default\">\n\t\t\t\t<div class=\"elementor-widget-container\">\n\t\t\t\t\t<h1 class=\"elementor-heading-title elementor-size-default\">Documentation<\/h1>\t\t\t\t<\/div>\n\t\t\t\t<\/div>\n\t\t\t\t\t<\/div>\n\t\t\t\t<\/div>\n\t\t<div class=\"elementor-element elementor-element-76a3c80 e-flex e-con-boxed e-con e-parent\" data-id=\"76a3c80\" data-element_type=\"container\">\n\t\t\t\t\t<div class=\"e-con-inner\">\n\t\t\t\t<div class=\"elementor-element elementor-element-4fd7cee elementor-widget elementor-widget-spacer\" data-id=\"4fd7cee\" data-element_type=\"widget\" data-widget_type=\"spacer.default\">\n\t\t\t\t<div class=\"elementor-widget-container\">\n\t\t\t\t\t\t\t<div class=\"elementor-spacer\">\n\t\t\t<div class=\"elementor-spacer-inner\"><\/div>\n\t\t<\/div>\n\t\t\t\t\t\t<\/div>\n\t\t\t\t<\/div>\n\t\t\t\t<div class=\"elementor-element elementor-element-ae7b310 elementor-widget elementor-widget-heading\" data-id=\"ae7b310\" data-element_type=\"widget\" data-widget_type=\"heading.default\">\n\t\t\t\t<div class=\"elementor-widget-container\">\n\t\t\t\t\t<h2 class=\"elementor-heading-title elementor-size-default\">Brochures<\/h2>\t\t\t\t<\/div>\n\t\t\t\t<\/div>\n\t\t\t\t\t<\/div>\n\t\t\t\t<\/div>\n\t\t<div class=\"elementor-element elementor-element-a7e0064 e-flex e-con-boxed e-con e-parent\" data-id=\"a7e0064\" data-element_type=\"container\">\n\t\t\t\t\t<div class=\"e-con-inner\">\n\t\t\t\t<div class=\"elementor-element elementor-element-999a0a7 elementor-widget elementor-widget-text-editor\" data-id=\"999a0a7\" data-element_type=\"widget\" data-widget_type=\"text-editor.default\">\n\t\t\t\t<div class=\"elementor-widget-container\">\n\t\t\t\t\t\t\t\t\t<p>Consultez nos brochures et notre documentation pour en savoir plus sur nos machines, nos solutions et nos services. Vous y trouverez des informations d\u00e9taill\u00e9es sur les produits, les sp\u00e9cifications ainsi que des informations pratiques pour avoir une vision claire de ce que nos machines peuvent apporter \u00e0 vos activit\u00e9s. <\/p>\t\t\t\t\t\t\t\t<\/div>\n\t\t\t\t<\/div>\n\t\t\t\t<div class=\"elementor-element elementor-element-e6dc325 elementor-widget elementor-widget-spacer\" data-id=\"e6dc325\" data-element_type=\"widget\" data-widget_type=\"spacer.default\">\n\t\t\t\t<div class=\"elementor-widget-container\">\n\t\t\t\t\t\t\t<div class=\"elementor-spacer\">\n\t\t\t<div class=\"elementor-spacer-inner\"><\/div>\n\t\t<\/div>\n\t\t\t\t\t\t<\/div>\n\t\t\t\t<\/div>\n\t\t\t\t\t<\/div>\n\t\t\t\t<\/div>\n\t\t<div class=\"elementor-element elementor-element-2e00353 e-flex e-con-boxed e-con e-parent\" data-id=\"2e00353\" data-element_type=\"container\">\n\t\t\t\t\t<div class=\"e-con-inner\">\n\t\t<div class=\"elementor-element elementor-element-eb25b9d e-con-full e-flex e-con e-child\" data-id=\"eb25b9d\" data-element_type=\"container\">\n\t\t\t\t<div class=\"elementor-element elementor-element-1f79770 elementor-widget elementor-widget-shortcode\" data-id=\"1f79770\" data-element_type=\"widget\" data-widget_type=\"shortcode.default\">\n\t\t\t\t<div class=\"elementor-widget-container\">\n\t\t\t\t\t\t\t<div class=\"elementor-shortcode\"><div class=\"real3dflipbook\" id=\"2_69e468dd367ee\" style=\"position:absolute;\"><\/div><\/div>\n\t\t\t\t\t\t<\/div>\n\t\t\t\t<\/div>\n\t\t\t\t<div class=\"elementor-element elementor-element-a06de2a elementor-widget elementor-widget-spacer\" data-id=\"a06de2a\" data-element_type=\"widget\" data-widget_type=\"spacer.default\">\n\t\t\t\t<div class=\"elementor-widget-container\">\n\t\t\t\t\t\t\t<div class=\"elementor-spacer\">\n\t\t\t<div class=\"elementor-spacer-inner\"><\/div>\n\t\t<\/div>\n\t\t\t\t\t\t<\/div>\n\t\t\t\t<\/div>\n\t\t\t\t<\/div>\n\t\t<div class=\"elementor-element elementor-element-5241ac5 e-con-full e-flex e-con e-child\" data-id=\"5241ac5\" data-element_type=\"container\">\n\t\t\t\t<\/div>\n\t\t\t\t\t<\/div>\n\t\t\t\t<\/div>\n\t\t\t\t<\/div>\n\t\t","protected":false},"excerpt":{"rendered":"<p>Documentation Brochures Consultez nos brochures et notre documentation pour en savoir plus sur nos machines, nos solutions et nos services. Vous y trouverez des informations d\u00e9taill\u00e9es sur les produits, les sp\u00e9cifications ainsi que des informations pratiques pour avoir une vision claire de ce que nos machines peuvent apporter \u00e0 vos activit\u00e9s.<\/p>\n","protected":false},"author":4,"featured_media":1770,"parent":0,"menu_order":0,"comment_status":"closed","ping_status":"closed","template":"","meta":{"footnotes":""},"class_list":["post-3686","page","type-page","status-publish","has-post-thumbnail","hentry"],"yoast_head":"<!-- This site is optimized with the Yoast SEO plugin v26.8 - https:\/\/yoast.com\/product\/yoast-seo-wordpress\/ -->\n<title>Documentation | Thomas &amp; Ufkes<\/title>\n<meta name=\"description\" content=\"Consultez nos brochures et notre documentation. Trouvez toutes les informations sur les produits et services de Thomas &amp; Ufkes.\" \/>\n<meta name=\"robots\" content=\"index, follow, max-snippet:-1, max-image-preview:large, max-video-preview:-1\" \/>\n<link rel=\"canonical\" href=\"https:\/\/thomas-ufkes.com\/fr\/realisations\/\" \/>\n<meta property=\"og:locale\" content=\"fr_FR\" \/>\n<meta property=\"og:type\" content=\"article\" \/>\n<meta property=\"og:title\" content=\"Documentation | Thomas &amp; Ufkes\" \/>\n<meta property=\"og:description\" content=\"Consultez nos brochures et notre documentation. Trouvez toutes les informations sur les produits et services de Thomas &amp; Ufkes.\" \/>\n<meta property=\"og:url\" content=\"https:\/\/thomas-ufkes.com\/fr\/realisations\/\" \/>\n<meta property=\"og:site_name\" content=\"Thomas &amp; Ufkes\" \/>\n<meta property=\"article:modified_time\" content=\"2026-03-11T08:40:05+00:00\" \/>\n<meta property=\"og:image\" content=\"https:\/\/thomas-ufkes.com\/wp-content\/uploads\/2024\/07\/306045621_473810628092842_3183242114767589942_n.jpg\" \/>\n\t<meta property=\"og:image:width\" content=\"630\" \/>\n\t<meta property=\"og:image:height\" content=\"354\" \/>\n\t<meta property=\"og:image:type\" content=\"image\/jpeg\" \/>\n<meta name=\"twitter:card\" content=\"summary_large_image\" \/>\n<meta name=\"twitter:label1\" content=\"Dur\u00e9e de lecture estim\u00e9e\" \/>\n\t<meta name=\"twitter:data1\" content=\"1 minute\" \/>\n<script type=\"application\/ld+json\" class=\"yoast-schema-graph\">{\"@context\":\"https:\/\/schema.org\",\"@graph\":[{\"@type\":\"WebPage\",\"@id\":\"https:\/\/thomas-ufkes.com\/fr\/realisations\/\",\"url\":\"https:\/\/thomas-ufkes.com\/fr\/realisations\/\",\"name\":\"Documentation | Thomas & Ufkes\",\"isPartOf\":{\"@id\":\"https:\/\/thomas-ufkes.com\/fr\/#website\"},\"primaryImageOfPage\":{\"@id\":\"https:\/\/thomas-ufkes.com\/fr\/realisations\/#primaryimage\"},\"image\":{\"@id\":\"https:\/\/thomas-ufkes.com\/fr\/realisations\/#primaryimage\"},\"thumbnailUrl\":\"https:\/\/thomas-ufkes.com\/wp-content\/uploads\/2024\/07\/306045621_473810628092842_3183242114767589942_n.jpg\",\"datePublished\":\"2024-02-29T14:56:55+00:00\",\"dateModified\":\"2026-03-11T08:40:05+00:00\",\"description\":\"Consultez nos brochures et notre documentation. Trouvez toutes les informations sur les produits et services de Thomas & Ufkes.\",\"breadcrumb\":{\"@id\":\"https:\/\/thomas-ufkes.com\/fr\/realisations\/#breadcrumb\"},\"inLanguage\":\"fr-FR\",\"potentialAction\":[{\"@type\":\"ReadAction\",\"target\":[\"https:\/\/thomas-ufkes.com\/fr\/realisations\/\"]}]},{\"@type\":\"ImageObject\",\"inLanguage\":\"fr-FR\",\"@id\":\"https:\/\/thomas-ufkes.com\/fr\/realisations\/#primaryimage\",\"url\":\"https:\/\/thomas-ufkes.com\/wp-content\/uploads\/2024\/07\/306045621_473810628092842_3183242114767589942_n.jpg\",\"contentUrl\":\"https:\/\/thomas-ufkes.com\/wp-content\/uploads\/2024\/07\/306045621_473810628092842_3183242114767589942_n.jpg\",\"width\":630,\"height\":354,\"caption\":\"Realisaties van Thomas Hoogwerkers\"},{\"@type\":\"BreadcrumbList\",\"@id\":\"https:\/\/thomas-ufkes.com\/fr\/realisations\/#breadcrumb\",\"itemListElement\":[{\"@type\":\"ListItem\",\"position\":1,\"name\":\"Home\",\"item\":\"https:\/\/thomas-ufkes.com\/fr\/home\/\"},{\"@type\":\"ListItem\",\"position\":2,\"name\":\"Documentation\"}]},{\"@type\":\"WebSite\",\"@id\":\"https:\/\/thomas-ufkes.com\/fr\/#website\",\"url\":\"https:\/\/thomas-ufkes.com\/fr\/\",\"name\":\"Thomas &amp; Ufkes\",\"description\":\"\",\"publisher\":{\"@id\":\"https:\/\/thomas-ufkes.com\/fr\/#organization\"},\"potentialAction\":[{\"@type\":\"SearchAction\",\"target\":{\"@type\":\"EntryPoint\",\"urlTemplate\":\"https:\/\/thomas-ufkes.com\/fr\/?s={search_term_string}\"},\"query-input\":{\"@type\":\"PropertyValueSpecification\",\"valueRequired\":true,\"valueName\":\"search_term_string\"}}],\"inLanguage\":\"fr-FR\"},{\"@type\":\"Organization\",\"@id\":\"https:\/\/thomas-ufkes.com\/fr\/#organization\",\"name\":\"Thomas &amp; Ufkes\",\"url\":\"https:\/\/thomas-ufkes.com\/fr\/\",\"logo\":{\"@type\":\"ImageObject\",\"inLanguage\":\"fr-FR\",\"@id\":\"https:\/\/thomas-ufkes.com\/fr\/#\/schema\/logo\/image\/\",\"url\":\"https:\/\/thomas-ufkes.com\/wp-content\/uploads\/2022\/07\/Website-hoofding-1-e1767694075143.png\",\"contentUrl\":\"https:\/\/thomas-ufkes.com\/wp-content\/uploads\/2022\/07\/Website-hoofding-1-e1767694075143.png\",\"width\":233,\"height\":100,\"caption\":\"Thomas &amp; Ufkes\"},\"image\":{\"@id\":\"https:\/\/thomas-ufkes.com\/fr\/#\/schema\/logo\/image\/\"}}]}<\/script>\n<!-- \/ Yoast SEO plugin. -->","yoast_head_json":{"title":"Documentation | Thomas & Ufkes","description":"Consultez nos brochures et notre documentation. Trouvez toutes les informations sur les produits et services de Thomas & Ufkes.","robots":{"index":"index","follow":"follow","max-snippet":"max-snippet:-1","max-image-preview":"max-image-preview:large","max-video-preview":"max-video-preview:-1"},"canonical":"https:\/\/thomas-ufkes.com\/fr\/realisations\/","og_locale":"fr_FR","og_type":"article","og_title":"Documentation | Thomas & Ufkes","og_description":"Consultez nos brochures et notre documentation. Trouvez toutes les informations sur les produits et services de Thomas & Ufkes.","og_url":"https:\/\/thomas-ufkes.com\/fr\/realisations\/","og_site_name":"Thomas &amp; Ufkes","article_modified_time":"2026-03-11T08:40:05+00:00","og_image":[{"width":630,"height":354,"url":"https:\/\/thomas-ufkes.com\/wp-content\/uploads\/2024\/07\/306045621_473810628092842_3183242114767589942_n.jpg","type":"image\/jpeg"}],"twitter_card":"summary_large_image","twitter_misc":{"Dur\u00e9e de lecture estim\u00e9e":"1 minute"},"schema":{"@context":"https:\/\/schema.org","@graph":[{"@type":"WebPage","@id":"https:\/\/thomas-ufkes.com\/fr\/realisations\/","url":"https:\/\/thomas-ufkes.com\/fr\/realisations\/","name":"Documentation | Thomas & Ufkes","isPartOf":{"@id":"https:\/\/thomas-ufkes.com\/fr\/#website"},"primaryImageOfPage":{"@id":"https:\/\/thomas-ufkes.com\/fr\/realisations\/#primaryimage"},"image":{"@id":"https:\/\/thomas-ufkes.com\/fr\/realisations\/#primaryimage"},"thumbnailUrl":"https:\/\/thomas-ufkes.com\/wp-content\/uploads\/2024\/07\/306045621_473810628092842_3183242114767589942_n.jpg","datePublished":"2024-02-29T14:56:55+00:00","dateModified":"2026-03-11T08:40:05+00:00","description":"Consultez nos brochures et notre documentation. Trouvez toutes les informations sur les produits et services de Thomas & Ufkes.","breadcrumb":{"@id":"https:\/\/thomas-ufkes.com\/fr\/realisations\/#breadcrumb"},"inLanguage":"fr-FR","potentialAction":[{"@type":"ReadAction","target":["https:\/\/thomas-ufkes.com\/fr\/realisations\/"]}]},{"@type":"ImageObject","inLanguage":"fr-FR","@id":"https:\/\/thomas-ufkes.com\/fr\/realisations\/#primaryimage","url":"https:\/\/thomas-ufkes.com\/wp-content\/uploads\/2024\/07\/306045621_473810628092842_3183242114767589942_n.jpg","contentUrl":"https:\/\/thomas-ufkes.com\/wp-content\/uploads\/2024\/07\/306045621_473810628092842_3183242114767589942_n.jpg","width":630,"height":354,"caption":"Realisaties van Thomas Hoogwerkers"},{"@type":"BreadcrumbList","@id":"https:\/\/thomas-ufkes.com\/fr\/realisations\/#breadcrumb","itemListElement":[{"@type":"ListItem","position":1,"name":"Home","item":"https:\/\/thomas-ufkes.com\/fr\/home\/"},{"@type":"ListItem","position":2,"name":"Documentation"}]},{"@type":"WebSite","@id":"https:\/\/thomas-ufkes.com\/fr\/#website","url":"https:\/\/thomas-ufkes.com\/fr\/","name":"Thomas &amp; Ufkes","description":"","publisher":{"@id":"https:\/\/thomas-ufkes.com\/fr\/#organization"},"potentialAction":[{"@type":"SearchAction","target":{"@type":"EntryPoint","urlTemplate":"https:\/\/thomas-ufkes.com\/fr\/?s={search_term_string}"},"query-input":{"@type":"PropertyValueSpecification","valueRequired":true,"valueName":"search_term_string"}}],"inLanguage":"fr-FR"},{"@type":"Organization","@id":"https:\/\/thomas-ufkes.com\/fr\/#organization","name":"Thomas &amp; Ufkes","url":"https:\/\/thomas-ufkes.com\/fr\/","logo":{"@type":"ImageObject","inLanguage":"fr-FR","@id":"https:\/\/thomas-ufkes.com\/fr\/#\/schema\/logo\/image\/","url":"https:\/\/thomas-ufkes.com\/wp-content\/uploads\/2022\/07\/Website-hoofding-1-e1767694075143.png","contentUrl":"https:\/\/thomas-ufkes.com\/wp-content\/uploads\/2022\/07\/Website-hoofding-1-e1767694075143.png","width":233,"height":100,"caption":"Thomas &amp; Ufkes"},"image":{"@id":"https:\/\/thomas-ufkes.com\/fr\/#\/schema\/logo\/image\/"}}]}},"_links":{"self":[{"href":"https:\/\/thomas-ufkes.com\/fr\/wp-json\/wp\/v2\/pages\/3686","targetHints":{"allow":["GET"]}}],"collection":[{"href":"https:\/\/thomas-ufkes.com\/fr\/wp-json\/wp\/v2\/pages"}],"about":[{"href":"https:\/\/thomas-ufkes.com\/fr\/wp-json\/wp\/v2\/types\/page"}],"author":[{"embeddable":true,"href":"https:\/\/thomas-ufkes.com\/fr\/wp-json\/wp\/v2\/users\/4"}],"replies":[{"embeddable":true,"href":"https:\/\/thomas-ufkes.com\/fr\/wp-json\/wp\/v2\/comments?post=3686"}],"version-history":[{"count":11,"href":"https:\/\/thomas-ufkes.com\/fr\/wp-json\/wp\/v2\/pages\/3686\/revisions"}],"predecessor-version":[{"id":6611,"href":"https:\/\/thomas-ufkes.com\/fr\/wp-json\/wp\/v2\/pages\/3686\/revisions\/6611"}],"wp:featuredmedia":[{"embeddable":true,"href":"https:\/\/thomas-ufkes.com\/fr\/wp-json\/wp\/v2\/media\/1770"}],"wp:attachment":[{"href":"https:\/\/thomas-ufkes.com\/fr\/wp-json\/wp\/v2\/media?parent=3686"}],"curies":[{"name":"wp","href":"https:\/\/api.w.org\/{rel}","templated":true}]}}