{"id":3696,"date":"2020-01-06T15:50:32","date_gmt":"2020-01-06T14:50:32","guid":{"rendered":"https:\/\/thomas-hoogwerkers.be\/confidentialite\/"},"modified":"2025-10-23T14:48:36","modified_gmt":"2025-10-23T13:48:36","slug":"confidentialite","status":"publish","type":"page","link":"https:\/\/thomas-ufkes.com\/fr\/confidentialite\/","title":{"rendered":"Confidentialit\u00e9"},"content":{"rendered":"\t\t<div data-elementor-type=\"wp-page\" data-elementor-id=\"3696\" class=\"elementor elementor-3696 elementor-62\" data-elementor-post-type=\"page\">\n\t\t\t\t<div class=\"elementor-element elementor-element-2f3f68b e-con-full e-flex e-con e-parent\" data-id=\"2f3f68b\" data-element_type=\"container\" data-settings=\"{&quot;background_background&quot;:&quot;classic&quot;}\">\n\t\t\t\t<div class=\"elementor-element elementor-element-3daa0f7 elementor-widget elementor-widget-heading\" data-id=\"3daa0f7\" data-element_type=\"widget\" data-widget_type=\"heading.default\">\n\t\t\t\t<div class=\"elementor-widget-container\">\n\t\t\t\t\t<h1 class=\"elementor-heading-title elementor-size-default\">Politique de confidentialit\u00e9<\/h1>\t\t\t\t<\/div>\n\t\t\t\t<\/div>\n\t\t\t\t<\/div>\n\t\t<div class=\"elementor-element elementor-element-5eafa4c e-flex e-con-boxed e-con e-parent\" data-id=\"5eafa4c\" data-element_type=\"container\">\n\t\t\t\t\t<div class=\"e-con-inner\">\n\t\t\t\t<div class=\"elementor-element elementor-element-6bfa4c8 elementor-widget elementor-widget-text-editor\" data-id=\"6bfa4c8\" data-element_type=\"widget\" data-widget_type=\"text-editor.default\">\n\t\t\t\t<div class=\"elementor-widget-container\">\n\t\t\t\t\t\t\t\t\t<p><span style=\"color: #1f1f1f; font-family: var( --e-global-typography-text-font-family ), Sans-serif; font-weight: var( --e-global-typography-text-font-weight ); text-align: var(--text-align); font-size: 14px;\">Thomas Hoogwerkers BV traite les donn\u00e9es personnelles conform\u00e9ment \u00e0 cette d\u00e9claration de confidentialit\u00e9. Pour toute information, question ou remarque concernant notre politique de confidentialit\u00e9, vous pouvez contacter le responsable de la protection des donn\u00e9es \u00e0 l&rsquo;adresse suivante :  <\/span><a style=\"font-family: var( --e-global-typography-text-font-family ), Sans-serif; font-weight: var( --e-global-typography-text-font-weight ); text-align: var(--text-align); font-size: 14px;\" href=\"mailto:info@thomas-hoogwerkers.be\">info@thomas-hoogwerkers.be<\/a><span style=\"color: #1f1f1f; font-family: var( --e-global-typography-text-font-family ), Sans-serif; font-weight: var( --e-global-typography-text-font-weight ); text-align: var(--text-align); font-size: 14px;\">.<\/span><\/p>\n<h2><span style=\"color: #f4be2e;\">Finalit\u00e9s du traitement<\/span><\/h2>\n<p>Thomas Hoogwerkers collecte et traite les donn\u00e9es personnelles suivantes :<\/p>\n<ul>\n<li>Abonn\u00e9s \u00e0 la newsletter : donn\u00e9es d&rsquo;identification pour l&rsquo;envoi de newsletters.<\/li>\n<li>Utilisateurs du site web : donn\u00e9es d&rsquo;identification \u00e9lectroniques pour optimiser l&rsquo;exp\u00e9rience utilisateur, \u00e9tablir des statistiques et afficher des publicit\u00e9s cibl\u00e9es.<\/li>\n<\/ul>\n<h2><span style=\"color: #f4be2e;\">Base(s) l\u00e9gale(s) du traitement<\/span><\/h2>\n<p>Les donn\u00e9es personnelles sont trait\u00e9es sur la base de l&rsquo;article 6.1. (a) consentement, (b) n\u00e9cessaire \u00e0 l&rsquo;ex\u00e9cution d&rsquo;un contrat, (f) n\u00e9cessaire \u00e0 la poursuite de notre int\u00e9r\u00eat l\u00e9gitime pour permettre le fonctionnement de l&rsquo;entreprise, du R\u00e8glement G\u00e9n\u00e9ral sur la Protection des Donn\u00e9es.  <\/p>\n<p>Dans la mesure o\u00f9 le traitement des donn\u00e9es personnelles est bas\u00e9 sur l&rsquo;article 6.1. a) (consentement), l&rsquo;utilisateur a toujours le droit de retirer son consentement \u00e0 tout moment. <\/p>\n<h2><span style=\"color: #f4be2e;\">Transfert \u00e0 des tiers<\/span><\/h2>\n<p>Si cela est n\u00e9cessaire pour atteindre les objectifs pr\u00e9vus, les donn\u00e9es personnelles des membres seront partag\u00e9es avec les organes internes de l&rsquo;entreprise, y compris les d\u00e9partements locaux de Thomas Hoogwerkers au sein de l&rsquo;Espace \u00c9conomique Europ\u00e9en, qui sont directement ou indirectement li\u00e9s \u00e0 Thomas Hoogwerkers. Pour le bon fonctionnement de l&rsquo;entreprise, nous faisons appel \u00e0 des tiers qui re\u00e7oivent nos donn\u00e9es, tels que pour l&rsquo;impression des cartes de membre ou l&rsquo;envoi de newsletters ou d&rsquo;invitations. <\/p>\n<p>Thomas Hoogwerkers s&rsquo;engage, dans la mesure du possible, \u00e0 ce que ces destinataires prennent les mesures techniques n\u00e9cessaires et toutes les mesures organisationnelles raisonnables pour prot\u00e9ger les donn\u00e9es personnelles, conform\u00e9ment \u00e0 diverses r\u00e9glementations.<\/p>\n<p>Thomas Hoogwerkers ne vend pas de donn\u00e9es personnelles \u00e0 des fins commerciales.<\/p>\n<h2><span style=\"color: #f4be2e;\">S\u00e9curisation des donn\u00e9es<\/span><\/h2>\n<p>Nous avons pris des mesures techniques et organisationnelles appropri\u00e9es pour prot\u00e9ger les donn\u00e9es personnelles.<\/p>\n<h2><span style=\"color: #f4be2e;\">P\u00e9riode de conservation<\/span><\/h2>\n<p>Les donn\u00e9es personnelles seront conserv\u00e9es pendant les p\u00e9riodes suivantes :<\/p>\n<ul>\n<li>Abonn\u00e9s \u00e0 la newsletter : pendant la dur\u00e9e de l&rsquo;inscription.<\/li>\n<li>Utilisateurs du site web : en fonction de l&rsquo;objectif (voir notre <a href=\"https:\/\/thomas-ufkes.com\/cookiebeleid-eu\/\">politique de cookies pour plus de d\u00e9tails).<\/a><\/li>\n<\/ul>\n<h2><span style=\"color: #f4be2e;\">Droit d&rsquo;acc\u00e8s, de rectification, de suppression, de limitation, d&rsquo;opposition et de portabilit\u00e9 des donn\u00e9es personnelles<\/span><\/h2>\n<p>L&rsquo;utilisateur a \u00e0 tout moment le droit d&rsquo;acc\u00e9der \u00e0 ses donn\u00e9es personnelles et peut les faire rectifier si elles sont inexactes ou incompl\u00e8tes, les faire supprimer, demander la limitation de leur traitement et s&rsquo;opposer au traitement de ses donn\u00e9es personnelles sur la base de l&rsquo;article 6.1 (f), y compris le profilage par Thomas Hoogwerkers sur la base de ces dispositions.<\/p>\n<p>De plus, l&rsquo;utilisateur a le droit d&rsquo;obtenir une copie (dans un format structur\u00e9, couramment utilis\u00e9 et lisible par machine) de ses donn\u00e9es personnelles et de les faire transf\u00e9rer \u00e0 une autre entit\u00e9.<\/p>\n<p>Afin d&rsquo;exercer les droits mentionn\u00e9s ci-dessus, il est demand\u00e9 \u00e0 l&rsquo;utilisateur de :<\/p>\n<ul>\n<li>envoyer un e-mail \u00e0 l&rsquo;adresse suivante : <a href=\"info@thomas-hoogwerkers.be\"><span class=\"sub-title\">info@thomas-hoogwerkers.be<\/span><\/a>, accompagn\u00e9 d&rsquo;une preuve d&rsquo;identit\u00e9 (copie de la carte d&rsquo;identit\u00e9) ;<\/li>\n<li>envoyer une lettre \u00e0 Thomas Hoogwerkers, Brusselsesteenweg 136, 1785 Merchtem, accompagn\u00e9e d&rsquo;une preuve d&rsquo;identit\u00e9 (copie de la carte d&rsquo;identit\u00e9).<\/li>\n<\/ul>\n<h2><span style=\"color: #f4be2e;\">Plainte<\/span><\/h2>\n<p>Pour toute question ou plainte concernant le traitement de vos donn\u00e9es personnelles par Thomas Hoogwerkers, vous pouvez contacter :<\/p>\n<p>Autorit\u00e9 de protection des donn\u00e9es<br \/>Drukpersstraat 35<br \/>1000 Bruxelles<br \/>e-mail : <a href=\"mailto:commission@privacycommission.be\">commission@privacycommission.be<\/a><\/p>\n<p><em>Politique de confidentialit\u00e9 version 14\/02\/2019<\/em><\/p>\n\t\t\t\t\t\t\t\t<\/div>\n\t\t\t\t<\/div>\n\t\t\t\t\t<\/div>\n\t\t\t\t<\/div>\n\t\t\t\t<\/div>\n\t\t","protected":false},"excerpt":{"rendered":"<p>Politique de confidentialit\u00e9 Thomas Hoogwerkers BV traite les donn\u00e9es personnelles conform\u00e9ment \u00e0 cette d\u00e9claration de confidentialit\u00e9. Pour toute information, question ou remarque concernant notre politique de confidentialit\u00e9, vous pouvez contacter le responsable de la protection des donn\u00e9es \u00e0 l&rsquo;adresse suivante : info@thomas-hoogwerkers.be. Finalit\u00e9s du traitement Thomas Hoogwerkers collecte et traite les donn\u00e9es personnelles suivantes : [&hellip;]<\/p>\n","protected":false},"author":4,"featured_media":0,"parent":0,"menu_order":0,"comment_status":"closed","ping_status":"closed","template":"","meta":{"footnotes":""},"class_list":["post-3696","page","type-page","status-publish","hentry"],"yoast_head":"<!-- This site is optimized with the Yoast SEO plugin v26.8 - https:\/\/yoast.com\/product\/yoast-seo-wordpress\/ -->\n<title>Confidentialit\u00e9 - Thomas &amp; Ufkes<\/title>\n<meta name=\"robots\" content=\"index, follow, max-snippet:-1, max-image-preview:large, max-video-preview:-1\" \/>\n<link rel=\"canonical\" href=\"https:\/\/thomas-ufkes.com\/fr\/confidentialite\/\" \/>\n<meta property=\"og:locale\" content=\"fr_FR\" \/>\n<meta property=\"og:type\" content=\"article\" \/>\n<meta property=\"og:title\" content=\"Confidentialit\u00e9 - Thomas &amp; Ufkes\" \/>\n<meta property=\"og:description\" content=\"Politique de confidentialit\u00e9 Thomas Hoogwerkers BV traite les donn\u00e9es personnelles conform\u00e9ment \u00e0 cette d\u00e9claration de confidentialit\u00e9. Pour toute information, question ou remarque concernant notre politique de confidentialit\u00e9, vous pouvez contacter le responsable de la protection des donn\u00e9es \u00e0 l&rsquo;adresse suivante : info@thomas-hoogwerkers.be. Finalit\u00e9s du traitement Thomas Hoogwerkers collecte et traite les donn\u00e9es personnelles suivantes : [&hellip;]\" \/>\n<meta property=\"og:url\" content=\"https:\/\/thomas-ufkes.com\/fr\/confidentialite\/\" \/>\n<meta property=\"og:site_name\" content=\"Thomas &amp; Ufkes\" \/>\n<meta property=\"article:modified_time\" content=\"2025-10-23T13:48:36+00:00\" \/>\n<meta name=\"twitter:card\" content=\"summary_large_image\" \/>\n<meta name=\"twitter:label1\" content=\"Dur\u00e9e de lecture estim\u00e9e\" \/>\n\t<meta name=\"twitter:data1\" content=\"3 minutes\" \/>\n<script type=\"application\/ld+json\" class=\"yoast-schema-graph\">{\"@context\":\"https:\/\/schema.org\",\"@graph\":[{\"@type\":\"WebPage\",\"@id\":\"https:\/\/thomas-ufkes.com\/fr\/confidentialite\/\",\"url\":\"https:\/\/thomas-ufkes.com\/fr\/confidentialite\/\",\"name\":\"Confidentialit\u00e9 - Thomas &amp; Ufkes\",\"isPartOf\":{\"@id\":\"https:\/\/thomas-ufkes.com\/fr\/#website\"},\"datePublished\":\"2020-01-06T14:50:32+00:00\",\"dateModified\":\"2025-10-23T13:48:36+00:00\",\"breadcrumb\":{\"@id\":\"https:\/\/thomas-ufkes.com\/fr\/confidentialite\/#breadcrumb\"},\"inLanguage\":\"fr-FR\",\"potentialAction\":[{\"@type\":\"ReadAction\",\"target\":[\"https:\/\/thomas-ufkes.com\/fr\/confidentialite\/\"]}]},{\"@type\":\"BreadcrumbList\",\"@id\":\"https:\/\/thomas-ufkes.com\/fr\/confidentialite\/#breadcrumb\",\"itemListElement\":[{\"@type\":\"ListItem\",\"position\":1,\"name\":\"Home\",\"item\":\"https:\/\/thomas-ufkes.com\/fr\/home\/\"},{\"@type\":\"ListItem\",\"position\":2,\"name\":\"Confidentialit\u00e9\"}]},{\"@type\":\"WebSite\",\"@id\":\"https:\/\/thomas-ufkes.com\/fr\/#website\",\"url\":\"https:\/\/thomas-ufkes.com\/fr\/\",\"name\":\"Thomas &amp; Ufkes\",\"description\":\"\",\"publisher\":{\"@id\":\"https:\/\/thomas-ufkes.com\/fr\/#organization\"},\"potentialAction\":[{\"@type\":\"SearchAction\",\"target\":{\"@type\":\"EntryPoint\",\"urlTemplate\":\"https:\/\/thomas-ufkes.com\/fr\/?s={search_term_string}\"},\"query-input\":{\"@type\":\"PropertyValueSpecification\",\"valueRequired\":true,\"valueName\":\"search_term_string\"}}],\"inLanguage\":\"fr-FR\"},{\"@type\":\"Organization\",\"@id\":\"https:\/\/thomas-ufkes.com\/fr\/#organization\",\"name\":\"Thomas &amp; Ufkes\",\"url\":\"https:\/\/thomas-ufkes.com\/fr\/\",\"logo\":{\"@type\":\"ImageObject\",\"inLanguage\":\"fr-FR\",\"@id\":\"https:\/\/thomas-ufkes.com\/fr\/#\/schema\/logo\/image\/\",\"url\":\"https:\/\/thomas-ufkes.com\/wp-content\/uploads\/2022\/07\/Website-hoofding-1-e1767694075143.png\",\"contentUrl\":\"https:\/\/thomas-ufkes.com\/wp-content\/uploads\/2022\/07\/Website-hoofding-1-e1767694075143.png\",\"width\":233,\"height\":100,\"caption\":\"Thomas &amp; Ufkes\"},\"image\":{\"@id\":\"https:\/\/thomas-ufkes.com\/fr\/#\/schema\/logo\/image\/\"}}]}<\/script>\n<!-- \/ Yoast SEO plugin. -->","yoast_head_json":{"title":"Confidentialit\u00e9 - Thomas &amp; Ufkes","robots":{"index":"index","follow":"follow","max-snippet":"max-snippet:-1","max-image-preview":"max-image-preview:large","max-video-preview":"max-video-preview:-1"},"canonical":"https:\/\/thomas-ufkes.com\/fr\/confidentialite\/","og_locale":"fr_FR","og_type":"article","og_title":"Confidentialit\u00e9 - Thomas &amp; Ufkes","og_description":"Politique de confidentialit\u00e9 Thomas Hoogwerkers BV traite les donn\u00e9es personnelles conform\u00e9ment \u00e0 cette d\u00e9claration de confidentialit\u00e9. Pour toute information, question ou remarque concernant notre politique de confidentialit\u00e9, vous pouvez contacter le responsable de la protection des donn\u00e9es \u00e0 l&rsquo;adresse suivante : info@thomas-hoogwerkers.be. Finalit\u00e9s du traitement Thomas Hoogwerkers collecte et traite les donn\u00e9es personnelles suivantes : [&hellip;]","og_url":"https:\/\/thomas-ufkes.com\/fr\/confidentialite\/","og_site_name":"Thomas &amp; Ufkes","article_modified_time":"2025-10-23T13:48:36+00:00","twitter_card":"summary_large_image","twitter_misc":{"Dur\u00e9e de lecture estim\u00e9e":"3 minutes"},"schema":{"@context":"https:\/\/schema.org","@graph":[{"@type":"WebPage","@id":"https:\/\/thomas-ufkes.com\/fr\/confidentialite\/","url":"https:\/\/thomas-ufkes.com\/fr\/confidentialite\/","name":"Confidentialit\u00e9 - Thomas &amp; Ufkes","isPartOf":{"@id":"https:\/\/thomas-ufkes.com\/fr\/#website"},"datePublished":"2020-01-06T14:50:32+00:00","dateModified":"2025-10-23T13:48:36+00:00","breadcrumb":{"@id":"https:\/\/thomas-ufkes.com\/fr\/confidentialite\/#breadcrumb"},"inLanguage":"fr-FR","potentialAction":[{"@type":"ReadAction","target":["https:\/\/thomas-ufkes.com\/fr\/confidentialite\/"]}]},{"@type":"BreadcrumbList","@id":"https:\/\/thomas-ufkes.com\/fr\/confidentialite\/#breadcrumb","itemListElement":[{"@type":"ListItem","position":1,"name":"Home","item":"https:\/\/thomas-ufkes.com\/fr\/home\/"},{"@type":"ListItem","position":2,"name":"Confidentialit\u00e9"}]},{"@type":"WebSite","@id":"https:\/\/thomas-ufkes.com\/fr\/#website","url":"https:\/\/thomas-ufkes.com\/fr\/","name":"Thomas &amp; Ufkes","description":"","publisher":{"@id":"https:\/\/thomas-ufkes.com\/fr\/#organization"},"potentialAction":[{"@type":"SearchAction","target":{"@type":"EntryPoint","urlTemplate":"https:\/\/thomas-ufkes.com\/fr\/?s={search_term_string}"},"query-input":{"@type":"PropertyValueSpecification","valueRequired":true,"valueName":"search_term_string"}}],"inLanguage":"fr-FR"},{"@type":"Organization","@id":"https:\/\/thomas-ufkes.com\/fr\/#organization","name":"Thomas &amp; Ufkes","url":"https:\/\/thomas-ufkes.com\/fr\/","logo":{"@type":"ImageObject","inLanguage":"fr-FR","@id":"https:\/\/thomas-ufkes.com\/fr\/#\/schema\/logo\/image\/","url":"https:\/\/thomas-ufkes.com\/wp-content\/uploads\/2022\/07\/Website-hoofding-1-e1767694075143.png","contentUrl":"https:\/\/thomas-ufkes.com\/wp-content\/uploads\/2022\/07\/Website-hoofding-1-e1767694075143.png","width":233,"height":100,"caption":"Thomas &amp; Ufkes"},"image":{"@id":"https:\/\/thomas-ufkes.com\/fr\/#\/schema\/logo\/image\/"}}]}},"_links":{"self":[{"href":"https:\/\/thomas-ufkes.com\/fr\/wp-json\/wp\/v2\/pages\/3696","targetHints":{"allow":["GET"]}}],"collection":[{"href":"https:\/\/thomas-ufkes.com\/fr\/wp-json\/wp\/v2\/pages"}],"about":[{"href":"https:\/\/thomas-ufkes.com\/fr\/wp-json\/wp\/v2\/types\/page"}],"author":[{"embeddable":true,"href":"https:\/\/thomas-ufkes.com\/fr\/wp-json\/wp\/v2\/users\/4"}],"replies":[{"embeddable":true,"href":"https:\/\/thomas-ufkes.com\/fr\/wp-json\/wp\/v2\/comments?post=3696"}],"version-history":[{"count":4,"href":"https:\/\/thomas-ufkes.com\/fr\/wp-json\/wp\/v2\/pages\/3696\/revisions"}],"predecessor-version":[{"id":5370,"href":"https:\/\/thomas-ufkes.com\/fr\/wp-json\/wp\/v2\/pages\/3696\/revisions\/5370"}],"wp:attachment":[{"href":"https:\/\/thomas-ufkes.com\/fr\/wp-json\/wp\/v2\/media?parent=3696"}],"curies":[{"name":"wp","href":"https:\/\/api.w.org\/{rel}","templated":true}]}}