{"id":6406,"date":"2026-03-02T08:11:48","date_gmt":"2026-03-02T07:11:48","guid":{"rendered":"https:\/\/thomas-ufkes.be\/salons\/"},"modified":"2026-04-14T12:56:55","modified_gmt":"2026-04-14T11:56:55","slug":"salons","status":"publish","type":"page","link":"https:\/\/thomas-ufkes.com\/fr\/salons\/","title":{"rendered":"Salons"},"content":{"rendered":"\t\t<div data-elementor-type=\"wp-page\" data-elementor-id=\"6406\" class=\"elementor elementor-6406 elementor-5244\" data-elementor-post-type=\"page\">\n\t\t\t\t<div class=\"elementor-element elementor-element-1200bf8 e-con-full e-flex e-con e-parent\" data-id=\"1200bf8\" data-element_type=\"container\" data-settings=\"{&quot;background_background&quot;:&quot;classic&quot;}\">\n\t\t\t\t<div class=\"elementor-element elementor-element-51ae665 elementor-widget elementor-widget-heading\" data-id=\"51ae665\" data-element_type=\"widget\" data-widget_type=\"heading.default\">\n\t\t\t\t<div class=\"elementor-widget-container\">\n\t\t\t\t\t<h2 class=\"elementor-heading-title elementor-size-default\">Salons<\/h2>\t\t\t\t<\/div>\n\t\t\t\t<\/div>\n\t\t\t\t<\/div>\n\t\t<div class=\"elementor-element elementor-element-6d1a872 e-flex e-con-boxed e-con e-parent\" data-id=\"6d1a872\" data-element_type=\"container\">\n\t\t\t\t\t<div class=\"e-con-inner\">\n\t\t\t\t<div class=\"elementor-element elementor-element-3ca5886 elementor-widget elementor-widget-heading\" data-id=\"3ca5886\" data-element_type=\"widget\" data-widget_type=\"heading.default\">\n\t\t\t\t<div class=\"elementor-widget-container\">\n\t\t\t\t\t<h2 class=\"elementor-heading-title elementor-size-default\">Salons<\/h2>\t\t\t\t<\/div>\n\t\t\t\t<\/div>\n\t\t\t\t<div class=\"elementor-element elementor-element-623853e elementor-widget elementor-widget-text-editor\" data-id=\"623853e\" data-element_type=\"widget\" data-widget_type=\"text-editor.default\">\n\t\t\t\t<div class=\"elementor-widget-container\">\n\t\t\t\t\t\t\t\t\t<p>Nous serons peut-\u00eatre bient\u00f4t dans votre r\u00e9gion ! D\u00e9couvrez ici les salons auxquels nous participons. <\/p>\t\t\t\t\t\t\t\t<\/div>\n\t\t\t\t<\/div>\n\t\t\t\t\t<\/div>\n\t\t\t\t<\/div>\n\t\t<div class=\"elementor-element elementor-element-a1c4d0d e-flex e-con-boxed e-con e-parent\" data-id=\"a1c4d0d\" data-element_type=\"container\" data-settings=\"{&quot;background_background&quot;:&quot;classic&quot;}\">\n\t\t\t\t\t<div class=\"e-con-inner\">\n\t\t<div class=\"elementor-element elementor-element-04793ee e-con-full e-flex e-con e-child\" data-id=\"04793ee\" data-element_type=\"container\">\n\t\t\t\t<div class=\"elementor-element elementor-element-b937243 elementor-widget elementor-widget-text-editor\" data-id=\"b937243\" data-element_type=\"widget\" data-widget_type=\"text-editor.default\">\n\t\t\t\t<div class=\"elementor-widget-container\">\n\t\t\t\t\t\t\t\t\t<p><strong><a href=\"https:\/\/www.forst-live.de\/en\" target=\"_blank\" rel=\"noopener\"><span style=\"color: #c10a27;\">Forst Live<\/span><\/a><\/strong><\/p>\t\t\t\t\t\t\t\t<\/div>\n\t\t\t\t<\/div>\n\t\t\t\t<\/div>\n\t\t<div class=\"elementor-element elementor-element-3fe93f0 e-con-full e-flex e-con e-child\" data-id=\"3fe93f0\" data-element_type=\"container\">\n\t\t\t\t<div class=\"elementor-element elementor-element-0aeecb1 elementor-widget elementor-widget-text-editor\" data-id=\"0aeecb1\" data-element_type=\"widget\" data-widget_type=\"text-editor.default\">\n\t\t\t\t<div class=\"elementor-widget-container\">\n\t\t\t\t\t\t\t\t\t<p><strong>27 &#8211; 29 mars 2026<\/strong><\/p>\t\t\t\t\t\t\t\t<\/div>\n\t\t\t\t<\/div>\n\t\t\t\t<\/div>\n\t\t<div class=\"elementor-element elementor-element-4df2f8f e-con-full e-flex e-con e-child\" data-id=\"4df2f8f\" data-element_type=\"container\">\n\t\t\t\t<div class=\"elementor-element elementor-element-f93e577 elementor-widget elementor-widget-text-editor\" data-id=\"f93e577\" data-element_type=\"widget\" data-widget_type=\"text-editor.default\">\n\t\t\t\t<div class=\"elementor-widget-container\">\n\t\t\t\t\t\t\t\t\t<p>Allemagne, Offenburg<\/p>\t\t\t\t\t\t\t\t<\/div>\n\t\t\t\t<\/div>\n\t\t\t\t<\/div>\n\t\t<div class=\"elementor-element elementor-element-2827db3 e-con-full e-flex e-con e-child\" data-id=\"2827db3\" data-element_type=\"container\">\n\t\t\t\t<div class=\"elementor-element elementor-element-9c63c69 elementor-widget elementor-widget-text-editor\" data-id=\"9c63c69\" data-element_type=\"widget\" data-widget_type=\"text-editor.default\">\n\t\t\t\t<div class=\"elementor-widget-container\">\n\t\t\t\t\t\t\t\t\t<p>N216<\/p>\t\t\t\t\t\t\t\t<\/div>\n\t\t\t\t<\/div>\n\t\t\t\t<\/div>\n\t\t\t\t\t<\/div>\n\t\t\t\t<\/div>\n\t\t<div class=\"elementor-element elementor-element-b2ebcaf e-flex e-con-boxed e-con e-parent\" data-id=\"b2ebcaf\" data-element_type=\"container\" data-settings=\"{&quot;background_background&quot;:&quot;classic&quot;}\">\n\t\t\t\t\t<div class=\"e-con-inner\">\n\t\t<div class=\"elementor-element elementor-element-411684b e-con-full e-flex e-con e-child\" data-id=\"411684b\" data-element_type=\"container\">\n\t\t\t\t<div class=\"elementor-element elementor-element-db0bc85 elementor-widget elementor-widget-text-editor\" data-id=\"db0bc85\" data-element_type=\"widget\" data-widget_type=\"text-editor.default\">\n\t\t\t\t<div class=\"elementor-widget-container\">\n\t\t\t\t\t\t\t\t\t<p><strong><span style=\"color: #c10a27;\"><a href=\"https:\/\/demoforest.be\">Demo Forest<\/a><\/span><\/strong><\/p>\t\t\t\t\t\t\t\t<\/div>\n\t\t\t\t<\/div>\n\t\t\t\t<\/div>\n\t\t<div class=\"elementor-element elementor-element-73e997d e-con-full e-flex e-con e-child\" data-id=\"73e997d\" data-element_type=\"container\">\n\t\t\t\t<div class=\"elementor-element elementor-element-26a96b1 elementor-widget elementor-widget-text-editor\" data-id=\"26a96b1\" data-element_type=\"widget\" data-widget_type=\"text-editor.default\">\n\t\t\t\t<div class=\"elementor-widget-container\">\n\t\t\t\t\t\t\t\t\t<p><strong>28 &#8211; 29 Juillet 2026<\/strong><\/p>\t\t\t\t\t\t\t\t<\/div>\n\t\t\t\t<\/div>\n\t\t\t\t<\/div>\n\t\t<div class=\"elementor-element elementor-element-a1dfbc5 e-con-full e-flex e-con e-child\" data-id=\"a1dfbc5\" data-element_type=\"container\">\n\t\t\t\t<div class=\"elementor-element elementor-element-f1eb293 elementor-widget elementor-widget-text-editor\" data-id=\"f1eb293\" data-element_type=\"widget\" data-widget_type=\"text-editor.default\">\n\t\t\t\t<div class=\"elementor-widget-container\">\n\t\t\t\t\t\t\t\t\t<p>Belgique, Libramont<\/p>\t\t\t\t\t\t\t\t<\/div>\n\t\t\t\t<\/div>\n\t\t\t\t<\/div>\n\t\t<div class=\"elementor-element elementor-element-f2a3cf4 e-con-full e-flex e-con e-child\" data-id=\"f2a3cf4\" data-element_type=\"container\">\n\t\t\t\t<\/div>\n\t\t\t\t\t<\/div>\n\t\t\t\t<\/div>\n\t\t<div class=\"elementor-element elementor-element-9a54b1c e-flex e-con-boxed e-con e-parent\" data-id=\"9a54b1c\" data-element_type=\"container\">\n\t\t\t\t\t<div class=\"e-con-inner\">\n\t\t\t\t<div class=\"elementor-element elementor-element-d52e4b8 elementor-widget elementor-widget-spacer\" data-id=\"d52e4b8\" data-element_type=\"widget\" data-widget_type=\"spacer.default\">\n\t\t\t\t<div class=\"elementor-widget-container\">\n\t\t\t\t\t\t\t<div class=\"elementor-spacer\">\n\t\t\t<div class=\"elementor-spacer-inner\"><\/div>\n\t\t<\/div>\n\t\t\t\t\t\t<\/div>\n\t\t\t\t<\/div>\n\t\t\t\t<div class=\"elementor-element elementor-element-9a45fc7 elementor-widget elementor-widget-heading\" data-id=\"9a45fc7\" data-element_type=\"widget\" data-widget_type=\"heading.default\">\n\t\t\t\t<div class=\"elementor-widget-container\">\n\t\t\t\t\t<h2 class=\"elementor-heading-title elementor-size-default\">Pr\u00e9f\u00e9rez-vous planifier une visite?<\/h2>\t\t\t\t<\/div>\n\t\t\t\t<\/div>\n\t\t\t\t<div class=\"elementor-element elementor-element-73185ba elementor-widget elementor-widget-text-editor\" data-id=\"73185ba\" data-element_type=\"widget\" data-widget_type=\"text-editor.default\">\n\t\t\t\t<div class=\"elementor-widget-container\">\n\t\t\t\t\t\t\t\t\t<p>Souhaitez-vous d\u00e9couvrir nos machines de pr\u00e8s ? Vous \u00eates toujours le bienvenu dans notre atelier \u00e0 Merchtem ! Contactez-nous et d\u00e9couvrez ce que nous pouvons faire pour vous.  <\/p>\t\t\t\t\t\t\t\t<\/div>\n\t\t\t\t<\/div>\n\t\t\t\t<div class=\"elementor-element elementor-element-1aeb748 elementor-widget elementor-widget-button\" data-id=\"1aeb748\" data-element_type=\"widget\" data-settings=\"{&quot;_animation&quot;:&quot;none&quot;}\" data-widget_type=\"button.default\">\n\t\t\t\t<div class=\"elementor-widget-container\">\n\t\t\t\t\t\t\t\t\t<div class=\"elementor-button-wrapper\">\n\t\t\t\t\t<a class=\"elementor-button elementor-button-link elementor-size-sm\" href=\"https:\/\/thomas-ufkes.com\/fr\/contact\/\">\n\t\t\t\t\t\t<span class=\"elementor-button-content-wrapper\">\n\t\t\t\t\t\t\t\t\t<span class=\"elementor-button-text\">Contactez-nous<\/span>\n\t\t\t\t\t<\/span>\n\t\t\t\t\t<\/a>\n\t\t\t\t<\/div>\n\t\t\t\t\t\t\t\t<\/div>\n\t\t\t\t<\/div>\n\t\t\t\t<div class=\"elementor-element elementor-element-ba741ab elementor-widget elementor-widget-spacer\" data-id=\"ba741ab\" data-element_type=\"widget\" data-widget_type=\"spacer.default\">\n\t\t\t\t<div class=\"elementor-widget-container\">\n\t\t\t\t\t\t\t<div class=\"elementor-spacer\">\n\t\t\t<div class=\"elementor-spacer-inner\"><\/div>\n\t\t<\/div>\n\t\t\t\t\t\t<\/div>\n\t\t\t\t<\/div>\n\t\t\t\t\t<\/div>\n\t\t\t\t<\/div>\n\t\t\t\t<\/div>\n\t\t","protected":false},"excerpt":{"rendered":"<p>Salons Salons Nous serons peut-\u00eatre bient\u00f4t dans votre r\u00e9gion ! D\u00e9couvrez ici les salons auxquels nous participons. Forst Live 27 &#8211; 29 mars 2026 Allemagne, Offenburg N216 Demo Forest 28 &#8211; 29 Juillet 2026 Belgique, Libramont Pr\u00e9f\u00e9rez-vous planifier une visite? Souhaitez-vous d\u00e9couvrir nos machines de pr\u00e8s ? Vous \u00eates toujours le bienvenu dans notre atelier [&hellip;]<\/p>\n","protected":false},"author":5,"featured_media":2792,"parent":0,"menu_order":0,"comment_status":"closed","ping_status":"closed","template":"","meta":{"footnotes":""},"class_list":["post-6406","page","type-page","status-publish","has-post-thumbnail","hentry"],"yoast_head":"<!-- This site is optimized with the Yoast SEO plugin v26.8 - https:\/\/yoast.com\/product\/yoast-seo-wordpress\/ -->\n<title>Salons | Thomas &amp; Ufkes<\/title>\n<meta name=\"description\" content=\"\u00cates-vous curieux de savoir sur quels salons vous pourrez bient\u00f4t nous rencontrer ? D\u00e9couvrez-le ici et voyez o\u00f9 vous pouvez nous trouver.\" \/>\n<meta name=\"robots\" content=\"index, follow, max-snippet:-1, max-image-preview:large, max-video-preview:-1\" \/>\n<link rel=\"canonical\" href=\"https:\/\/thomas-ufkes.com\/fr\/salons\/\" \/>\n<meta property=\"og:locale\" content=\"fr_FR\" \/>\n<meta property=\"og:type\" content=\"article\" \/>\n<meta property=\"og:title\" content=\"Salons | Thomas &amp; Ufkes\" \/>\n<meta property=\"og:description\" content=\"\u00cates-vous curieux de savoir sur quels salons vous pourrez bient\u00f4t nous rencontrer ? D\u00e9couvrez-le ici et voyez o\u00f9 vous pouvez nous trouver.\" \/>\n<meta property=\"og:url\" content=\"https:\/\/thomas-ufkes.com\/fr\/salons\/\" \/>\n<meta property=\"og:site_name\" content=\"Thomas &amp; Ufkes\" \/>\n<meta property=\"article:modified_time\" content=\"2026-04-14T11:56:55+00:00\" \/>\n<meta property=\"og:image\" content=\"https:\/\/thomas-ufkes.com\/wp-content\/uploads\/2024\/07\/453509815_937423741731526_9061552001953544503_n.jpg\" \/>\n\t<meta property=\"og:image:width\" content=\"2048\" \/>\n\t<meta property=\"og:image:height\" content=\"1365\" \/>\n\t<meta property=\"og:image:type\" content=\"image\/jpeg\" \/>\n<meta name=\"twitter:card\" content=\"summary_large_image\" \/>\n<script type=\"application\/ld+json\" class=\"yoast-schema-graph\">{\"@context\":\"https:\/\/schema.org\",\"@graph\":[{\"@type\":\"WebPage\",\"@id\":\"https:\/\/thomas-ufkes.com\/fr\/salons\/\",\"url\":\"https:\/\/thomas-ufkes.com\/fr\/salons\/\",\"name\":\"Salons | Thomas & Ufkes\",\"isPartOf\":{\"@id\":\"https:\/\/thomas-ufkes.com\/fr\/#website\"},\"primaryImageOfPage\":{\"@id\":\"https:\/\/thomas-ufkes.com\/fr\/salons\/#primaryimage\"},\"image\":{\"@id\":\"https:\/\/thomas-ufkes.com\/fr\/salons\/#primaryimage\"},\"thumbnailUrl\":\"https:\/\/thomas-ufkes.com\/wp-content\/uploads\/2024\/07\/453509815_937423741731526_9061552001953544503_n.jpg\",\"datePublished\":\"2026-03-02T07:11:48+00:00\",\"dateModified\":\"2026-04-14T11:56:55+00:00\",\"description\":\"\u00cates-vous curieux de savoir sur quels salons vous pourrez bient\u00f4t nous rencontrer ? D\u00e9couvrez-le ici et voyez o\u00f9 vous pouvez nous trouver.\",\"breadcrumb\":{\"@id\":\"https:\/\/thomas-ufkes.com\/fr\/salons\/#breadcrumb\"},\"inLanguage\":\"fr-FR\",\"potentialAction\":[{\"@type\":\"ReadAction\",\"target\":[\"https:\/\/thomas-ufkes.com\/fr\/salons\/\"]}]},{\"@type\":\"ImageObject\",\"inLanguage\":\"fr-FR\",\"@id\":\"https:\/\/thomas-ufkes.com\/fr\/salons\/#primaryimage\",\"url\":\"https:\/\/thomas-ufkes.com\/wp-content\/uploads\/2024\/07\/453509815_937423741731526_9061552001953544503_n.jpg\",\"contentUrl\":\"https:\/\/thomas-ufkes.com\/wp-content\/uploads\/2024\/07\/453509815_937423741731526_9061552001953544503_n.jpg\",\"width\":2048,\"height\":1365},{\"@type\":\"BreadcrumbList\",\"@id\":\"https:\/\/thomas-ufkes.com\/fr\/salons\/#breadcrumb\",\"itemListElement\":[{\"@type\":\"ListItem\",\"position\":1,\"name\":\"Home\",\"item\":\"https:\/\/thomas-ufkes.com\/fr\/home\/\"},{\"@type\":\"ListItem\",\"position\":2,\"name\":\"Salons\"}]},{\"@type\":\"WebSite\",\"@id\":\"https:\/\/thomas-ufkes.com\/fr\/#website\",\"url\":\"https:\/\/thomas-ufkes.com\/fr\/\",\"name\":\"Thomas &amp; Ufkes\",\"description\":\"\",\"publisher\":{\"@id\":\"https:\/\/thomas-ufkes.com\/fr\/#organization\"},\"potentialAction\":[{\"@type\":\"SearchAction\",\"target\":{\"@type\":\"EntryPoint\",\"urlTemplate\":\"https:\/\/thomas-ufkes.com\/fr\/?s={search_term_string}\"},\"query-input\":{\"@type\":\"PropertyValueSpecification\",\"valueRequired\":true,\"valueName\":\"search_term_string\"}}],\"inLanguage\":\"fr-FR\"},{\"@type\":\"Organization\",\"@id\":\"https:\/\/thomas-ufkes.com\/fr\/#organization\",\"name\":\"Thomas &amp; Ufkes\",\"url\":\"https:\/\/thomas-ufkes.com\/fr\/\",\"logo\":{\"@type\":\"ImageObject\",\"inLanguage\":\"fr-FR\",\"@id\":\"https:\/\/thomas-ufkes.com\/fr\/#\/schema\/logo\/image\/\",\"url\":\"https:\/\/thomas-ufkes.com\/wp-content\/uploads\/2022\/07\/Website-hoofding-1-e1767694075143.png\",\"contentUrl\":\"https:\/\/thomas-ufkes.com\/wp-content\/uploads\/2022\/07\/Website-hoofding-1-e1767694075143.png\",\"width\":233,\"height\":100,\"caption\":\"Thomas &amp; Ufkes\"},\"image\":{\"@id\":\"https:\/\/thomas-ufkes.com\/fr\/#\/schema\/logo\/image\/\"}}]}<\/script>\n<!-- \/ Yoast SEO plugin. -->","yoast_head_json":{"title":"Salons | Thomas & Ufkes","description":"\u00cates-vous curieux de savoir sur quels salons vous pourrez bient\u00f4t nous rencontrer ? D\u00e9couvrez-le ici et voyez o\u00f9 vous pouvez nous trouver.","robots":{"index":"index","follow":"follow","max-snippet":"max-snippet:-1","max-image-preview":"max-image-preview:large","max-video-preview":"max-video-preview:-1"},"canonical":"https:\/\/thomas-ufkes.com\/fr\/salons\/","og_locale":"fr_FR","og_type":"article","og_title":"Salons | Thomas & Ufkes","og_description":"\u00cates-vous curieux de savoir sur quels salons vous pourrez bient\u00f4t nous rencontrer ? D\u00e9couvrez-le ici et voyez o\u00f9 vous pouvez nous trouver.","og_url":"https:\/\/thomas-ufkes.com\/fr\/salons\/","og_site_name":"Thomas &amp; Ufkes","article_modified_time":"2026-04-14T11:56:55+00:00","og_image":[{"width":2048,"height":1365,"url":"https:\/\/thomas-ufkes.com\/wp-content\/uploads\/2024\/07\/453509815_937423741731526_9061552001953544503_n.jpg","type":"image\/jpeg"}],"twitter_card":"summary_large_image","schema":{"@context":"https:\/\/schema.org","@graph":[{"@type":"WebPage","@id":"https:\/\/thomas-ufkes.com\/fr\/salons\/","url":"https:\/\/thomas-ufkes.com\/fr\/salons\/","name":"Salons | Thomas & Ufkes","isPartOf":{"@id":"https:\/\/thomas-ufkes.com\/fr\/#website"},"primaryImageOfPage":{"@id":"https:\/\/thomas-ufkes.com\/fr\/salons\/#primaryimage"},"image":{"@id":"https:\/\/thomas-ufkes.com\/fr\/salons\/#primaryimage"},"thumbnailUrl":"https:\/\/thomas-ufkes.com\/wp-content\/uploads\/2024\/07\/453509815_937423741731526_9061552001953544503_n.jpg","datePublished":"2026-03-02T07:11:48+00:00","dateModified":"2026-04-14T11:56:55+00:00","description":"\u00cates-vous curieux de savoir sur quels salons vous pourrez bient\u00f4t nous rencontrer ? D\u00e9couvrez-le ici et voyez o\u00f9 vous pouvez nous trouver.","breadcrumb":{"@id":"https:\/\/thomas-ufkes.com\/fr\/salons\/#breadcrumb"},"inLanguage":"fr-FR","potentialAction":[{"@type":"ReadAction","target":["https:\/\/thomas-ufkes.com\/fr\/salons\/"]}]},{"@type":"ImageObject","inLanguage":"fr-FR","@id":"https:\/\/thomas-ufkes.com\/fr\/salons\/#primaryimage","url":"https:\/\/thomas-ufkes.com\/wp-content\/uploads\/2024\/07\/453509815_937423741731526_9061552001953544503_n.jpg","contentUrl":"https:\/\/thomas-ufkes.com\/wp-content\/uploads\/2024\/07\/453509815_937423741731526_9061552001953544503_n.jpg","width":2048,"height":1365},{"@type":"BreadcrumbList","@id":"https:\/\/thomas-ufkes.com\/fr\/salons\/#breadcrumb","itemListElement":[{"@type":"ListItem","position":1,"name":"Home","item":"https:\/\/thomas-ufkes.com\/fr\/home\/"},{"@type":"ListItem","position":2,"name":"Salons"}]},{"@type":"WebSite","@id":"https:\/\/thomas-ufkes.com\/fr\/#website","url":"https:\/\/thomas-ufkes.com\/fr\/","name":"Thomas &amp; Ufkes","description":"","publisher":{"@id":"https:\/\/thomas-ufkes.com\/fr\/#organization"},"potentialAction":[{"@type":"SearchAction","target":{"@type":"EntryPoint","urlTemplate":"https:\/\/thomas-ufkes.com\/fr\/?s={search_term_string}"},"query-input":{"@type":"PropertyValueSpecification","valueRequired":true,"valueName":"search_term_string"}}],"inLanguage":"fr-FR"},{"@type":"Organization","@id":"https:\/\/thomas-ufkes.com\/fr\/#organization","name":"Thomas &amp; Ufkes","url":"https:\/\/thomas-ufkes.com\/fr\/","logo":{"@type":"ImageObject","inLanguage":"fr-FR","@id":"https:\/\/thomas-ufkes.com\/fr\/#\/schema\/logo\/image\/","url":"https:\/\/thomas-ufkes.com\/wp-content\/uploads\/2022\/07\/Website-hoofding-1-e1767694075143.png","contentUrl":"https:\/\/thomas-ufkes.com\/wp-content\/uploads\/2022\/07\/Website-hoofding-1-e1767694075143.png","width":233,"height":100,"caption":"Thomas &amp; Ufkes"},"image":{"@id":"https:\/\/thomas-ufkes.com\/fr\/#\/schema\/logo\/image\/"}}]}},"_links":{"self":[{"href":"https:\/\/thomas-ufkes.com\/fr\/wp-json\/wp\/v2\/pages\/6406","targetHints":{"allow":["GET"]}}],"collection":[{"href":"https:\/\/thomas-ufkes.com\/fr\/wp-json\/wp\/v2\/pages"}],"about":[{"href":"https:\/\/thomas-ufkes.com\/fr\/wp-json\/wp\/v2\/types\/page"}],"author":[{"embeddable":true,"href":"https:\/\/thomas-ufkes.com\/fr\/wp-json\/wp\/v2\/users\/5"}],"replies":[{"embeddable":true,"href":"https:\/\/thomas-ufkes.com\/fr\/wp-json\/wp\/v2\/comments?post=6406"}],"version-history":[{"count":7,"href":"https:\/\/thomas-ufkes.com\/fr\/wp-json\/wp\/v2\/pages\/6406\/revisions"}],"predecessor-version":[{"id":6666,"href":"https:\/\/thomas-ufkes.com\/fr\/wp-json\/wp\/v2\/pages\/6406\/revisions\/6666"}],"wp:featuredmedia":[{"embeddable":true,"href":"https:\/\/thomas-ufkes.com\/fr\/wp-json\/wp\/v2\/media\/2792"}],"wp:attachment":[{"href":"https:\/\/thomas-ufkes.com\/fr\/wp-json\/wp\/v2\/media?parent=6406"}],"curies":[{"name":"wp","href":"https:\/\/api.w.org\/{rel}","templated":true}]}}